{"id":50321,"date":"2024-04-18T10:53:56","date_gmt":"2024-09-13T08:59:08","guid":{"rendered":"https:\/\/staging.nbg.eu\/product\/blue-force-gear-gmt-sling\/"},"modified":"2024-09-13T09:00:00","modified_gmt":"2024-09-13T09:00:00","slug":"blue-force-gear-gmt-hihna","status":"publish","type":"product","link":"https:\/\/staging.nbg.eu\/fi\/tuote\/blue-force-gear-gmt-hihna\/","title":{"rendered":"Blue Force Gear GMT Hihna"},"content":{"rendered":"<h2>Blue Force Gear GMT -hihna<\/h2>\n<p>Blue Force Gear GMT -hihna parantaa taktista varustusta. T\u00e4m\u00e4 malli korjaa perinteisten h\u00e4nt\u00e4hihnojen puutteita tarjoamalla parempaa mukavuutta ja toiminnallisuutta.<\/p>\n<h2>T\u00e4rkeimm\u00e4t ominaisuudet:<\/h2>\n<ul>\n<li>Mukautettu kaksoislukkosoljellinen liit\u00e4nt\u00e4, valmistettu kest\u00e4v\u00e4st\u00e4, ruostumattomasta lasivahvisteisesta nailonista<\/li>\n<li>Erityinen v\u00e4rj\u00e4tty CORDURA\u00ae nailonkudos mukavuuden lis\u00e4\u00e4miseksi ja takertumisen v\u00e4hent\u00e4miseksi<\/li>\n<li>Helppo s\u00e4\u00e4t\u00e4\u00e4: Kirist\u00e4 vet\u00e4m\u00e4ll\u00e4 h\u00e4nn\u00e4st\u00e4, l\u00f6ys\u00e4\u00e4 tarttumalla py\u00f6re\u00e4\u00e4n vapautuspainikkeeseen<\/li>\n<li>Ommeltu pys\u00e4ytin h\u00e4nn\u00e4n p\u00e4\u00e4ss\u00e4 est\u00e4\u00e4 aseen tahattoman irtoamisen<\/li>\n<\/ul>\n<h2>Tekniset tiedot:<\/h2>\n<ul>\n<li>Saatavana 1&#8243; ja 1,25&#8243; kudosleveyksin\u00e4<\/li>\n<li>Yhteensopiva erilaisten aseiden kanssa, kevyist\u00e4 kiv\u00e4\u00e4reist\u00e4 haulikoihin<\/li>\n<li>Pituus: 34&#8243; &#8211; 64&#8243;<\/li>\n<li>Laitteisto: Lasivahvisteinen DuPont Zytel\u00ae Nailon<\/li>\n<\/ul>\n<p>GMT-hihna edustaa taktisten hihnaj\u00e4rjestelmien seuraavaa kehitysvaihetta.<\/p>\n","protected":false},"excerpt":{"rendered":"<p>Innovatiivinen taktinen hihna ruostumattomalla s\u00e4\u00e4timell\u00e4 ja mukavalla nauhakudoksella.<\/p>\n","protected":false},"featured_media":50322,"template":"","meta":{"_acf_changed":false},"product_brand":[11127],"product_cat":[13188,13192],"product_tag":[],"class_list":{"0":"post-50321","1":"product","2":"type-product","3":"status-publish","4":"has-post-thumbnail","6":"product_brand-blue-force-gear","7":"product_cat-hihnat","8":"product_cat-varusteet","10":"first","11":"instock","12":"taxable","13":"shipping-taxable","14":"purchasable","15":"product-type-variable","16":"wvs-archive-product-wrapper"},"acf":[],"_links":{"self":[{"href":"https:\/\/staging.nbg.eu\/fi\/wp-json\/wp\/v2\/product\/50321","targetHints":{"allow":["GET"]}}],"collection":[{"href":"https:\/\/staging.nbg.eu\/fi\/wp-json\/wp\/v2\/product"}],"about":[{"href":"https:\/\/staging.nbg.eu\/fi\/wp-json\/wp\/v2\/types\/product"}],"wp:featuredmedia":[{"embeddable":true,"href":"https:\/\/staging.nbg.eu\/fi\/wp-json\/wp\/v2\/media\/50322"}],"wp:attachment":[{"href":"https:\/\/staging.nbg.eu\/fi\/wp-json\/wp\/v2\/media?parent=50321"}],"wp:term":[{"taxonomy":"product_brand","embeddable":true,"href":"https:\/\/staging.nbg.eu\/fi\/wp-json\/wp\/v2\/product_brand?post=50321"},{"taxonomy":"product_cat","embeddable":true,"href":"https:\/\/staging.nbg.eu\/fi\/wp-json\/wp\/v2\/product_cat?post=50321"},{"taxonomy":"product_tag","embeddable":true,"href":"https:\/\/staging.nbg.eu\/fi\/wp-json\/wp\/v2\/product_tag?post=50321"}],"curies":[{"name":"wp","href":"https:\/\/api.w.org\/{rel}","templated":true}]}}