{"id":50101,"date":"2024-04-21T18:34:24","date_gmt":"2024-09-13T08:44:13","guid":{"rendered":"https:\/\/staging.nbg.eu\/product\/blue-force-gear-molded-uwl-black\/"},"modified":"2024-09-13T08:44:56","modified_gmt":"2024-09-13T08:44:56","slug":"blue-force-gear-valettu-uwl-musta","status":"publish","type":"product","link":"https:\/\/staging.nbg.eu\/fi\/tuote\/blue-force-gear-valettu-uwl-musta\/","title":{"rendered":"Blue Force Gear Valettu UWL &#8211; Musta"},"content":{"rendered":"<div class=\"product-description\">\n<h2>Blue Force Gear Muotoiltu UWL &#8211; Musta<\/h2>\n<p>Muotoiltu Universal Wire Loop\u2122 (UWL) mahdollistaa hihnojen kiinnitt\u00e4misen erilaisiin aseen kiinnityspisteisiin. Suunniteltu enint\u00e4\u00e4n 1,25 tuuman leveille hihnoille, mukaan lukien Vickers-hihna. Sopii silmukoihin, aukkoihin ja kiskon reikiin.<\/p>\n<h3>Ominaisuudet:<\/h3>\n<ul>\n<li>Sotilaslaadun nailonp\u00e4\u00e4llysteinen lentokonelaadun ruostumaton ter\u00e4svaijeri<\/li>\n<li>Kest\u00e4v\u00e4 nylon 6-6 heijastamaton runko<\/li>\n<li>2,55 tuuman vaijerisilmukka pohjasta huippuun<\/li>\n<li>1,25 tuuman hihnasilmukka yhteensopiva Vickers Combat Applications Slings\u2122 -hihnojen kanssa<\/li>\n<li>Painikepistoke vakiohihnakiinnikkeille<\/li>\n<li>Mil-spec pallonivelet puristettu suoraan vaijeriin lis\u00e4vahvuuden saamiseksi<\/li>\n<\/ul>\n<p>Blue Force Gear Muotoiltu UWL &#8211; Musta mahdollistaa monipuolisen hihnakiinnityksen.<\/p>\n<\/div>\n","protected":false},"excerpt":{"rendered":"<p>Monik\u00e4ytt\u00f6inen hihnakiinnike 1,25 tuuman (3,175 cm) hihnoille. Kest\u00e4v\u00e4, kevyt rakenne.<\/p>\n","protected":false},"featured_media":50102,"template":"","meta":{"_acf_changed":false},"product_brand":[11127],"product_cat":[13188,13192],"product_tag":[],"class_list":{"0":"post-50101","1":"product","2":"type-product","3":"status-publish","4":"has-post-thumbnail","6":"product_brand-blue-force-gear","7":"product_cat-hihnat","8":"product_cat-varusteet","10":"first","11":"instock","12":"taxable","13":"shipping-taxable","14":"purchasable","15":"product-type-simple"},"acf":[],"_links":{"self":[{"href":"https:\/\/staging.nbg.eu\/fi\/wp-json\/wp\/v2\/product\/50101","targetHints":{"allow":["GET"]}}],"collection":[{"href":"https:\/\/staging.nbg.eu\/fi\/wp-json\/wp\/v2\/product"}],"about":[{"href":"https:\/\/staging.nbg.eu\/fi\/wp-json\/wp\/v2\/types\/product"}],"wp:featuredmedia":[{"embeddable":true,"href":"https:\/\/staging.nbg.eu\/fi\/wp-json\/wp\/v2\/media\/50102"}],"wp:attachment":[{"href":"https:\/\/staging.nbg.eu\/fi\/wp-json\/wp\/v2\/media?parent=50101"}],"wp:term":[{"taxonomy":"product_brand","embeddable":true,"href":"https:\/\/staging.nbg.eu\/fi\/wp-json\/wp\/v2\/product_brand?post=50101"},{"taxonomy":"product_cat","embeddable":true,"href":"https:\/\/staging.nbg.eu\/fi\/wp-json\/wp\/v2\/product_cat?post=50101"},{"taxonomy":"product_tag","embeddable":true,"href":"https:\/\/staging.nbg.eu\/fi\/wp-json\/wp\/v2\/product_tag?post=50101"}],"curies":[{"name":"wp","href":"https:\/\/api.w.org\/{rel}","templated":true}]}}