{"id":49735,"date":"2024-05-23T19:46:21","date_gmt":"2024-09-13T08:37:18","guid":{"rendered":"https:\/\/staging.nbg.eu\/product\/blue-force-gear-micro-trauma-kit-now\/"},"modified":"2024-09-13T08:38:08","modified_gmt":"2024-09-13T08:38:08","slug":"blue-force-gear-micro-trauma-kit-now","status":"publish","type":"product","link":"https:\/\/staging.nbg.eu\/fi\/tuote\/blue-force-gear-micro-trauma-kit-now\/","title":{"rendered":"Blue Force Gear Micro Trauma Kit NOW!"},"content":{"rendered":"<div class=\"product-description\">\n<h2>Blue Force Gear Micro Trauma Kit NOW!<\/h2>\n<p>Micro Trauma Kit NOW! (Micro TKN) on kompakti ratkaisu v\u00e4ltt\u00e4m\u00e4tt\u00f6mien ensiapuv\u00e4lineiden p\u00e4ivitt\u00e4iseen kantamiseen. Se on suunniteltu lainvalvonnan ammattilaisille, varautuneille kansalaisille ja mets\u00e4st\u00e4jille. T\u00e4m\u00e4 vy\u00f6h\u00f6n kiinnitett\u00e4v\u00e4 pakkaus mahdollistaa nopean p\u00e4\u00e4syn t\u00e4rkeisiin ensiapuv\u00e4lineisiin.<\/p>\n<h2>Ominaisuudet:<\/h2>\n<ul>\n<li>Pienikokoinen p\u00e4ivitt\u00e4iseen kantamiseen<\/li>\n<li>Yhdell\u00e4 k\u00e4dell\u00e4 avattavissa kummaltakin puolelta<\/li>\n<li>MOLLE- tai vy\u00f6kiinnitys<\/li>\n<li>Ten-Speed-teknologia turvalliseen s\u00e4ilytykseen<\/li>\n<li>Irrotettava sis\u00e4osa tarvikkeiden j\u00e4rjest\u00e4miseen<\/li>\n<li>S\u00e4\u00e4dett\u00e4v\u00e4t tarranauhat sopivat useimpiin v\u00f6ihin<\/li>\n<\/ul>\n<p>Varaudu h\u00e4t\u00e4tilanteisiin Micro TKN:ll\u00e4 &#8211; kannettava ensiapupakkaus tilanteisiin, joissa jokainen sekunti on t\u00e4rke\u00e4.<\/p>\n<\/div>\n","protected":false},"excerpt":{"rendered":"<p>Kompakti, henke\u00e4 pelastava ensiapupakkaus jokap\u00e4iv\u00e4iseen kantamiseen vy\u00f6ll\u00e4.<\/p>\n","protected":false},"featured_media":49736,"template":"","meta":{"_acf_changed":false},"product_brand":[11127],"product_cat":[13227,13192],"product_tag":[],"class_list":{"0":"post-49735","1":"product","2":"type-product","3":"status-publish","4":"has-post-thumbnail","6":"product_brand-blue-force-gear","7":"product_cat-laeaekintae","8":"product_cat-varusteet","10":"first","11":"instock","12":"taxable","13":"shipping-taxable","14":"purchasable","15":"product-type-variable","16":"wvs-archive-product-wrapper"},"acf":[],"_links":{"self":[{"href":"https:\/\/staging.nbg.eu\/fi\/wp-json\/wp\/v2\/product\/49735","targetHints":{"allow":["GET"]}}],"collection":[{"href":"https:\/\/staging.nbg.eu\/fi\/wp-json\/wp\/v2\/product"}],"about":[{"href":"https:\/\/staging.nbg.eu\/fi\/wp-json\/wp\/v2\/types\/product"}],"wp:featuredmedia":[{"embeddable":true,"href":"https:\/\/staging.nbg.eu\/fi\/wp-json\/wp\/v2\/media\/49736"}],"wp:attachment":[{"href":"https:\/\/staging.nbg.eu\/fi\/wp-json\/wp\/v2\/media?parent=49735"}],"wp:term":[{"taxonomy":"product_brand","embeddable":true,"href":"https:\/\/staging.nbg.eu\/fi\/wp-json\/wp\/v2\/product_brand?post=49735"},{"taxonomy":"product_cat","embeddable":true,"href":"https:\/\/staging.nbg.eu\/fi\/wp-json\/wp\/v2\/product_cat?post=49735"},{"taxonomy":"product_tag","embeddable":true,"href":"https:\/\/staging.nbg.eu\/fi\/wp-json\/wp\/v2\/product_tag?post=49735"}],"curies":[{"name":"wp","href":"https:\/\/api.w.org\/{rel}","templated":true}]}}