{"id":49379,"date":"2024-07-29T18:42:30","date_gmt":"2024-09-12T16:13:02","guid":{"rendered":"https:\/\/staging.nbg.eu\/product\/large-utility-dapper-pouch\/"},"modified":"2024-09-12T16:13:50","modified_gmt":"2024-09-12T16:13:50","slug":"iso-monitoiminen-dapper-taskut","status":"publish","type":"product","link":"https:\/\/staging.nbg.eu\/fi\/tuote\/iso-monitoiminen-dapper-taskut\/","title":{"rendered":"Iso Monitoiminen Dapper-taskut"},"content":{"rendered":"<div class=\"product-description\">\n<h2>Suuri monik\u00e4ytt\u00f6inen s\u00e4ilytyspussi<\/h2>\n<p>T\u00e4m\u00e4 suuri monik\u00e4ytt\u00f6inen s\u00e4ilytyspussi on suunniteltu pit\u00e4m\u00e4\u00e4n sis\u00e4ll\u00e4\u00e4n useimmat jokap\u00e4iv\u00e4iset tavarat ja varusteet. Sopii latureiden, tietokonelaitteiden, l\u00e4\u00e4kint\u00e4tarvikkeiden ja ty\u00f6kalujen s\u00e4ilytt\u00e4miseen.<\/p>\n<ul>\n<li>Nopea asennus ja irrotus tarrapinnoille<\/li>\n<li>Kaksi sinist\u00e4 vetoketjua helppoa avaamista varten<\/li>\n<li>Kumitettu kantokahva yl\u00e4osassa kuljetusta varten<\/li>\n<li>L\u00e4pin\u00e4kyv\u00e4 yl\u00e4osa sis\u00e4ll\u00f6n n\u00e4kemiseksi<\/li>\n<li>Sis\u00e4puolella tarrapinta lis\u00e4j\u00e4rjestelymahdollisuuksia varten<\/li>\n<li>Takapuolella tarrapinta kiinnitt\u00e4mist\u00e4 varten erilaisille pinnoille<\/li>\n<\/ul>\n<p>Sopii k\u00e4ytett\u00e4v\u00e4ksi Blue Force Gear -reppujen, Dapper-lis\u00e4osien tai muiden sovellusten kanssa.<\/p>\n<\/div>\n","protected":false},"excerpt":{"rendered":"<p>Monik\u00e4ytt\u00f6inen, irrotettava pussukka jokap\u00e4iv\u00e4isille tavaroille ja teht\u00e4v\u00e4n kannalta v\u00e4ltt\u00e4m\u00e4tt\u00f6mille v\u00e4lineille.<\/p>\n","protected":false},"featured_media":49383,"template":"","meta":{"_acf_changed":false},"product_brand":[11127],"product_cat":[13183,13192],"product_tag":[],"class_list":{"0":"post-49379","1":"product","2":"type-product","3":"status-publish","4":"has-post-thumbnail","6":"product_brand-blue-force-gear","7":"product_cat-pussit","8":"product_cat-varusteet","10":"first","11":"instock","12":"taxable","13":"shipping-taxable","14":"purchasable","15":"product-type-simple"},"acf":[],"_links":{"self":[{"href":"https:\/\/staging.nbg.eu\/fi\/wp-json\/wp\/v2\/product\/49379","targetHints":{"allow":["GET"]}}],"collection":[{"href":"https:\/\/staging.nbg.eu\/fi\/wp-json\/wp\/v2\/product"}],"about":[{"href":"https:\/\/staging.nbg.eu\/fi\/wp-json\/wp\/v2\/types\/product"}],"wp:featuredmedia":[{"embeddable":true,"href":"https:\/\/staging.nbg.eu\/fi\/wp-json\/wp\/v2\/media\/49383"}],"wp:attachment":[{"href":"https:\/\/staging.nbg.eu\/fi\/wp-json\/wp\/v2\/media?parent=49379"}],"wp:term":[{"taxonomy":"product_brand","embeddable":true,"href":"https:\/\/staging.nbg.eu\/fi\/wp-json\/wp\/v2\/product_brand?post=49379"},{"taxonomy":"product_cat","embeddable":true,"href":"https:\/\/staging.nbg.eu\/fi\/wp-json\/wp\/v2\/product_cat?post=49379"},{"taxonomy":"product_tag","embeddable":true,"href":"https:\/\/staging.nbg.eu\/fi\/wp-json\/wp\/v2\/product_tag?post=49379"}],"curies":[{"name":"wp","href":"https:\/\/api.w.org\/{rel}","templated":true}]}}