{"id":49140,"date":"2024-07-29T18:45:25","date_gmt":"2024-09-12T16:08:41","guid":{"rendered":"https:\/\/staging.nbg.eu\/product\/ten-speed-single-m4-mag-pouch\/"},"modified":"2024-09-12T16:09:39","modified_gmt":"2024-09-12T16:09:39","slug":"ten-speed-yksittaeinen-m4-lipastaskut","status":"publish","type":"product","link":"https:\/\/staging.nbg.eu\/fi\/tuote\/ten-speed-yksittaeinen-m4-lipastaskut\/","title":{"rendered":"Ten-Speed\u00ae Yksitt\u00e4inen M4 Lipastaskut"},"content":{"rendered":"<div class=\"product-description\">\n<h2>Ten-Speed\u00ae yhden M4-lippaan tasku<\/h2>\n<p>T\u00e4m\u00e4 kevyt tasku pit\u00e4\u00e4 yhden M4-lippaan tai vastaavan kokoisen esineen. Siin\u00e4 on sotilaslaatuinen joustonauha ja ULTRAcomp\u2122-materiaali, ja se on litte\u00e4 tyhj\u00e4n\u00e4.<\/p>\n<h3>Ominaisuudet:<\/h3>\n<ul>\n<li>Patentoitu Helium Whisper\u00ae -kiinnitysj\u00e4rjestelm\u00e4<\/li>\n<li>MOLLE-yhteensopiva<\/li>\n<li>60% kevyempi kuin perinteiset taskut<\/li>\n<li>Kest\u00e4v\u00e4 laminaatti<\/li>\n<li>Optimoitu pito ja kest\u00e4vyys<\/li>\n<\/ul>\n<h3>Tekniset tiedot:<\/h3>\n<ul>\n<li>Koko: 0,3175 cm x 7,62 cm x 15,24 cm<\/li>\n<li>MOLLE-kentt\u00e4: 3 x 2<\/li>\n<li>Materiaalit: Ten-Speed\u00ae -joustonauha, ULTRAcomp\u2122-laminaatti<\/li>\n<\/ul>\n<p>T\u00e4m\u00e4 tasku sopii sotilaille, lainvalvojille ja taktisista varusteista kiinnostuneille.<\/p>\n<\/div>\n","protected":false},"excerpt":{"rendered":"<p>Kevyt, turvallinen M4-lipastasku. Nopea k\u00e4ytt\u00e4\u00e4, matala profiili.<\/p>\n","protected":false},"featured_media":49149,"template":"","meta":{"_acf_changed":false},"product_brand":[11127],"product_cat":[13168,13183,13192],"product_tag":[],"class_list":{"0":"post-49140","1":"product","2":"type-product","3":"status-publish","4":"has-post-thumbnail","6":"product_brand-blue-force-gear","7":"product_cat-lippaanpitimet","8":"product_cat-pussit","9":"product_cat-varusteet","11":"first","12":"instock","13":"taxable","14":"shipping-taxable","15":"purchasable","16":"product-type-variable","17":"wvs-archive-product-wrapper"},"acf":[],"_links":{"self":[{"href":"https:\/\/staging.nbg.eu\/fi\/wp-json\/wp\/v2\/product\/49140","targetHints":{"allow":["GET"]}}],"collection":[{"href":"https:\/\/staging.nbg.eu\/fi\/wp-json\/wp\/v2\/product"}],"about":[{"href":"https:\/\/staging.nbg.eu\/fi\/wp-json\/wp\/v2\/types\/product"}],"wp:featuredmedia":[{"embeddable":true,"href":"https:\/\/staging.nbg.eu\/fi\/wp-json\/wp\/v2\/media\/49149"}],"wp:attachment":[{"href":"https:\/\/staging.nbg.eu\/fi\/wp-json\/wp\/v2\/media?parent=49140"}],"wp:term":[{"taxonomy":"product_brand","embeddable":true,"href":"https:\/\/staging.nbg.eu\/fi\/wp-json\/wp\/v2\/product_brand?post=49140"},{"taxonomy":"product_cat","embeddable":true,"href":"https:\/\/staging.nbg.eu\/fi\/wp-json\/wp\/v2\/product_cat?post=49140"},{"taxonomy":"product_tag","embeddable":true,"href":"https:\/\/staging.nbg.eu\/fi\/wp-json\/wp\/v2\/product_tag?post=49140"}],"curies":[{"name":"wp","href":"https:\/\/api.w.org\/{rel}","templated":true}]}}