{"id":48956,"date":"2024-07-29T18:46:44","date_gmt":"2024-09-12T16:04:23","guid":{"rendered":"https:\/\/staging.nbg.eu\/product\/horizontal-ten-speed-single-m4-mag-pouch\/"},"modified":"2024-09-12T16:05:13","modified_gmt":"2024-09-12T16:05:13","slug":"vaakasuora-ten-speed-yksittaeinen-m4-lipastaskut","status":"publish","type":"product","link":"https:\/\/staging.nbg.eu\/fi\/tuote\/vaakasuora-ten-speed-yksittaeinen-m4-lipastaskut\/","title":{"rendered":"Vaakasuora Ten-Speed\u00ae Yksitt\u00e4inen M4 Lipastaskut"},"content":{"rendered":"<h2>Vaakasuora Ten-Speed\u00ae Yksitt\u00e4inen M4-lipastaskun<\/h2>\n<p>Vaakasuora Ten-Speed\u00ae M4-lipastaskun on suunniteltu ammuksien kantamiseen. Se on valmistettu sotilaslaatuisesta elastisesta materiaalista ja sopii k\u00e4ytett\u00e4v\u00e4ksi suojalevyliivien, liivien tai v\u00f6iden MOLLE-kiinnitysj\u00e4rjestelm\u00e4ss\u00e4.<\/p>\n<ul>\n<li>Yhteensopiva 30 patruunan STANAG M4 -lippaiden ja useimpien 5,56 mm lippaiden kanssa<\/li>\n<li>Sopii my\u00f6s suuremmille konepistoolin lippaille (UMP, CZ Scorpion, P90) ja joillekin AK-74-lippaille<\/li>\n<li>Voidaan s\u00e4ilytt\u00e4\u00e4 patruunat yl\u00f6s- tai alasp\u00e4in, eteen- tai taaksep\u00e4in<\/li>\n<li>Saatavana MOLLE-yhteensopivana Helium Whisper ja vy\u00f6kiinnitett\u00e4v\u00e4n\u00e4 versiona<\/li>\n<li>Vy\u00f6kiinnitett\u00e4v\u00e4 versio sopii enint\u00e4\u00e4n 2 tuuman (5 cm) levyisille v\u00f6ille s\u00e4\u00e4dett\u00e4vill\u00e4 tarrakiinnityksill\u00e4<\/li>\n<\/ul>\n<p>Vaakasuora Ten-Speed\u00ae Yksitt\u00e4inen M4-lipastaskun on tarkoitettu ammuksien tehokkaaseen hallintaan.<\/p>\n","protected":false},"excerpt":{"rendered":"<p>Monik\u00e4ytt\u00f6inen vaakasuora lipastaskuM4\/5.56-lippaita varten. Kiinnitys MOLLE-j\u00e4rjestelm\u00e4\u00e4n tai vy\u00f6h\u00f6n.<\/p>\n","protected":false},"featured_media":48963,"template":"","meta":{"_acf_changed":false},"product_brand":[11127],"product_cat":[13168,13183,13192],"product_tag":[],"class_list":{"0":"post-48956","1":"product","2":"type-product","3":"status-publish","4":"has-post-thumbnail","6":"product_brand-blue-force-gear","7":"product_cat-lippaanpitimet","8":"product_cat-pussit","9":"product_cat-varusteet","11":"first","12":"instock","13":"taxable","14":"shipping-taxable","15":"purchasable","16":"product-type-simple"},"acf":[],"_links":{"self":[{"href":"https:\/\/staging.nbg.eu\/fi\/wp-json\/wp\/v2\/product\/48956","targetHints":{"allow":["GET"]}}],"collection":[{"href":"https:\/\/staging.nbg.eu\/fi\/wp-json\/wp\/v2\/product"}],"about":[{"href":"https:\/\/staging.nbg.eu\/fi\/wp-json\/wp\/v2\/types\/product"}],"wp:featuredmedia":[{"embeddable":true,"href":"https:\/\/staging.nbg.eu\/fi\/wp-json\/wp\/v2\/media\/48963"}],"wp:attachment":[{"href":"https:\/\/staging.nbg.eu\/fi\/wp-json\/wp\/v2\/media?parent=48956"}],"wp:term":[{"taxonomy":"product_brand","embeddable":true,"href":"https:\/\/staging.nbg.eu\/fi\/wp-json\/wp\/v2\/product_brand?post=48956"},{"taxonomy":"product_cat","embeddable":true,"href":"https:\/\/staging.nbg.eu\/fi\/wp-json\/wp\/v2\/product_cat?post=48956"},{"taxonomy":"product_tag","embeddable":true,"href":"https:\/\/staging.nbg.eu\/fi\/wp-json\/wp\/v2\/product_tag?post=48956"}],"curies":[{"name":"wp","href":"https:\/\/api.w.org\/{rel}","templated":true}]}}