{"id":48749,"date":"2024-07-29T18:47:29","date_gmt":"2024-09-12T15:57:41","guid":{"rendered":"https:\/\/staging.nbg.eu\/product\/ten-speed-triple-m4-mag-pouch\/"},"modified":"2024-09-12T15:58:33","modified_gmt":"2024-09-12T15:58:33","slug":"ten-speed-kolmois-m4-lipastaskut","status":"publish","type":"product","link":"https:\/\/staging.nbg.eu\/fi\/tuote\/ten-speed-kolmois-m4-lipastaskut\/","title":{"rendered":"Ten-Speed\u00ae Kolmois M4 Lipastaskut"},"content":{"rendered":"<div class=\"product-description\">\n<h2>Ten-Speed\u00ae Kolmois M4 -lipastaskun BFG:lt\u00e4<\/h2>\n<p>T\u00e4m\u00e4 kevyt tasku pit\u00e4\u00e4 kolme AR\/M4 tai M16 -lipasta. Siin\u00e4 on sotilaslaatuinen elastaani ja ULTRAcomp\u00ae-laminaatti, ja se on litte\u00e4 tyhj\u00e4n\u00e4.<\/p>\n<ul>\n<li>Sopii muovi- ja metallilippaille<\/li>\n<li>Monik\u00e4ytt\u00f6inen suunnittelu l\u00e4\u00e4kint\u00e4tarvikkeille, r\u00e4j\u00e4hteille, jne.<\/li>\n<li>MOLLE-yhteensopiva Helium Whisper\u00ae -kiinnityksell\u00e4<\/li>\n<li>Mitat: 0,32 cm x 22,86 cm x 15,24 cm<\/li>\n<li>Vaatii 3 x 6 MOLLE-kent\u00e4n<\/li>\n<\/ul>\n<p>Ten-Speed\u00ae-teknologiaa kompaktissa paketissa. Sopii sotilaille, lainvalvojille ja taktisille harrastajille.<\/p>\n<\/div>\n","protected":false},"excerpt":{"rendered":"<p>Kevyt, joustava MOLLE-pussi 3 AR\/M4-lippaalle tai vastaaville esineille.<\/p>\n","protected":false},"featured_media":48759,"template":"","meta":{"_acf_changed":false},"product_brand":[11127],"product_cat":[13168,13183,13192],"product_tag":[],"class_list":{"0":"post-48749","1":"product","2":"type-product","3":"status-publish","4":"has-post-thumbnail","6":"product_brand-blue-force-gear","7":"product_cat-lippaanpitimet","8":"product_cat-pussit","9":"product_cat-varusteet","11":"first","12":"instock","13":"taxable","14":"shipping-taxable","15":"purchasable","16":"product-type-simple"},"acf":[],"_links":{"self":[{"href":"https:\/\/staging.nbg.eu\/fi\/wp-json\/wp\/v2\/product\/48749","targetHints":{"allow":["GET"]}}],"collection":[{"href":"https:\/\/staging.nbg.eu\/fi\/wp-json\/wp\/v2\/product"}],"about":[{"href":"https:\/\/staging.nbg.eu\/fi\/wp-json\/wp\/v2\/types\/product"}],"wp:featuredmedia":[{"embeddable":true,"href":"https:\/\/staging.nbg.eu\/fi\/wp-json\/wp\/v2\/media\/48759"}],"wp:attachment":[{"href":"https:\/\/staging.nbg.eu\/fi\/wp-json\/wp\/v2\/media?parent=48749"}],"wp:term":[{"taxonomy":"product_brand","embeddable":true,"href":"https:\/\/staging.nbg.eu\/fi\/wp-json\/wp\/v2\/product_brand?post=48749"},{"taxonomy":"product_cat","embeddable":true,"href":"https:\/\/staging.nbg.eu\/fi\/wp-json\/wp\/v2\/product_cat?post=48749"},{"taxonomy":"product_tag","embeddable":true,"href":"https:\/\/staging.nbg.eu\/fi\/wp-json\/wp\/v2\/product_tag?post=48749"}],"curies":[{"name":"wp","href":"https:\/\/api.w.org\/{rel}","templated":true}]}}