{"id":48677,"date":"2024-07-29T19:00:12","date_gmt":"2024-09-12T15:53:37","guid":{"rendered":"https:\/\/staging.nbg.eu\/product\/ten-speed-single-pistol-mag-pouch\/"},"modified":"2024-09-12T15:54:27","modified_gmt":"2024-09-12T15:54:27","slug":"ten-speed-yksittaeinen-pistoolilipastaskut","status":"publish","type":"product","link":"https:\/\/staging.nbg.eu\/fi\/tuote\/ten-speed-yksittaeinen-pistoolilipastaskut\/","title":{"rendered":"Ten-Speed\u00ae Yksitt\u00e4inen Pistoolilipastaskut"},"content":{"rendered":"<h2>Ten-Speed\u00ae Yhden pistoolin lipaskotelo<\/h2>\n<p>Ten-Speed\u00ae yhden pistoolin lipaskotelo on suunniteltu nykyaikaiselle taktiselle k\u00e4ytt\u00e4j\u00e4lle. T\u00e4m\u00e4 monik\u00e4ytt\u00f6inen kotelo sopii seuraaville:<\/p>\n<ul>\n<li>Yhden tai kahden rivin pistoolimakasiinit (HK 45 asti)<\/li>\n<li>Monitoimity\u00f6kalut<\/li>\n<li>Valaisimet<\/li>\n<li>Veitset<\/li>\n<li>Pienet OC-suihkeet<\/li>\n<\/ul>\n<p>Kotelo on valmistettu sotilaslaatuisesta elastisesta materiaalista ja ULTRAcomp\u2122-rakenteesta. Se on kevyt ja litte\u00e4, kun se ei ole k\u00e4yt\u00f6ss\u00e4. Helium Whisper\u00ae -kiinnitysj\u00e4rjestelm\u00e4 mahdollistaa MOLLE-yhteensopivuuden ja v\u00e4hent\u00e4\u00e4 painoa jopa 60% kest\u00e4vyydest\u00e4 tinkim\u00e4tt\u00e4.<\/p>\n<p>Koko: 0,3175 cm x 5,08 cm x 10,16 cm (vaatii 2&#215;1 MOLLE-kent\u00e4n)<\/p>\n<p>Uusimmat materiaalit parantavat pitoa ja kest\u00e4vyytt\u00e4.<\/p>\n","protected":false},"excerpt":{"rendered":"<p>Nopean k\u00e4yt\u00f6n, eritt\u00e4in kevyt pistoolin lipastasku yksirivi- tai kaksirivisille lippaille.<\/p>\n","protected":false},"featured_media":33857,"template":"","meta":{"_acf_changed":false},"product_brand":[11127],"product_cat":[13168,13183,13192],"product_tag":[],"class_list":{"0":"post-48677","1":"product","2":"type-product","3":"status-publish","4":"has-post-thumbnail","6":"product_brand-blue-force-gear","7":"product_cat-lippaanpitimet","8":"product_cat-pussit","9":"product_cat-varusteet","11":"first","12":"instock","13":"taxable","14":"shipping-taxable","15":"purchasable","16":"product-type-variable","17":"wvs-archive-product-wrapper"},"acf":[],"_links":{"self":[{"href":"https:\/\/staging.nbg.eu\/fi\/wp-json\/wp\/v2\/product\/48677","targetHints":{"allow":["GET"]}}],"collection":[{"href":"https:\/\/staging.nbg.eu\/fi\/wp-json\/wp\/v2\/product"}],"about":[{"href":"https:\/\/staging.nbg.eu\/fi\/wp-json\/wp\/v2\/types\/product"}],"wp:featuredmedia":[{"embeddable":true,"href":"https:\/\/staging.nbg.eu\/fi\/wp-json\/wp\/v2\/media\/33857"}],"wp:attachment":[{"href":"https:\/\/staging.nbg.eu\/fi\/wp-json\/wp\/v2\/media?parent=48677"}],"wp:term":[{"taxonomy":"product_brand","embeddable":true,"href":"https:\/\/staging.nbg.eu\/fi\/wp-json\/wp\/v2\/product_brand?post=48677"},{"taxonomy":"product_cat","embeddable":true,"href":"https:\/\/staging.nbg.eu\/fi\/wp-json\/wp\/v2\/product_cat?post=48677"},{"taxonomy":"product_tag","embeddable":true,"href":"https:\/\/staging.nbg.eu\/fi\/wp-json\/wp\/v2\/product_tag?post=48677"}],"curies":[{"name":"wp","href":"https:\/\/api.w.org\/{rel}","templated":true}]}}