{"id":48610,"date":"2024-07-29T19:02:28","date_gmt":"2024-09-12T15:49:52","guid":{"rendered":"https:\/\/staging.nbg.eu\/product\/ten-speed-single-308-mag-pouch\/"},"modified":"2024-09-12T15:50:40","modified_gmt":"2024-09-12T15:50:40","slug":"ten-speed-yksittaeinen-308-lipastaskut","status":"publish","type":"product","link":"https:\/\/staging.nbg.eu\/fi\/tuote\/ten-speed-yksittaeinen-308-lipastaskut\/","title":{"rendered":"Ten-Speed\u00ae Yksitt\u00e4inen 308 Lipastaskut"},"content":{"rendered":"<div class=\"product-description\">\n<h2>Ten-Speed\u00ae Yksitt\u00e4inen 308 Mag -tasku<\/h2>\n<p>Ratkaisu .308-lippaiden ja muiden tarvikkeiden kantamiseen. T\u00e4m\u00e4 monik\u00e4ytt\u00f6inen tasku sopii yhdelle .308-lippaalle (yhteensopiva SR-25, SIG 716, M110, FAL, SCAR-17, NGSW, XM7) tai samankokoisia esineit\u00e4 varten, kuten ensiapuv\u00e4lineet, pienet radiot tai GPS-laitteet.<\/p>\n<h3>Ominaisuudet:<\/h3>\n<ul>\n<li>Kevyt ja matalaprofiilinen rakenne<\/li>\n<li>Sotilaslaatuinen elastinen materiaali ja ULTRAcomp\u2122-laminaatti<\/li>\n<li>Patentoitu Helium Whisper\u00ae -kiinnitysj\u00e4rjestelm\u00e4<\/li>\n<li>MOLLE-yhteensopiva<\/li>\n<li>Parannettu pito ja kest\u00e4vyys<\/li>\n<li>Painaa 60% v\u00e4hemm\u00e4n kuin perinteiset taskut<\/li>\n<\/ul>\n<p>Ten-Speed\u00ae Yksitt\u00e4inen 308 Mag -tasku yhdist\u00e4\u00e4 nopeuden ja turvallisuuden.<\/p>\n<\/div>\n","protected":false},"excerpt":{"rendered":"<p>Kevyt, monik\u00e4ytt\u00f6inen .308-kaliiperin lipastaskupatruunoille, jossa on tukeva elastinen kiinnitys.<\/p>\n","protected":false},"featured_media":48613,"template":"","meta":{"_acf_changed":false},"product_brand":[11127],"product_cat":[13168,13183,13192],"product_tag":[],"class_list":{"0":"post-48610","1":"product","2":"type-product","3":"status-publish","4":"has-post-thumbnail","6":"product_brand-blue-force-gear","7":"product_cat-lippaanpitimet","8":"product_cat-pussit","9":"product_cat-varusteet","11":"first","12":"instock","13":"taxable","14":"shipping-taxable","15":"purchasable","16":"product-type-simple"},"acf":[],"_links":{"self":[{"href":"https:\/\/staging.nbg.eu\/fi\/wp-json\/wp\/v2\/product\/48610","targetHints":{"allow":["GET"]}}],"collection":[{"href":"https:\/\/staging.nbg.eu\/fi\/wp-json\/wp\/v2\/product"}],"about":[{"href":"https:\/\/staging.nbg.eu\/fi\/wp-json\/wp\/v2\/types\/product"}],"wp:featuredmedia":[{"embeddable":true,"href":"https:\/\/staging.nbg.eu\/fi\/wp-json\/wp\/v2\/media\/48613"}],"wp:attachment":[{"href":"https:\/\/staging.nbg.eu\/fi\/wp-json\/wp\/v2\/media?parent=48610"}],"wp:term":[{"taxonomy":"product_brand","embeddable":true,"href":"https:\/\/staging.nbg.eu\/fi\/wp-json\/wp\/v2\/product_brand?post=48610"},{"taxonomy":"product_cat","embeddable":true,"href":"https:\/\/staging.nbg.eu\/fi\/wp-json\/wp\/v2\/product_cat?post=48610"},{"taxonomy":"product_tag","embeddable":true,"href":"https:\/\/staging.nbg.eu\/fi\/wp-json\/wp\/v2\/product_tag?post=48610"}],"curies":[{"name":"wp","href":"https:\/\/api.w.org\/{rel}","templated":true}]}}