{"id":48513,"date":"2024-07-30T17:57:46","date_gmt":"2024-07-30T17:57:46","guid":{"rendered":"https:\/\/staging.nbg.eu\/product\/red-dot-sight-holosun-hs503gu\/"},"modified":"2024-09-12T15:42:25","modified_gmt":"2024-09-12T15:42:25","slug":"punapistehihnatin-holosun-hs503gu","status":"publish","type":"product","link":"https:\/\/staging.nbg.eu\/fi\/tuote\/punapistehihnatin-holosun-hs503gu\/","title":{"rendered":"Punapistehihnatin Holosun HS503GU"},"content":{"rendered":"<h2>Holosun HS503GU Punapistet\u00e4ht\u00e4in<\/h2>\n<p>Holosun HS503GU Punapistet\u00e4ht\u00e4imen ominaisuudet:<\/p>\n<ul>\n<li>Ympyr\u00e4pistet\u00e4ht\u00e4in 2 MOA pisteell\u00e4 ja 65 MOA ympyr\u00e4ll\u00e4<\/li>\n<li>Paristo sijoitettu ruuvattavaan s\u00e4\u00e4t\u00f6nuppiin<\/li>\n<li>Suojakotelo sivuttais- ja korkeuss\u00e4\u00e4d\u00f6n s\u00e4\u00e4t\u00f6nupeille<\/li>\n<li>Pariston kesto jopa 2 vuotta jatkuvassa k\u00e4yt\u00f6ss\u00e4<\/li>\n<li>Liikkeest\u00e4 aktivoituva on\/off-toiminto<\/li>\n<li>LED-teknologia<\/li>\n<li>Linssin asettelu optimaalista valon heijastusta varten<\/li>\n<li>Kevyt alumiinirakenne (0,18 kg)<\/li>\n<li>Koko: 6,6 cm x 3,8 cm x 6,9 cm<\/li>\n<li>1x suurennus<\/li>\n<li>Yhteensopiva Picatinny-kiinnitysj\u00e4rjestelm\u00e4n kanssa<\/li>\n<\/ul>\n<p>HS503GU sopii mets\u00e4stykseen ja taktiseen ammuntaan. T\u00e4ht\u00e4in tarjoaa tarkkuutta ja kest\u00e4vyytt\u00e4.<\/p>\n","protected":false},"excerpt":{"rendered":"<p>Kompakti punapistet\u00e4ht\u00e4in ympyr\u00e4t\u00e4ht\u00e4imell\u00e4 ja pitk\u00e4ll\u00e4 akun kestolla.<\/p>\n","protected":false},"featured_media":48514,"template":"","meta":{"_acf_changed":false},"product_brand":[11431],"product_cat":[13235,13202,13201],"product_tag":[],"class_list":{"0":"post-48513","1":"product","2":"type-product","3":"status-publish","4":"has-post-thumbnail","6":"product_brand-holosun","7":"product_cat-kivaeaerituikut","8":"product_cat-punapisteet","9":"product_cat-taehtaeys","11":"first","12":"outofstock","13":"taxable","14":"shipping-taxable","15":"purchasable","16":"product-type-simple"},"acf":[],"_links":{"self":[{"href":"https:\/\/staging.nbg.eu\/fi\/wp-json\/wp\/v2\/product\/48513","targetHints":{"allow":["GET"]}}],"collection":[{"href":"https:\/\/staging.nbg.eu\/fi\/wp-json\/wp\/v2\/product"}],"about":[{"href":"https:\/\/staging.nbg.eu\/fi\/wp-json\/wp\/v2\/types\/product"}],"wp:featuredmedia":[{"embeddable":true,"href":"https:\/\/staging.nbg.eu\/fi\/wp-json\/wp\/v2\/media\/48514"}],"wp:attachment":[{"href":"https:\/\/staging.nbg.eu\/fi\/wp-json\/wp\/v2\/media?parent=48513"}],"wp:term":[{"taxonomy":"product_brand","embeddable":true,"href":"https:\/\/staging.nbg.eu\/fi\/wp-json\/wp\/v2\/product_brand?post=48513"},{"taxonomy":"product_cat","embeddable":true,"href":"https:\/\/staging.nbg.eu\/fi\/wp-json\/wp\/v2\/product_cat?post=48513"},{"taxonomy":"product_tag","embeddable":true,"href":"https:\/\/staging.nbg.eu\/fi\/wp-json\/wp\/v2\/product_tag?post=48513"}],"curies":[{"name":"wp","href":"https:\/\/api.w.org\/{rel}","templated":true}]}}