{"id":48199,"date":"2024-07-30T18:00:01","date_gmt":"2024-09-12T15:21:02","guid":{"rendered":"https:\/\/staging.nbg.eu\/product\/red-dot-sight-holosun-hs507k\/"},"modified":"2024-09-12T15:21:42","modified_gmt":"2024-09-12T15:21:42","slug":"punapistehihnatin-holosun-hs507k","status":"publish","type":"product","link":"https:\/\/staging.nbg.eu\/fi\/tuote\/punapistehihnatin-holosun-hs507k\/","title":{"rendered":"Punapistehihnatin Holosun HS507K"},"content":{"rendered":"<h2>Holosun HS507K X2 Punapistet\u00e4ht\u00e4in<\/h2>\n<p>Holosun HS507K X2 on avoin heijastust\u00e4ht\u00e4in, joka on suunniteltu pienikokoisia pistooleja varten. T\u00e4ss\u00e4 mallissa on lukitustila, joka est\u00e4\u00e4 asetusten tahattoman muuttamisen.<\/p>\n<h2>Ominaisuudet:<\/h2>\n<ul>\n<li>Punainen LED, akun kesto jopa 50 000 tuntia<\/li>\n<li>Monit\u00e4ht\u00e4inj\u00e4rjestelm\u00e4: Ympyr\u00e4t\u00e4pl\u00e4, 2 MOA t\u00e4pl\u00e4 ja 32 MOA ympyr\u00e4<\/li>\n<li>Liikkeest\u00e4 aktivoituva<\/li>\n<li>7075 Alumiinirunko<\/li>\n<li>Sivussa oleva lokero 1632 pariston vaihtoa varten<\/li>\n<li>Yhteensopiva P365X\/XL kanssa (sovitinlevy tarvitaan nelj\u00e4n kiinnikkeen liukukappaleille)<\/li>\n<\/ul>\n<h2>Tekniset tiedot:<\/h2>\n<ul>\n<li>12 kirkkaustasoa: 10 p\u00e4iv\u00e4nvaloa ja 2 pime\u00e4n\u00e4k\u00f6\u00e4 varten<\/li>\n<li>Parallaksiton ja rajoittamaton silm\u00e4net\u00e4isyys<\/li>\n<li>IP67 vesitiiviysluokitus<\/li>\n<li>Ikkunan koko: 0,58&#8243; x 0,77&#8243;<\/li>\n<li>Mitat: 1,6&#8243; x 0,98&#8243; x 0,95&#8243;<\/li>\n<li>Paino: 28 g<\/li>\n<li>1 MOA s\u00e4\u00e4t\u00f6tarkkuus<\/li>\n<li>\u00b130 MOA tuulen ja korkeuden s\u00e4\u00e4t\u00f6alue<\/li>\n<li>K\u00e4ytt\u00f6l\u00e4mp\u00f6tila: -20\u00b0C &#8211; 51\u00b0C<\/li>\n<li>S\u00e4ilytysl\u00e4mp\u00f6tila: -20\u00b0C &#8211; 65\u00b0C<\/li>\n<li>T\u00e4rin\u00e4nkest\u00e4vyys: 5000G<\/li>\n<\/ul>\n<p>HS507K X2 soveltuu piiloaseiden k\u00e4ytt\u00f6\u00f6n. Se on pienikokoinen t\u00e4ht\u00e4in, joka auttaa kohteen nopeassa havaitsemisessa. T\u00e4ht\u00e4in on kest\u00e4v\u00e4 ja soveltuu ampuma-aseiden harrastajille ja ammattilaisille.<\/p>\n","protected":false},"excerpt":{"rendered":"<p>Kompakti punapistet\u00e4ht\u00e4in pistooleille. Useita ristikkotyyppej\u00e4, pitk\u00e4 akkukesto, kest\u00e4v\u00e4.<\/p>\n","protected":false},"featured_media":48200,"template":"","meta":{"_acf_changed":false},"product_brand":[11431],"product_cat":[13182,13181,13202,13201],"product_tag":[],"class_list":{"0":"post-48199","1":"product","2":"type-product","3":"status-publish","4":"has-post-thumbnail","6":"product_brand-holosun","7":"product_cat-pistooli","8":"product_cat-pistoolin-taehtaeimet","9":"product_cat-punapisteet","10":"product_cat-taehtaeys","12":"first","13":"instock","14":"taxable","15":"shipping-taxable","16":"purchasable","17":"product-type-simple"},"acf":[],"_links":{"self":[{"href":"https:\/\/staging.nbg.eu\/fi\/wp-json\/wp\/v2\/product\/48199","targetHints":{"allow":["GET"]}}],"collection":[{"href":"https:\/\/staging.nbg.eu\/fi\/wp-json\/wp\/v2\/product"}],"about":[{"href":"https:\/\/staging.nbg.eu\/fi\/wp-json\/wp\/v2\/types\/product"}],"wp:featuredmedia":[{"embeddable":true,"href":"https:\/\/staging.nbg.eu\/fi\/wp-json\/wp\/v2\/media\/48200"}],"wp:attachment":[{"href":"https:\/\/staging.nbg.eu\/fi\/wp-json\/wp\/v2\/media?parent=48199"}],"wp:term":[{"taxonomy":"product_brand","embeddable":true,"href":"https:\/\/staging.nbg.eu\/fi\/wp-json\/wp\/v2\/product_brand?post=48199"},{"taxonomy":"product_cat","embeddable":true,"href":"https:\/\/staging.nbg.eu\/fi\/wp-json\/wp\/v2\/product_cat?post=48199"},{"taxonomy":"product_tag","embeddable":true,"href":"https:\/\/staging.nbg.eu\/fi\/wp-json\/wp\/v2\/product_tag?post=48199"}],"curies":[{"name":"wp","href":"https:\/\/api.w.org\/{rel}","templated":true}]}}