{"id":47913,"date":"2024-01-30T18:01:01","date_gmt":"2024-01-30T18:01:01","guid":{"rendered":"https:\/\/staging.nbg.eu\/product\/red-dot-sight-hs507comp-rd\/"},"modified":"2024-09-12T13:59:18","modified_gmt":"2024-09-12T13:59:18","slug":"punapistetaehtaein-hs507comp-rd","status":"publish","type":"product","link":"https:\/\/staging.nbg.eu\/fi\/tuote\/punapistetaehtaein-hs507comp-rd\/","title":{"rendered":"Punapistet\u00e4ht\u00e4in HS507COMP-RD"},"content":{"rendered":"<div class=\"product-description\">\n<h2>Holosun HS507COMP-RD Punapistet\u00e4ht\u00e4in<\/h2>\n<p>Holosun HS507COMP-RD on k\u00e4siaseen t\u00e4ht\u00e4in kilpa-ampujille ja harrastajille. Siin\u00e4 on 1,1&#8243; x 0,87&#8243; objektiivi, joka tarjoaa laajan n\u00e4k\u00f6kent\u00e4n maalin havaitsemiseen.<\/p>\n<h3>Ominaisuudet:<\/h3>\n<ul>\n<li>Kilpailuretikulij\u00e4rjestelm\u00e4 (CRS) useilla retikulivaihtoehdoilla<\/li>\n<li>650nm punainen Super LED<\/li>\n<li>50 000 tunnin akunkesto CR1632-paristolla<\/li>\n<li>7075 alumiinirakenne<\/li>\n<li>Shake Awake -teknologia aktivointiin<\/li>\n<li>8 kirkkaustasoa (6 p\u00e4iv\u00e4nvalolle, 2 pime\u00e4n\u00e4k\u00f6laitteille)<\/li>\n<li>Parallaksiton rakenne rajattomalla silm\u00e4et\u00e4isyydell\u00e4<\/li>\n<\/ul>\n<p>HS507COMP-RD:n CRS tarjoaa 2 MOA pisteen, 8 MOA ympyr\u00e4n, 20 MOA ympyr\u00e4n ja 32 MOA ympyr\u00e4n. T\u00e4ht\u00e4imess\u00e4 on standardijalusta ja se soveltuu kilpa-ammuntaan ja puolustusk\u00e4ytt\u00f6\u00f6n.<\/p>\n<\/div>\n","protected":false},"excerpt":{"rendered":"<p>Suuri linssi, moniristikkoinen punapistet\u00e4ht\u00e4in pitk\u00e4ll\u00e4 akunkestolla.<\/p>\n","protected":false},"featured_media":47914,"template":"","meta":{"_acf_changed":false},"product_brand":[11431],"product_cat":[13181,13202,13201],"product_tag":[],"class_list":{"0":"post-47913","1":"product","2":"type-product","3":"status-publish","4":"has-post-thumbnail","6":"product_brand-holosun","7":"product_cat-pistoolin-taehtaeimet","8":"product_cat-punapisteet","9":"product_cat-taehtaeys","11":"first","12":"instock","13":"taxable","14":"shipping-taxable","15":"purchasable","16":"product-type-simple"},"acf":[],"_links":{"self":[{"href":"https:\/\/staging.nbg.eu\/fi\/wp-json\/wp\/v2\/product\/47913","targetHints":{"allow":["GET"]}}],"collection":[{"href":"https:\/\/staging.nbg.eu\/fi\/wp-json\/wp\/v2\/product"}],"about":[{"href":"https:\/\/staging.nbg.eu\/fi\/wp-json\/wp\/v2\/types\/product"}],"wp:featuredmedia":[{"embeddable":true,"href":"https:\/\/staging.nbg.eu\/fi\/wp-json\/wp\/v2\/media\/47914"}],"wp:attachment":[{"href":"https:\/\/staging.nbg.eu\/fi\/wp-json\/wp\/v2\/media?parent=47913"}],"wp:term":[{"taxonomy":"product_brand","embeddable":true,"href":"https:\/\/staging.nbg.eu\/fi\/wp-json\/wp\/v2\/product_brand?post=47913"},{"taxonomy":"product_cat","embeddable":true,"href":"https:\/\/staging.nbg.eu\/fi\/wp-json\/wp\/v2\/product_cat?post=47913"},{"taxonomy":"product_tag","embeddable":true,"href":"https:\/\/staging.nbg.eu\/fi\/wp-json\/wp\/v2\/product_tag?post=47913"}],"curies":[{"name":"wp","href":"https:\/\/api.w.org\/{rel}","templated":true}]}}