{"id":47710,"date":"2024-07-30T18:21:46","date_gmt":"2024-09-12T13:52:13","guid":{"rendered":"https:\/\/staging.nbg.eu\/product\/surefire-supressor-alighnment-rod\/"},"modified":"2024-09-12T13:53:02","modified_gmt":"2024-09-12T13:53:02","slug":"surefire-vaimentimen-kohdistustanko","status":"publish","type":"product","link":"https:\/\/staging.nbg.eu\/fi\/tuote\/surefire-vaimentimen-kohdistustanko\/","title":{"rendered":"Surefire Vaimentimen Kohdistustanko"},"content":{"rendered":"<p style=\"text-align: center\"><span style=\"font-size: 170%\"><strong>SureFire piipun suuntausty\u00f6kalut<\/strong><\/span><\/p>\n<p>SureFire piipun suuntausty\u00f6kalut varmistavat oikean kohdistuksen luodin lentoradalle ammuttaessa \u00e4\u00e4nenvaimentimella uudessa kokoonpanossa. Ty\u00f6kalu edustaa luodin lentorataa ja osoittaa mahdollisen kohdistusvirheen. SureFire suosittelee tarkistamaan piipun, adapterin ja \u00e4\u00e4nenvaimentimen kohdistuksen uusissa kokoonpanoissa tai aiemmin ampumattomissa asetuksissa. Valitse kaliiperia vastaava ty\u00f6kalu kiv\u00e4\u00e4rille tai karbiinille.<\/p>\n<p><span style=\"color: #282828\"><strong><span style=\"font-size: 150%\">OMINAISUUDET:<\/span><\/strong><\/span><\/p>\n<p style=\"padding-left: 40px\"><span style=\"color: #282828\"><strong>\u2588 <\/strong><\/span>Valmistettu Yhdysvalloissa<\/p>\n<p style=\"padding-left: 40px\"><span style=\"color: #282828\"><strong>\u2588 <\/strong><\/span>L\u00e4mp\u00f6k\u00e4sitelty ruostumaton ter\u00e4s<\/p>\n<p style=\"padding-left: 40px\"><span style=\"color: #282828\"><strong>\u2588 <\/strong><\/span>Kokoonpanon validointiin ennen ensimm\u00e4ist\u00e4 laukausta<\/p>\n<p style=\"padding-left: 40px\"><span style=\"color: #282828\"><strong>\u2588 <\/strong><\/span>Tarkkuusty\u00f6stetyt ty\u00f6kalut tarkkaan varmistukseen<\/p>\n<p style=\"padding-left: 40px\"><span style=\"color: #282828\"><strong>\u2588 <\/strong><\/span>Osoittaa kaikki kohdistuspoikkeamat<\/p>\n<p style=\"padding-left: 40px\"><span style=\"color: #282828\"><strong>\u2588 <\/strong><\/span>SureFiren hyv\u00e4ksym\u00e4 tapa varmistaa \u00e4\u00e4nenvaimentimen kohdistus<\/p>\n<p style=\"padding-left: 40px\"><span style=\"color: #282828\"><strong>\u2588 <\/strong><\/span>Saatavilla suosituimmille kaliipereille<\/p>\n<p style=\"padding-left: 40px\"><span style=\"color: #282828\"><strong>\u2588 <\/strong><\/span>Tasainen tila n\u00e4ht\u00e4viss\u00e4 \u00e4\u00e4nenvaimentimen rei\u00e4n ja keskitetyn ty\u00f6kalun v\u00e4lill\u00e4<\/p>\n<p style=\"padding-left: 40px\"><span style=\"color: #282828\"><strong>\u2588 <\/strong><\/span>Aseta ty\u00f6kalu asennetun \u00e4\u00e4nenvaimentimen l\u00e4pi lataamattomaan aseeseen<\/p>\n<p style=\"padding-left: 40px\"><span style=\"color: #282828\"><strong>\u2588 <\/strong><\/span>Saatavilla suosituimmille kaliipereille (5,56 mm, 6,5 mm, 6,8 mm, 7,62 mm, 9 mm, .338)<\/p>\n<table width=\"595\">\n<tbody>\n<tr>\n<td colspan=\"2\" width=\"595\"><span style=\"font-size: 150%;color: #282828\"><b>T\u00c4RKEIMM\u00c4T OMINAISUUDET<\/b><\/span><\/td>\n<\/tr>\n<tr>\n<td width=\"198\"><b>KALIIPERI<\/b><\/td>\n<td width=\"397\">5,56 mm, 6,5 mm, 6,8 mm, 7,62 mm, 9 mm, .338 cal<\/td>\n<\/tr>\n<tr>\n<td width=\"198\"><b>RAKENNE<\/b><\/td>\n<td width=\"397\">\n","protected":false},"excerpt":{"rendered":"<p><strong>SureFire-\u00e4\u00e4nenvaimentimen kohdistusty\u00f6kalut<\/strong><\/p>\n","protected":false},"featured_media":47712,"template":"","meta":{"_acf_changed":false},"product_brand":[11869],"product_cat":[13197,13160,13228],"product_tag":[],"class_list":{"0":"post-47710","1":"product","2":"type-product","3":"status-publish","4":"has-post-thumbnail","6":"product_brand-surefire","7":"product_cat-aeaenenvaimentimen-lisaevarusteet","8":"product_cat-aeaenenvaimentimet","9":"product_cat-tyoekalut","11":"first","12":"instock","13":"taxable","14":"shipping-taxable","15":"purchasable","16":"product-type-variable","17":"wvs-archive-product-wrapper"},"acf":[],"_links":{"self":[{"href":"https:\/\/staging.nbg.eu\/fi\/wp-json\/wp\/v2\/product\/47710","targetHints":{"allow":["GET"]}}],"collection":[{"href":"https:\/\/staging.nbg.eu\/fi\/wp-json\/wp\/v2\/product"}],"about":[{"href":"https:\/\/staging.nbg.eu\/fi\/wp-json\/wp\/v2\/types\/product"}],"wp:featuredmedia":[{"embeddable":true,"href":"https:\/\/staging.nbg.eu\/fi\/wp-json\/wp\/v2\/media\/47712"}],"wp:attachment":[{"href":"https:\/\/staging.nbg.eu\/fi\/wp-json\/wp\/v2\/media?parent=47710"}],"wp:term":[{"taxonomy":"product_brand","embeddable":true,"href":"https:\/\/staging.nbg.eu\/fi\/wp-json\/wp\/v2\/product_brand?post=47710"},{"taxonomy":"product_cat","embeddable":true,"href":"https:\/\/staging.nbg.eu\/fi\/wp-json\/wp\/v2\/product_cat?post=47710"},{"taxonomy":"product_tag","embeddable":true,"href":"https:\/\/staging.nbg.eu\/fi\/wp-json\/wp\/v2\/product_tag?post=47710"}],"curies":[{"name":"wp","href":"https:\/\/api.w.org\/{rel}","templated":true}]}}