{"id":47425,"date":"2024-07-30T18:47:47","date_gmt":"2024-09-12T13:39:49","guid":{"rendered":"https:\/\/staging.nbg.eu\/product\/surefire-x400t-a-rd\/"},"modified":"2025-02-19T15:09:35","modified_gmt":"2025-02-19T15:09:35","slug":"surefire-x400t-a-rd","status":"publish","type":"product","link":"https:\/\/staging.nbg.eu\/fi\/tuote\/surefire-x400t-a-rd\/","title":{"rendered":"SureFire X400T-A-RD"},"content":{"rendered":"<div class=\"product-description\">\n<h2>SureFire X400T-A-RD (Punainen laser) Asevalaisin<\/h2>\n<p>SureFire X400T-A-RD on taktinen valaisin ammattik\u00e4ytt\u00f6\u00f6n.<br \/>\n66 000 kandelan huippuintensiteetti ja 650 lumenin teho.<br \/>\nValaisimen ominaisuudet:<\/p>\n<ul>\n<li>Integroitu 5 milliwatin punainen laser kohteen havaitsemiseen<\/li>\n<li>Turbo-valokuvio kohteen tunnistamiseen pitkill\u00e4 et\u00e4isyyksill\u00e4<\/li>\n<li>Vipukiinnitysj\u00e4rjestelm\u00e4 Universal- ja Picatinny-kiskoihin<\/li>\n<li>Molemminpuoliset kytkimet nopeaan k\u00e4ytt\u00f6\u00f6n<\/li>\n<li>Yhteensopiva X300U-A-koteloiden kanssa<\/li>\n<li>Alumiinirunko, anodisoitu pinta<\/li>\n<li>IPX7-vesitiiviysluokitus (1 metri 30 minuuttia)<\/li>\n<li>1,5 tunnin k\u00e4ytt\u00f6aika kahdella 123A-litiumparistolla (sis\u00e4ltyv\u00e4t)<\/li>\n<\/ul>\n<p>X400T-A-RD yhdist\u00e4\u00e4 valkoisen valon ja punaisen laserin uhkien<br \/>\ntunnistamiseen pitkill\u00e4 et\u00e4isyyksill\u00e4. Molemminpuoliset kytkimet<br \/>\nmahdollistavat yhden sormen k\u00e4yt\u00f6n. Kest\u00e4v\u00e4 ja korroosionkest\u00e4v\u00e4<br \/>\nrakenne.<\/p>\n<\/div>\n","protected":false},"excerpt":{"rendered":"<p>SureFire X400T-A-RD: 650 lumenin taktinen valo punaisella laserilla, kiskokiinnitteinen.<\/p>\n","protected":false},"featured_media":47426,"template":"","meta":{"_acf_changed":false},"product_brand":[11869],"product_cat":[13182,13209,13216],"product_tag":[],"class_list":{"0":"post-47425","1":"product","2":"type-product","3":"status-publish","4":"has-post-thumbnail","6":"product_brand-surefire","7":"product_cat-pistooli","8":"product_cat-pistoolin-valot","9":"product_cat-valot","11":"first","12":"instock","13":"taxable","14":"shipping-taxable","15":"purchasable","16":"product-type-simple"},"acf":[],"_links":{"self":[{"href":"https:\/\/staging.nbg.eu\/fi\/wp-json\/wp\/v2\/product\/47425","targetHints":{"allow":["GET"]}}],"collection":[{"href":"https:\/\/staging.nbg.eu\/fi\/wp-json\/wp\/v2\/product"}],"about":[{"href":"https:\/\/staging.nbg.eu\/fi\/wp-json\/wp\/v2\/types\/product"}],"wp:featuredmedia":[{"embeddable":true,"href":"https:\/\/staging.nbg.eu\/fi\/wp-json\/wp\/v2\/media\/47426"}],"wp:attachment":[{"href":"https:\/\/staging.nbg.eu\/fi\/wp-json\/wp\/v2\/media?parent=47425"}],"wp:term":[{"taxonomy":"product_brand","embeddable":true,"href":"https:\/\/staging.nbg.eu\/fi\/wp-json\/wp\/v2\/product_brand?post=47425"},{"taxonomy":"product_cat","embeddable":true,"href":"https:\/\/staging.nbg.eu\/fi\/wp-json\/wp\/v2\/product_cat?post=47425"},{"taxonomy":"product_tag","embeddable":true,"href":"https:\/\/staging.nbg.eu\/fi\/wp-json\/wp\/v2\/product_tag?post=47425"}],"curies":[{"name":"wp","href":"https:\/\/api.w.org\/{rel}","templated":true}]}}