{"id":47298,"date":"2024-07-30T18:47:47","date_gmt":"2024-09-12T13:24:50","guid":{"rendered":"https:\/\/staging.nbg.eu\/product\/surefire-maxvision-tactician-e2t-mv\/"},"modified":"2024-09-12T13:25:30","modified_gmt":"2024-09-12T13:25:30","slug":"surefire-maxvision-tactician-e2t-mv","status":"publish","type":"product","link":"https:\/\/staging.nbg.eu\/fi\/tuote\/surefire-maxvision-tactician-e2t-mv\/","title":{"rendered":"SureFire MAXVISION Tactician E2T-MV"},"content":{"rendered":"<div class=\"product-description\">\n<h2>SureFire MAXVISION Tactician E2T-MV<\/h2>\n<p>SureFire MAXVISION Tactician E2T-MV on taskulamppu, jota voidaan k\u00e4ytt\u00e4\u00e4 my\u00f6s asevalona.<\/p>\n<ul>\n<li>Kaksitehoinen LED MaxVision Beam\u00ae -heijastimella<\/li>\n<li>800 lumenia korkealla teholla<\/li>\n<li>5 lumenia matalalla teholla (95 tunnin k\u00e4ytt\u00f6aika)<\/li>\n<li>Taktinen takaosan kytkin hetkelliseen tai jatkuvaan k\u00e4ytt\u00f6\u00f6n<\/li>\n<li>Pituus 5,0 tuumaa, paino 3,5 unssia<\/li>\n<li>Kest\u00e4v\u00e4 alumiinirakenne, anodisoitu pinta<\/li>\n<li>IPX7-vesitiiviysluokitus<\/li>\n<li>Toimii kahdella 123A-paristolla (sis\u00e4ltyv\u00e4t)<\/li>\n<\/ul>\n<p>Etup\u00e4\u00e4n muotoilun ansiosta valonvoimakkuutta voi s\u00e4\u00e4t\u00e4\u00e4: kirist\u00e4 maksimiteholle tai l\u00f6ys\u00e4\u00e4 matalalle teholle. Valon huippuintensiteetti on 3200 kandelaa ja kantama 115 metri\u00e4.<\/p>\n<\/div>\n","protected":false},"excerpt":{"rendered":"<p>Monipuolinen 800 lumenin taktinen valo kaksoisteholla ja MaxVision Beam\u00ae -teknologialla.<\/p>\n","protected":false},"featured_media":47299,"template":"","meta":{"_acf_changed":false},"product_brand":[11869],"product_cat":[13215,13184,13216],"product_tag":[],"class_list":{"0":"post-47298","1":"product","2":"type-product","3":"status-publish","4":"has-post-thumbnail","6":"product_brand-surefire","7":"product_cat-edc","8":"product_cat-edc-valot","9":"product_cat-valot","11":"first","12":"instock","13":"taxable","14":"shipping-taxable","15":"purchasable","16":"product-type-simple"},"acf":[],"_links":{"self":[{"href":"https:\/\/staging.nbg.eu\/fi\/wp-json\/wp\/v2\/product\/47298","targetHints":{"allow":["GET"]}}],"collection":[{"href":"https:\/\/staging.nbg.eu\/fi\/wp-json\/wp\/v2\/product"}],"about":[{"href":"https:\/\/staging.nbg.eu\/fi\/wp-json\/wp\/v2\/types\/product"}],"wp:featuredmedia":[{"embeddable":true,"href":"https:\/\/staging.nbg.eu\/fi\/wp-json\/wp\/v2\/media\/47299"}],"wp:attachment":[{"href":"https:\/\/staging.nbg.eu\/fi\/wp-json\/wp\/v2\/media?parent=47298"}],"wp:term":[{"taxonomy":"product_brand","embeddable":true,"href":"https:\/\/staging.nbg.eu\/fi\/wp-json\/wp\/v2\/product_brand?post=47298"},{"taxonomy":"product_cat","embeddable":true,"href":"https:\/\/staging.nbg.eu\/fi\/wp-json\/wp\/v2\/product_cat?post=47298"},{"taxonomy":"product_tag","embeddable":true,"href":"https:\/\/staging.nbg.eu\/fi\/wp-json\/wp\/v2\/product_tag?post=47298"}],"curies":[{"name":"wp","href":"https:\/\/api.w.org\/{rel}","templated":true}]}}