{"id":47221,"date":"2024-07-30T18:50:58","date_gmt":"2024-09-12T13:12:21","guid":{"rendered":"https:\/\/staging.nbg.eu\/product\/surefire-b12-lithium-polymer-battery\/"},"modified":"2024-09-12T13:13:01","modified_gmt":"2024-09-12T13:13:01","slug":"surefire-b12-litiumpolymeeriakku","status":"publish","type":"product","link":"https:\/\/staging.nbg.eu\/fi\/tuote\/surefire-b12-litiumpolymeeriakku\/","title":{"rendered":"SureFire B12 Litiumpolymeeriakku"},"content":{"rendered":"<div class=\"product-description\">\n<h2>SureFire B12 LITIUMPOLYMEERIAKKU<\/h2>\n<p>B12 Litiumpolymeeriakku on tarkoitettu SureFire XSC -sarjan mikrokompakteihin asevaloihin. T\u00e4m\u00e4 irrotettava, ladattava akku on suunniteltu nopeaan vaihtoon ilman XSC:n irrottamista aseesta.<\/p>\n<ul>\n<li>Suunniteltu erityisesti SureFire XSC -asevaloihin<\/li>\n<li>Tarjoaa jopa 30 minuutin k\u00e4ytt\u00f6ajan 350 lumenin kirkkaudella<\/li>\n<li>Varaustilan tarkistus painonapilla<\/li>\n<li>Yhteensopiva SureFiren CH21-laturin kanssa<\/li>\n<li>Kustannustehokas ratkaisu pitk\u00e4aikaiseen k\u00e4ytt\u00f6\u00f6n<\/li>\n<\/ul>\n<p>SureFire B12 on virtal\u00e4hde XSC-asevalollesi.<\/p>\n<\/div>\n","protected":false},"excerpt":{"rendered":"<p>Ladattava akku SureFire XSC asevalaisimille. Nopea vaihto, 30 minuutin k\u00e4ytt\u00f6aika.<\/p>\n","protected":false},"featured_media":47222,"template":"","meta":{"_acf_changed":false},"product_brand":[11869],"product_cat":[13164,13216],"product_tag":[],"class_list":{"0":"post-47221","1":"product","2":"type-product","3":"status-publish","4":"has-post-thumbnail","6":"product_brand-surefire","7":"product_cat-paristot","8":"product_cat-valot","10":"first","11":"instock","12":"taxable","13":"shipping-taxable","14":"purchasable","15":"product-type-simple"},"acf":[],"_links":{"self":[{"href":"https:\/\/staging.nbg.eu\/fi\/wp-json\/wp\/v2\/product\/47221","targetHints":{"allow":["GET"]}}],"collection":[{"href":"https:\/\/staging.nbg.eu\/fi\/wp-json\/wp\/v2\/product"}],"about":[{"href":"https:\/\/staging.nbg.eu\/fi\/wp-json\/wp\/v2\/types\/product"}],"wp:featuredmedia":[{"embeddable":true,"href":"https:\/\/staging.nbg.eu\/fi\/wp-json\/wp\/v2\/media\/47222"}],"wp:attachment":[{"href":"https:\/\/staging.nbg.eu\/fi\/wp-json\/wp\/v2\/media?parent=47221"}],"wp:term":[{"taxonomy":"product_brand","embeddable":true,"href":"https:\/\/staging.nbg.eu\/fi\/wp-json\/wp\/v2\/product_brand?post=47221"},{"taxonomy":"product_cat","embeddable":true,"href":"https:\/\/staging.nbg.eu\/fi\/wp-json\/wp\/v2\/product_cat?post=47221"},{"taxonomy":"product_tag","embeddable":true,"href":"https:\/\/staging.nbg.eu\/fi\/wp-json\/wp\/v2\/product_tag?post=47221"}],"curies":[{"name":"wp","href":"https:\/\/api.w.org\/{rel}","templated":true}]}}