{"id":47189,"date":"2024-07-30T18:50:58","date_gmt":"2024-07-30T18:50:58","guid":{"rendered":"https:\/\/staging.nbg.eu\/product\/surefire-sflfp123-batteries-charger\/"},"modified":"2024-09-12T13:08:29","modified_gmt":"2024-09-12T13:08:29","slug":"surefire-sflfp123-paristot-laturi","status":"publish","type":"product","link":"https:\/\/staging.nbg.eu\/fi\/tuote\/surefire-sflfp123-paristot-laturi\/","title":{"rendered":"SureFire SFLFP123 Paristot + Laturi"},"content":{"rendered":"<p>SureFire SFLFP123 AKUT + Laturisarja<\/p>\n<ul>\n<li>Ladattavat SFLFP123-akut ovat edullisempia kuin kertak\u00e4ytt\u00f6iset 123A-litiumparistot<\/li>\n<li>Ei sis\u00e4ll\u00e4 haitallisia raskasmetalleja<\/li>\n<li>Kahden akun laturi helppoon lataamiseen kotona tai matkalla<\/li>\n<li>Sarja sis\u00e4lt\u00e4\u00e4:\n<ul>\n<li>Kaksi litium-rautafosfaatti (LiFePO4) 450mAh 3.2V ladattavaa kennoa<\/li>\n<li>Kahden akun laturi<\/li>\n<li>MICRO-USB &#8211; USB-A -kaapeli<\/li>\n<\/ul>\n<\/li>\n<\/ul>\n<p>SureFire SFLFP123 AKUT + Laturi<\/p>\n","protected":false},"excerpt":{"rendered":"<p>Ladattavat LiFePO4-akut laturilla. Ymp\u00e4rist\u00f6yst\u00e4v\u00e4lliset, kustannustehokkaat.<\/p>\n","protected":false},"featured_media":47168,"template":"","meta":{"_acf_changed":false},"product_brand":[11869],"product_cat":[13164,13216,13240],"product_tag":[],"class_list":{"0":"post-47189","1":"product","2":"type-product","3":"status-publish","4":"has-post-thumbnail","6":"product_brand-surefire","7":"product_cat-paristot","8":"product_cat-valot","9":"product_cat-valotarvikkeet","11":"first","12":"outofstock","13":"taxable","14":"shipping-taxable","15":"purchasable","16":"product-type-simple"},"acf":[],"_links":{"self":[{"href":"https:\/\/staging.nbg.eu\/fi\/wp-json\/wp\/v2\/product\/47189","targetHints":{"allow":["GET"]}}],"collection":[{"href":"https:\/\/staging.nbg.eu\/fi\/wp-json\/wp\/v2\/product"}],"about":[{"href":"https:\/\/staging.nbg.eu\/fi\/wp-json\/wp\/v2\/types\/product"}],"wp:featuredmedia":[{"embeddable":true,"href":"https:\/\/staging.nbg.eu\/fi\/wp-json\/wp\/v2\/media\/47168"}],"wp:attachment":[{"href":"https:\/\/staging.nbg.eu\/fi\/wp-json\/wp\/v2\/media?parent=47189"}],"wp:term":[{"taxonomy":"product_brand","embeddable":true,"href":"https:\/\/staging.nbg.eu\/fi\/wp-json\/wp\/v2\/product_brand?post=47189"},{"taxonomy":"product_cat","embeddable":true,"href":"https:\/\/staging.nbg.eu\/fi\/wp-json\/wp\/v2\/product_cat?post=47189"},{"taxonomy":"product_tag","embeddable":true,"href":"https:\/\/staging.nbg.eu\/fi\/wp-json\/wp\/v2\/product_tag?post=47189"}],"curies":[{"name":"wp","href":"https:\/\/api.w.org\/{rel}","templated":true}]}}