{"id":47117,"date":"2024-07-30T18:50:58","date_gmt":"2024-07-30T18:50:58","guid":{"rendered":"https:\/\/staging.nbg.eu\/product\/surefire-sflfp123-batteries-2-pack\/"},"modified":"2024-09-12T13:04:17","modified_gmt":"2024-09-12T13:04:17","slug":"surefire-sflfp123-paristot-2-kpl","status":"publish","type":"product","link":"https:\/\/staging.nbg.eu\/fi\/tuote\/surefire-sflfp123-paristot-2-kpl\/","title":{"rendered":"SureFire SFLFP123 Paristot 2 kpl"},"content":{"rendered":"<div class=\"product-description\">\n<h2>SureFire SFLFP123 Paristot &#8211; 2 Kpl<\/h2>\n<p>SureFire SFLFP123 Paristot. T\u00e4m\u00e4 2 kappaleen litiumfosfaattiparistopakkaus tarjoaa:<\/p>\n<ul>\n<li>Virta taskulamppuihin, asevaloihin ja muihin laitteisiin<\/li>\n<li>3,2V nimellisj\u00e4nnite 1500mAh kapasiteetilla<\/li>\n<li>L\u00e4mp\u00f6tilankesto (-40\u00b0C &#8211; 60\u00b0C)<\/li>\n<li>10 vuoden s\u00e4ilyvyysaika<\/li>\n<li>Ladattavissa 500 kertaa<\/li>\n<li>Valmistettu Yhdysvalloissa<\/li>\n<\/ul>\n<p>N\u00e4m\u00e4 kompaktit ja kevyet paristot toimivat vaativissa olosuhteissa.<\/p>\n<\/div>\n","protected":false},"excerpt":{"rendered":"<p>SureFire SFLFP123 -paristot: Tehokkaat 3V:n litiumfosfaattiparistot, jotka on suunniteltu maksimaaliseen tehoon ja pitk\u00e4ik\u00e4isyyteen. T\u00e4m\u00e4 2 kappaleen pakkaus tarjoaa luotettavaa virtaa taskulampuille, asevaloille ja muille laitteille. Luota SureFiren laatuun saadaksesi tasaista, pitk\u00e4kestoista energiaa kompaktissa koossa.<\/p>\n","protected":false},"featured_media":47118,"template":"","meta":{"_acf_changed":false},"product_brand":[11869],"product_cat":[13215,13184,13164,13216,13240],"product_tag":[],"class_list":{"0":"post-47117","1":"product","2":"type-product","3":"status-publish","4":"has-post-thumbnail","6":"product_brand-surefire","7":"product_cat-edc","8":"product_cat-edc-valot","9":"product_cat-paristot","10":"product_cat-valot","11":"product_cat-valotarvikkeet","13":"first","14":"instock","15":"taxable","16":"shipping-taxable","17":"purchasable","18":"product-type-simple"},"acf":[],"_links":{"self":[{"href":"https:\/\/staging.nbg.eu\/fi\/wp-json\/wp\/v2\/product\/47117","targetHints":{"allow":["GET"]}}],"collection":[{"href":"https:\/\/staging.nbg.eu\/fi\/wp-json\/wp\/v2\/product"}],"about":[{"href":"https:\/\/staging.nbg.eu\/fi\/wp-json\/wp\/v2\/types\/product"}],"wp:featuredmedia":[{"embeddable":true,"href":"https:\/\/staging.nbg.eu\/fi\/wp-json\/wp\/v2\/media\/47118"}],"wp:attachment":[{"href":"https:\/\/staging.nbg.eu\/fi\/wp-json\/wp\/v2\/media?parent=47117"}],"wp:term":[{"taxonomy":"product_brand","embeddable":true,"href":"https:\/\/staging.nbg.eu\/fi\/wp-json\/wp\/v2\/product_brand?post=47117"},{"taxonomy":"product_cat","embeddable":true,"href":"https:\/\/staging.nbg.eu\/fi\/wp-json\/wp\/v2\/product_cat?post=47117"},{"taxonomy":"product_tag","embeddable":true,"href":"https:\/\/staging.nbg.eu\/fi\/wp-json\/wp\/v2\/product_tag?post=47117"}],"curies":[{"name":"wp","href":"https:\/\/api.w.org\/{rel}","templated":true}]}}