{"id":47038,"date":"2024-07-30T19:06:10","date_gmt":"2024-09-12T12:55:58","guid":{"rendered":"https:\/\/staging.nbg.eu\/product\/iosso-ar-rifle-complete-cleaning-kit\/"},"modified":"2024-09-12T12:56:44","modified_gmt":"2024-09-12T12:56:44","slug":"iosso-ar-kivaeaerin-taeydellinen-puhdistussarja","status":"publish","type":"product","link":"https:\/\/staging.nbg.eu\/fi\/tuote\/iosso-ar-kivaeaerin-taeydellinen-puhdistussarja\/","title":{"rendered":"Iosso AR Kiv\u00e4\u00e4rin T\u00e4ydellinen Puhdistussarja"},"content":{"rendered":"<div class=\"product-description\">\n<h2>Iosso AR-kiv\u00e4\u00e4rin puhdistussarja<\/h2>\n<p>Aseen kunnossapitoon tarkoitettu puhdistussarja. Ominaisuudet:<\/p>\n<ul>\n<li>6 tarkkaan mitoitettua harjaa puhdistukseen<\/li>\n<li>Puhdistaa ylemm\u00e4n vastaanottimen, patruunapes\u00e4n, lukon rungon, .223\/.30 kaliiperin piipun, kaasun s\u00e4\u00e4t\u00f6putken ja kaasuputken<\/li>\n<li>Kaasuputken harja puhdistaa ilman purkamista<\/li>\n<li>Sis\u00e4lt\u00e4\u00e4 tarvittavat ty\u00f6kalut, puhdistusvarren ja narun<\/li>\n<li>Sopii pistooleille, kiv\u00e4\u00e4reille ja haulikoille<\/li>\n<li>Mukana kuljetuslaukku<\/li>\n<\/ul>\n<p>K\u00e4yt\u00e4 yhdess\u00e4 Iosso Bore Cleaner -puhdistusaineen ja Triple Action Oil -\u00f6ljyn kanssa parhaan tuloksen saavuttamiseksi (myyd\u00e4\u00e4n erikseen).<\/p>\n<\/div>\n","protected":false},"excerpt":{"rendered":"<p>Kattava AR-kiv\u00e4\u00e4rin puhdistussarja, jossa 6 harjaa ja t\u00e4rkeimm\u00e4t ty\u00f6kalut.<\/p>\n","protected":false},"featured_media":107634,"template":"","meta":{"_acf_changed":false},"product_brand":[11476],"product_cat":[13206,13233,13171],"product_tag":[],"class_list":{"0":"post-47038","1":"product","2":"type-product","3":"status-publish","4":"has-post-thumbnail","6":"product_brand-iosso","7":"product_cat-aseen-puhdistus","8":"product_cat-harjat","9":"product_cat-puhdistussarjat","10":"pa_model-ar-308-fi","11":"pa_model-ar-15-fi","13":"first","14":"instock","15":"taxable","16":"shipping-taxable","17":"purchasable","18":"product-type-variable","19":"wvs-archive-product-wrapper"},"acf":[],"_links":{"self":[{"href":"https:\/\/staging.nbg.eu\/fi\/wp-json\/wp\/v2\/product\/47038","targetHints":{"allow":["GET"]}}],"collection":[{"href":"https:\/\/staging.nbg.eu\/fi\/wp-json\/wp\/v2\/product"}],"about":[{"href":"https:\/\/staging.nbg.eu\/fi\/wp-json\/wp\/v2\/types\/product"}],"wp:featuredmedia":[{"embeddable":true,"href":"https:\/\/staging.nbg.eu\/fi\/wp-json\/wp\/v2\/media\/107634"}],"wp:attachment":[{"href":"https:\/\/staging.nbg.eu\/fi\/wp-json\/wp\/v2\/media?parent=47038"}],"wp:term":[{"taxonomy":"product_brand","embeddable":true,"href":"https:\/\/staging.nbg.eu\/fi\/wp-json\/wp\/v2\/product_brand?post=47038"},{"taxonomy":"product_cat","embeddable":true,"href":"https:\/\/staging.nbg.eu\/fi\/wp-json\/wp\/v2\/product_cat?post=47038"},{"taxonomy":"product_tag","embeddable":true,"href":"https:\/\/staging.nbg.eu\/fi\/wp-json\/wp\/v2\/product_tag?post=47038"}],"curies":[{"name":"wp","href":"https:\/\/api.w.org\/{rel}","templated":true}]}}