{"id":46940,"date":"2024-07-30T19:11:42","date_gmt":"2024-09-12T12:43:02","guid":{"rendered":"https:\/\/staging.nbg.eu\/product\/surefire-scout-light-rear-cap\/"},"modified":"2024-09-12T12:43:46","modified_gmt":"2024-09-12T12:43:46","slug":"surefire-scout-light-takapaeaety","status":"publish","type":"product","link":"https:\/\/staging.nbg.eu\/fi\/tuote\/surefire-scout-light-takapaeaety\/","title":{"rendered":"SureFire Scout Light Takap\u00e4\u00e4ty"},"content":{"rendered":"<div class=\"product-description\">\n<h2>SureFire SCOUT LIGHT TAKAP\u00c4\u00c4KORKKI<\/h2>\n<p>SureFire SCOUT LIGHT TAKAP\u00c4\u00c4KORKKI on vaihto-osa Scout Lightiin, suunniteltu monipuolisuuden ja toiminnallisuuden parantamiseksi.<\/p>\n<h3>T\u00e4rkeimm\u00e4t ominaisuudet:<\/h3>\n<ul>\n<li>Yhteensopiva SureFire-nauhakytkinten kanssa (ST07 ei sis\u00e4lly)<\/li>\n<li>Lukitusominaisuus est\u00e4\u00e4 tahattoman aktivoinnin<\/li>\n<li>Ilmailuluokan alumiinirakenne<\/li>\n<li>Mil-Spec Type III kova-anodisoitu pinta<\/li>\n<li>Saatavana mustana tai hiekanv\u00e4risen\u00e4<\/li>\n<\/ul>\n<p>T\u00e4m\u00e4 takap\u00e4\u00e4korkki mahdollistaa SureFire-nauhakytkimen kiinnitt\u00e4misen, mik\u00e4 tarjoaa paremman hallinnan ja joustavuuden. Lukitusominaisuus varmistaa turvallisuuden kuljetuksen ja s\u00e4ilytyksen aikana.<\/p>\n<h3>Yhteensopivuus:<\/h3>\n<p>Sopii Scout Light -asevalaisimiin ja taskulamppuihin, joissa on 0,75 tuuman l\u00e4pimittainen kytkin, mukaan lukien:<\/p>\n<ul>\n<li>E1E-HA, E1B, E1L-HA-WH<\/li>\n<li>E2D-BK, E2DL-BK, E2L-HA-WH<\/li>\n<li>L4-HA-WH<\/li>\n<\/ul>\n<p><strong>Huomaa:<\/strong> Ei yhteensopiva Micro Scout Light Pron kanssa<\/p>\n<p>Paranna Scout Lightin suorituskyky\u00e4 t\u00e4ll\u00e4 kest\u00e4v\u00e4ll\u00e4 ja monipuolisella takap\u00e4\u00e4korkilla.<\/p>\n<\/div>\n","protected":false},"excerpt":{"rendered":"<p>Korvaava takakansi Scout-valaisimille. Mahdollistaa kytkinnauhan k\u00e4yt\u00f6n.<\/p>\n","protected":false},"featured_media":46941,"template":"","meta":{"_acf_changed":false},"product_brand":[11869],"product_cat":[13225,13216,13240],"product_tag":[],"class_list":{"0":"post-46940","1":"product","2":"type-product","3":"status-publish","4":"has-post-thumbnail","6":"product_brand-surefire","7":"product_cat-kivaeaeri","8":"product_cat-valot","9":"product_cat-valotarvikkeet","11":"first","12":"instock","13":"taxable","14":"shipping-taxable","15":"purchasable","16":"product-type-variable","17":"wvs-archive-product-wrapper"},"acf":[],"_links":{"self":[{"href":"https:\/\/staging.nbg.eu\/fi\/wp-json\/wp\/v2\/product\/46940","targetHints":{"allow":["GET"]}}],"collection":[{"href":"https:\/\/staging.nbg.eu\/fi\/wp-json\/wp\/v2\/product"}],"about":[{"href":"https:\/\/staging.nbg.eu\/fi\/wp-json\/wp\/v2\/types\/product"}],"wp:featuredmedia":[{"embeddable":true,"href":"https:\/\/staging.nbg.eu\/fi\/wp-json\/wp\/v2\/media\/46941"}],"wp:attachment":[{"href":"https:\/\/staging.nbg.eu\/fi\/wp-json\/wp\/v2\/media?parent=46940"}],"wp:term":[{"taxonomy":"product_brand","embeddable":true,"href":"https:\/\/staging.nbg.eu\/fi\/wp-json\/wp\/v2\/product_brand?post=46940"},{"taxonomy":"product_cat","embeddable":true,"href":"https:\/\/staging.nbg.eu\/fi\/wp-json\/wp\/v2\/product_cat?post=46940"},{"taxonomy":"product_tag","embeddable":true,"href":"https:\/\/staging.nbg.eu\/fi\/wp-json\/wp\/v2\/product_tag?post=46940"}],"curies":[{"name":"wp","href":"https:\/\/api.w.org\/{rel}","templated":true}]}}