{"id":46869,"date":"2024-07-30T19:11:42","date_gmt":"2024-09-12T12:28:34","guid":{"rendered":"https:\/\/staging.nbg.eu\/product\/surefire-csm-07-weaponlight-switch\/"},"modified":"2024-09-12T12:29:17","modified_gmt":"2024-09-12T12:29:17","slug":"surefire-csm-07-asevalokytkimen","status":"publish","type":"product","link":"https:\/\/staging.nbg.eu\/fi\/tuote\/surefire-csm-07-asevalokytkimen\/","title":{"rendered":"SureFire CSM-07 Asevalokytkimen"},"content":{"rendered":"<h2>SureFire CSM-07 ASEVALO KYTKIN<\/h2>\n<p>SureFire CSM-07 ASEVALO KYTKIN on et\u00e4aktivointij\u00e4rjestelm\u00e4, joka on suunniteltu SureFire-asevaloja varten, joissa on kytkimen liit\u00e4nt\u00e4.<\/p>\n<h2>Ominaisuudet:<\/h2>\n<ul>\n<li>Yksi kytkin hetkelliseen ja jatkuvaan aktivointiin<\/li>\n<li>Kiinnitys M-LOK-kiskoon mukana tulevalla kiinnikkeell\u00e4<\/li>\n<li>Tilaa s\u00e4\u00e4st\u00e4v\u00e4 muotoilu<\/li>\n<li>Muovikotelo<\/li>\n<li>Valmistettu SureFiren standardien mukaisesti<\/li>\n<\/ul>\n<p>CSM-07:ss\u00e4 on hetkellinen aktivointi kevyell\u00e4 painalluksella ja jatkuva aktivointi l\u00e4pipainalluksella. Sen kompakti muotoilu s\u00e4\u00e4st\u00e4\u00e4 tilaa kiskossa.<\/p>\n<h2>Yhteensopivuus:<\/h2>\n<p>Sopii SureFire-asevaloihin, joissa on liit\u00e4nt\u00e4, mukaan lukien Millennium Universal, Classic Universal, Scout Light (liit\u00e4nn\u00e4llisell\u00e4 takaosalla), X300 ja X400 (XT-takaosakokonaisuudella).<\/p>\n<p>CSM-07 on tarkoitettu valon luotettavaan aktivointiin.<\/p>\n","protected":false},"excerpt":{"rendered":"<p>Et\u00e4k\u00e4ytt\u00f6inen SureFire WeaponLight -kytkin M-LOK-kiskoille. Kompakti muotoilu.<\/p>\n","protected":false},"featured_media":46870,"template":"","meta":{"_acf_changed":false},"product_brand":[11869],"product_cat":[13216,13240],"product_tag":[],"class_list":{"0":"post-46869","1":"product","2":"type-product","3":"status-publish","4":"has-post-thumbnail","6":"product_brand-surefire","7":"product_cat-valot","8":"product_cat-valotarvikkeet","10":"first","11":"instock","12":"taxable","13":"shipping-taxable","14":"purchasable","15":"product-type-simple"},"acf":[],"_links":{"self":[{"href":"https:\/\/staging.nbg.eu\/fi\/wp-json\/wp\/v2\/product\/46869","targetHints":{"allow":["GET"]}}],"collection":[{"href":"https:\/\/staging.nbg.eu\/fi\/wp-json\/wp\/v2\/product"}],"about":[{"href":"https:\/\/staging.nbg.eu\/fi\/wp-json\/wp\/v2\/types\/product"}],"wp:featuredmedia":[{"embeddable":true,"href":"https:\/\/staging.nbg.eu\/fi\/wp-json\/wp\/v2\/media\/46870"}],"wp:attachment":[{"href":"https:\/\/staging.nbg.eu\/fi\/wp-json\/wp\/v2\/media?parent=46869"}],"wp:term":[{"taxonomy":"product_brand","embeddable":true,"href":"https:\/\/staging.nbg.eu\/fi\/wp-json\/wp\/v2\/product_brand?post=46869"},{"taxonomy":"product_cat","embeddable":true,"href":"https:\/\/staging.nbg.eu\/fi\/wp-json\/wp\/v2\/product_cat?post=46869"},{"taxonomy":"product_tag","embeddable":true,"href":"https:\/\/staging.nbg.eu\/fi\/wp-json\/wp\/v2\/product_tag?post=46869"}],"curies":[{"name":"wp","href":"https:\/\/api.w.org\/{rel}","templated":true}]}}