{"id":46773,"date":"2024-07-30T19:41:53","date_gmt":"2024-09-12T12:04:18","guid":{"rendered":"https:\/\/staging.nbg.eu\/product\/iosso-pistol-brush\/"},"modified":"2024-09-12T12:05:29","modified_gmt":"2024-09-12T12:05:29","slug":"iosso-pistoolin-harja","status":"publish","type":"product","link":"https:\/\/staging.nbg.eu\/fi\/tuote\/iosso-pistoolin-harja\/","title":{"rendered":"Iosso Pistoolin Harja"},"content":{"rendered":"<p>\n<strong>Iosso Pistooliharjalla<\/strong> on seuraavat ominaisuudet:<\/p>\n<ul>\n<li>Sinis\u00e4vyiset kuidut tunnistamisen helpottamiseksi<\/li>\n<li>Paksummat, j\u00e4ykemm\u00e4t harjakset mahdollistavat edestakaiset liikkeet<\/li>\n<li>8-10 kertaa kest\u00e4v\u00e4mpi kuin tavalliset harjat<\/li>\n<li>Tihe\u00e4mpi harjasrakenne<\/li>\n<li>Sopii k\u00e4ytett\u00e4v\u00e4ksi Iosson piipunpuhdistusaineen ja monitoimiliuoksen kanssa<\/li>\n<li>Poistaa kaikenlaisia ep\u00e4puhtauksia<\/li>\n<li>V\u00e4hent\u00e4\u00e4 puhdistusaikaa<\/li>\n<\/ul>\n<p>Saatavana eri asekokoja varten. Siniset harjat ovat Iosso Productsin tavaramerkki.<\/p>\n","protected":false},"excerpt":{"rendered":"<p>Kest\u00e4v\u00e4 koboltinsininen pistooliharjasharja tehokkaaseen ja perusteelliseen piipun puhdistukseen.<\/p>\n","protected":false},"featured_media":107489,"template":"","meta":{"_acf_changed":false},"product_brand":[11476],"product_cat":[13206,13233],"product_tag":[],"class_list":{"0":"post-46773","1":"product","2":"type-product","3":"status-publish","4":"has-post-thumbnail","6":"product_brand-iosso","7":"product_cat-aseen-puhdistus","8":"product_cat-harjat","10":"first","11":"instock","12":"taxable","13":"shipping-taxable","14":"purchasable","15":"product-type-variable","16":"wvs-archive-product-wrapper"},"acf":[],"_links":{"self":[{"href":"https:\/\/staging.nbg.eu\/fi\/wp-json\/wp\/v2\/product\/46773","targetHints":{"allow":["GET"]}}],"collection":[{"href":"https:\/\/staging.nbg.eu\/fi\/wp-json\/wp\/v2\/product"}],"about":[{"href":"https:\/\/staging.nbg.eu\/fi\/wp-json\/wp\/v2\/types\/product"}],"wp:featuredmedia":[{"embeddable":true,"href":"https:\/\/staging.nbg.eu\/fi\/wp-json\/wp\/v2\/media\/107489"}],"wp:attachment":[{"href":"https:\/\/staging.nbg.eu\/fi\/wp-json\/wp\/v2\/media?parent=46773"}],"wp:term":[{"taxonomy":"product_brand","embeddable":true,"href":"https:\/\/staging.nbg.eu\/fi\/wp-json\/wp\/v2\/product_brand?post=46773"},{"taxonomy":"product_cat","embeddable":true,"href":"https:\/\/staging.nbg.eu\/fi\/wp-json\/wp\/v2\/product_cat?post=46773"},{"taxonomy":"product_tag","embeddable":true,"href":"https:\/\/staging.nbg.eu\/fi\/wp-json\/wp\/v2\/product_tag?post=46773"}],"curies":[{"name":"wp","href":"https:\/\/api.w.org\/{rel}","templated":true}]}}