{"id":46572,"date":"2024-07-30T19:46:24","date_gmt":"2024-09-11T16:04:05","guid":{"rendered":"https:\/\/staging.nbg.eu\/product\/iosso-rifle-brush\/"},"modified":"2024-09-11T16:05:45","modified_gmt":"2024-09-11T16:05:45","slug":"iosso-kivaeaerin-harja","status":"publish","type":"product","link":"https:\/\/staging.nbg.eu\/fi\/tuote\/iosso-kivaeaerin-harja\/","title":{"rendered":"Iosso Kiv\u00e4\u00e4rin Harja"},"content":{"rendered":"<p>\nIosso Products -merkkinen sininen kiv\u00e4\u00e4rin puhdistusharja. Ominaisuudet:<\/p>\n<ul>\n<li>Paksummat, j\u00e4ykemm\u00e4t kuidut edestakaiseen puhdistukseen<\/li>\n<li>Tihe\u00e4sti punottu, enemm\u00e4n kuituja tuumaa kohti<\/li>\n<li>Uudelleenk\u00e4ytett\u00e4v\u00e4 useita kertoja<\/li>\n<li>Sopii k\u00e4ytett\u00e4v\u00e4ksi Iosso-piipunpuhdistusaineen kanssa<\/li>\n<li>Poistaa kaikenlaisia ep\u00e4puhtauksia<\/li>\n<li>Lyhent\u00e4\u00e4 puhdistusaikaa<\/li>\n<\/ul>\n<p>Tehokas piipun puhdistus.<\/p>\n","protected":false},"excerpt":{"rendered":"<p>Kest\u00e4v\u00e4 koboltin sininen kiv\u00e4\u00e4rin puhdistusharja tehokkaaseen ja pitk\u00e4kestoiseen piipun puhdistukseen.<\/p>\n","protected":false},"featured_media":107420,"template":"","meta":{"_acf_changed":false},"product_brand":[11476],"product_cat":[13206,13233],"product_tag":[],"class_list":{"0":"post-46572","1":"product","2":"type-product","3":"status-publish","4":"has-post-thumbnail","6":"product_brand-iosso","7":"product_cat-aseen-puhdistus","8":"product_cat-harjat","10":"first","11":"instock","12":"taxable","13":"shipping-taxable","14":"purchasable","15":"product-type-variable","16":"wvs-archive-product-wrapper"},"acf":[],"_links":{"self":[{"href":"https:\/\/staging.nbg.eu\/fi\/wp-json\/wp\/v2\/product\/46572","targetHints":{"allow":["GET"]}}],"collection":[{"href":"https:\/\/staging.nbg.eu\/fi\/wp-json\/wp\/v2\/product"}],"about":[{"href":"https:\/\/staging.nbg.eu\/fi\/wp-json\/wp\/v2\/types\/product"}],"wp:featuredmedia":[{"embeddable":true,"href":"https:\/\/staging.nbg.eu\/fi\/wp-json\/wp\/v2\/media\/107420"}],"wp:attachment":[{"href":"https:\/\/staging.nbg.eu\/fi\/wp-json\/wp\/v2\/media?parent=46572"}],"wp:term":[{"taxonomy":"product_brand","embeddable":true,"href":"https:\/\/staging.nbg.eu\/fi\/wp-json\/wp\/v2\/product_brand?post=46572"},{"taxonomy":"product_cat","embeddable":true,"href":"https:\/\/staging.nbg.eu\/fi\/wp-json\/wp\/v2\/product_cat?post=46572"},{"taxonomy":"product_tag","embeddable":true,"href":"https:\/\/staging.nbg.eu\/fi\/wp-json\/wp\/v2\/product_tag?post=46572"}],"curies":[{"name":"wp","href":"https:\/\/api.w.org\/{rel}","templated":true}]}}