{"id":46422,"date":"2024-07-31T20:54:52","date_gmt":"2024-09-11T15:52:55","guid":{"rendered":"https:\/\/staging.nbg.eu\/product\/shotgun-brush\/"},"modified":"2024-09-11T15:53:41","modified_gmt":"2024-09-11T15:53:41","slug":"haulikon-harja","status":"publish","type":"product","link":"https:\/\/staging.nbg.eu\/fi\/tuote\/haulikon-harja\/","title":{"rendered":"Haulikon Harja"},"content":{"rendered":"<p>\nIosso Productsin koboltin sininen haulikon harja. Ominaisuudet:<\/p>\n<ul>\n<li>Paksummat, j\u00e4ykemm\u00e4t kuidut edestakaiseen puhdistukseen<\/li>\n<li>Tiukasti kierretty, enemm\u00e4n kuitua tuumaa kohti<\/li>\n<li>Uudelleenk\u00e4ytett\u00e4v\u00e4 useita kertoja<\/li>\n<li>Sopii k\u00e4ytett\u00e4v\u00e4ksi Iosso Bore Cleanerin kanssa<\/li>\n<li>Poistaa kaikenlaista likaa<\/li>\n<li>Lyhent\u00e4\u00e4 puhdistusaikaa<\/li>\n<\/ul>\n<p>Tehokas piipun puhdistus.<\/p>\n","protected":false},"excerpt":{"rendered":"<p>Laadukas koboltin sininen piipunpuhdistusharja tehokkaaseen ja perusteelliseen haulikon puhdistukseen.<\/p>\n","protected":false},"featured_media":46423,"template":"","meta":{"_acf_changed":false},"product_brand":[],"product_cat":[13206,13233],"product_tag":[],"class_list":{"0":"post-46422","1":"product","2":"type-product","3":"status-publish","4":"has-post-thumbnail","6":"product_cat-aseen-puhdistus","7":"product_cat-harjat","9":"first","10":"instock","11":"taxable","12":"shipping-taxable","13":"purchasable","14":"product-type-variable","15":"wvs-archive-product-wrapper"},"acf":[],"_links":{"self":[{"href":"https:\/\/staging.nbg.eu\/fi\/wp-json\/wp\/v2\/product\/46422","targetHints":{"allow":["GET"]}}],"collection":[{"href":"https:\/\/staging.nbg.eu\/fi\/wp-json\/wp\/v2\/product"}],"about":[{"href":"https:\/\/staging.nbg.eu\/fi\/wp-json\/wp\/v2\/types\/product"}],"wp:featuredmedia":[{"embeddable":true,"href":"https:\/\/staging.nbg.eu\/fi\/wp-json\/wp\/v2\/media\/46423"}],"wp:attachment":[{"href":"https:\/\/staging.nbg.eu\/fi\/wp-json\/wp\/v2\/media?parent=46422"}],"wp:term":[{"taxonomy":"product_brand","embeddable":true,"href":"https:\/\/staging.nbg.eu\/fi\/wp-json\/wp\/v2\/product_brand?post=46422"},{"taxonomy":"product_cat","embeddable":true,"href":"https:\/\/staging.nbg.eu\/fi\/wp-json\/wp\/v2\/product_cat?post=46422"},{"taxonomy":"product_tag","embeddable":true,"href":"https:\/\/staging.nbg.eu\/fi\/wp-json\/wp\/v2\/product_tag?post=46422"}],"curies":[{"name":"wp","href":"https:\/\/api.w.org\/{rel}","templated":true}]}}