{"id":46251,"date":"2024-07-31T20:30:37","date_gmt":"2024-09-11T15:45:46","guid":{"rendered":"https:\/\/staging.nbg.eu\/product\/fox-ammunition-65-creed-123-gr\/"},"modified":"2024-09-11T15:46:29","modified_gmt":"2024-09-11T15:46:29","slug":"fox-ammukset-65-creed-123-gr","status":"publish","type":"product","link":"https:\/\/staging.nbg.eu\/fi\/tuote\/fox-ammukset-65-creed-123-gr\/","title":{"rendered":"Fox Ammukset 6,5 Creed. &#8211; 123 gr"},"content":{"rendered":"<h2>Fox Ammunition 6.5 Creed &#8211; 123 gr<\/h2>\n<p>Fox Ammunition 6.5 Creed 123 gr patruunat. Sis\u00e4lt\u00e4v\u00e4t Fox Classic mets\u00e4stysluodin, joka on valmistettu kupari-sinkkiseoksesta ilman lyijy\u00e4.<\/p>\n<ul>\n<li>Lyijyt\u00f6n koostumus<\/li>\n<li>Uritettu rakenne v\u00e4hent\u00e4\u00e4 piipun painetta ja lis\u00e4\u00e4 nopeutta<\/li>\n<li>L\u00e4mp\u00f6vakaa muovik\u00e4rki parantaa ballistiikkaa ja vaikutusta kohteessa<\/li>\n<li>Hallittu laajeneminen<\/li>\n<li>Tehokas l\u00e4hiet\u00e4isyydelt\u00e4 pitkille matkoille<\/li>\n<li>Pys\u00e4ytysvoima v\u00e4h\u00e4isell\u00e4 lihan vahingoittumisella<\/li>\n<\/ul>\n<p>Fox Ammunition tarjoaa tarkkuutta, luotettavuutta ja eettisi\u00e4 mets\u00e4stysk\u00e4yt\u00e4nt\u00f6j\u00e4.<\/p>\n","protected":false},"excerpt":{"rendered":"<p>Lyijyt\u00f6n, tarkka 6.5 Creedmoor -patruuna<\/p>\n","protected":false},"featured_media":46252,"template":"","meta":{"_acf_changed":false},"product_brand":[],"product_cat":[13200,13237],"product_tag":[],"class_list":{"0":"post-46251","1":"product","2":"type-product","3":"status-publish","4":"has-post-thumbnail","6":"product_cat-ammukset","7":"product_cat-kivaeaerin-ammukset","9":"first","10":"instock","11":"taxable","12":"shipping-taxable","13":"purchasable","14":"product-type-simple"},"acf":[],"_links":{"self":[{"href":"https:\/\/staging.nbg.eu\/fi\/wp-json\/wp\/v2\/product\/46251","targetHints":{"allow":["GET"]}}],"collection":[{"href":"https:\/\/staging.nbg.eu\/fi\/wp-json\/wp\/v2\/product"}],"about":[{"href":"https:\/\/staging.nbg.eu\/fi\/wp-json\/wp\/v2\/types\/product"}],"wp:featuredmedia":[{"embeddable":true,"href":"https:\/\/staging.nbg.eu\/fi\/wp-json\/wp\/v2\/media\/46252"}],"wp:attachment":[{"href":"https:\/\/staging.nbg.eu\/fi\/wp-json\/wp\/v2\/media?parent=46251"}],"wp:term":[{"taxonomy":"product_brand","embeddable":true,"href":"https:\/\/staging.nbg.eu\/fi\/wp-json\/wp\/v2\/product_brand?post=46251"},{"taxonomy":"product_cat","embeddable":true,"href":"https:\/\/staging.nbg.eu\/fi\/wp-json\/wp\/v2\/product_cat?post=46251"},{"taxonomy":"product_tag","embeddable":true,"href":"https:\/\/staging.nbg.eu\/fi\/wp-json\/wp\/v2\/product_tag?post=46251"}],"curies":[{"name":"wp","href":"https:\/\/api.w.org\/{rel}","templated":true}]}}