{"id":46158,"date":"2024-08-03T08:31:54","date_gmt":"2024-09-11T15:10:56","guid":{"rendered":"https:\/\/staging.nbg.eu\/product\/rh-owb-tac-duty-holster\/"},"modified":"2024-09-11T15:11:57","modified_gmt":"2024-09-11T15:11:57","slug":"rh-owb-tacduty-kotelo","status":"publish","type":"product","link":"https:\/\/staging.nbg.eu\/fi\/tuote\/rh-owb-tacduty-kotelo\/","title":{"rendered":"RH OWB Tac\/Duty Kotelo"},"content":{"rendered":"<p>RH OWB Tac\/Duty -kotelo on kydex-kotelo taktiseen ja virkak\u00e4ytt\u00f6\u00f6n. Ominaisuudet:<\/p>\n<ul>\n<li>Yhteensopiva aseeseen kiinnitett\u00e4vien valojen kanssa<\/li>\n<li>Sopii Safariland-, Blackhawk- tai Blade-Tech-alustoihin<\/li>\n<li>Soveltuu madallettuun reisikiinnitykseen<\/li>\n<li>Helppo huoltaa ja puhdistaa<\/li>\n<li>T\u0161ekin asevoimien ja poliisin k\u00e4yt\u00f6ss\u00e4<\/li>\n<\/ul>\n<p>Soveltuu virka-aseille, koulutukseen ja taktisiin toimintoihin.<\/p>\n","protected":false},"excerpt":{"rendered":"<p>Kest\u00e4v\u00e4 Kydex-kotelo virkak\u00e4ytt\u00f6\u00f6n. Sopii virka-aseille ja valoille.<\/p>\n","protected":false},"featured_media":46159,"template":"","meta":{"_acf_changed":false},"product_brand":[11633],"product_cat":[13179,13166,13217],"product_tag":[],"class_list":{"0":"post-46158","1":"product","2":"type-product","3":"status-publish","4":"has-post-thumbnail","6":"product_brand-rh-holsters","7":"product_cat-kotelo","8":"product_cat-taktinen-kotelo","9":"product_cat-urheilukotelot","10":"pa_light-surefire-x300-ultra-a-fi","11":"pa_model-glock-17-fi","12":"pa_safety-automatic-fi","13":"pa_strong-hand-right-fi","15":"first","16":"instock","17":"taxable","18":"shipping-taxable","19":"purchasable","20":"product-type-variable","21":"wvs-archive-product-wrapper"},"acf":[],"_links":{"self":[{"href":"https:\/\/staging.nbg.eu\/fi\/wp-json\/wp\/v2\/product\/46158","targetHints":{"allow":["GET"]}}],"collection":[{"href":"https:\/\/staging.nbg.eu\/fi\/wp-json\/wp\/v2\/product"}],"about":[{"href":"https:\/\/staging.nbg.eu\/fi\/wp-json\/wp\/v2\/types\/product"}],"wp:featuredmedia":[{"embeddable":true,"href":"https:\/\/staging.nbg.eu\/fi\/wp-json\/wp\/v2\/media\/46159"}],"wp:attachment":[{"href":"https:\/\/staging.nbg.eu\/fi\/wp-json\/wp\/v2\/media?parent=46158"}],"wp:term":[{"taxonomy":"product_brand","embeddable":true,"href":"https:\/\/staging.nbg.eu\/fi\/wp-json\/wp\/v2\/product_brand?post=46158"},{"taxonomy":"product_cat","embeddable":true,"href":"https:\/\/staging.nbg.eu\/fi\/wp-json\/wp\/v2\/product_cat?post=46158"},{"taxonomy":"product_tag","embeddable":true,"href":"https:\/\/staging.nbg.eu\/fi\/wp-json\/wp\/v2\/product_tag?post=46158"}],"curies":[{"name":"wp","href":"https:\/\/api.w.org\/{rel}","templated":true}]}}