{"id":46064,"date":"2024-08-03T09:01:48","date_gmt":"2024-09-11T09:29:25","guid":{"rendered":"https:\/\/staging.nbg.eu\/product\/rh-sharky-iwb-holster\/"},"modified":"2024-09-11T09:30:21","modified_gmt":"2024-09-11T09:30:21","slug":"rh-sharky-iwb-kotelo","status":"publish","type":"product","link":"https:\/\/staging.nbg.eu\/fi\/tuote\/rh-sharky-iwb-kotelo\/","title":{"rendered":"RH Sharky IWB Kotelo"},"content":{"rendered":"<p>RH Sharky IWB -kotelo tarjoaa piilokantomukavuutta. Ominaisuudet sis\u00e4lt\u00e4v\u00e4t:<\/p>\n<ul>\n<li>Tyhji\u00f6puristettu rakenne<\/li>\n<li>Kaksoisklipsi pit\u00e4v\u00e4\u00e4 otetta varten<\/li>\n<li>S\u00e4\u00e4dett\u00e4v\u00e4 kallistus ja korkeus<\/li>\n<li>Sopii punapistet\u00e4ht\u00e4imille ja pidennetyille piipuille<\/li>\n<li>Integroitu kynsi parempaa piilotusta varten<\/li>\n<li>Kahvan s\u00e4\u00e4t\u00f6 yksil\u00f6llist\u00e4 istuvuutta varten<\/li>\n<\/ul>\n<p>T\u00e4m\u00e4 vy\u00f6n sis\u00e4puolelle sijoitettava kotelo tarjoaa mukavuutta ja monipuolisuutta.<\/p>\n","protected":false},"excerpt":{"rendered":"<p>Turvallinen, s\u00e4\u00e4dett\u00e4v\u00e4 IWB-kotelo piilokantamiseen punapistet\u00e4ht\u00e4imell\u00e4.<\/p>\n","protected":false},"featured_media":46067,"template":"","meta":{"_acf_changed":false},"product_brand":[11633],"product_cat":[13179,13166],"product_tag":[],"class_list":{"0":"post-46064","1":"product","2":"type-product","3":"status-publish","4":"has-post-thumbnail","6":"product_brand-rh-holsters","7":"product_cat-kotelo","8":"product_cat-taktinen-kotelo","9":"pa_clips-monoblock-fi","10":"pa_light-surefire-x300-ultra-a-fi","11":"pa_light-without-light-fi","12":"pa_model-glock-17-fi","13":"pa_model-glock-43x-fi","14":"pa_strong-hand-left-fi","15":"pa_strong-hand-right-fi","17":"first","18":"instock","19":"taxable","20":"shipping-taxable","21":"purchasable","22":"product-type-variable","23":"wvs-archive-product-wrapper"},"acf":[],"_links":{"self":[{"href":"https:\/\/staging.nbg.eu\/fi\/wp-json\/wp\/v2\/product\/46064","targetHints":{"allow":["GET"]}}],"collection":[{"href":"https:\/\/staging.nbg.eu\/fi\/wp-json\/wp\/v2\/product"}],"about":[{"href":"https:\/\/staging.nbg.eu\/fi\/wp-json\/wp\/v2\/types\/product"}],"wp:featuredmedia":[{"embeddable":true,"href":"https:\/\/staging.nbg.eu\/fi\/wp-json\/wp\/v2\/media\/46067"}],"wp:attachment":[{"href":"https:\/\/staging.nbg.eu\/fi\/wp-json\/wp\/v2\/media?parent=46064"}],"wp:term":[{"taxonomy":"product_brand","embeddable":true,"href":"https:\/\/staging.nbg.eu\/fi\/wp-json\/wp\/v2\/product_brand?post=46064"},{"taxonomy":"product_cat","embeddable":true,"href":"https:\/\/staging.nbg.eu\/fi\/wp-json\/wp\/v2\/product_cat?post=46064"},{"taxonomy":"product_tag","embeddable":true,"href":"https:\/\/staging.nbg.eu\/fi\/wp-json\/wp\/v2\/product_tag?post=46064"}],"curies":[{"name":"wp","href":"https:\/\/api.w.org\/{rel}","templated":true}]}}