{"id":45777,"date":"2024-08-03T14:31:50","date_gmt":"2024-09-10T15:00:59","guid":{"rendered":"https:\/\/staging.nbg.eu\/product\/rh-frogy-owb-holster\/"},"modified":"2024-09-10T15:01:54","modified_gmt":"2024-09-10T15:01:54","slug":"rh-frogy-owb-kotelo","status":"publish","type":"product","link":"https:\/\/staging.nbg.eu\/fi\/tuote\/rh-frogy-owb-kotelo\/","title":{"rendered":"RH Frogy OWB Kotelo"},"content":{"rendered":"<div class=\"product-description\">\n<h2>RH Frogy OWB -kotelo<\/h2>\n<p>Koe ylivertainen piilotettu kantaminen RH Frogy OWB -kotelolla. T\u00e4m\u00e4 vy\u00f6n ulkopuolelle suunniteltu kotelo sis\u00e4lt\u00e4\u00e4 seuraavat ominaisuudet:<\/p>\n<ul>\n<li>Ainutlaatuinen rakenne integroidulla paineominaisuudella aseen parempaan piilottamiseen<\/li>\n<li>Mukava k\u00e4ytt\u00e4\u00e4 tilaa t\u00e4ytt\u00e4v\u00e4n vy\u00f6n alapuolisen muotoilun ansiosta vakaata asentoa varten<\/li>\n<li>Tyhji\u00f6puristettu 2,5 mm paksu Kydex-materiaali rivoituksella parantamaan kest\u00e4vyytt\u00e4 ja j\u00e4ykkyytt\u00e4<\/li>\n<li>K\u00e4sin kiillotetut reunat maksimaalista mukavuutta varten<\/li>\n<li>Kulmasuuntainen aseen asento parantamaan piilotusta ja vetoa<\/li>\n<li>S\u00e4\u00e4dett\u00e4v\u00e4 ote ja kallistus<\/li>\n<li>Yhteensopiva punapistet\u00e4ht\u00e4imien ja pidennettyjen piippujen\/kierteiden kanssa<\/li>\n<\/ul>\n<p>Tarkasti muotoiltu ja valmistettu yhdest\u00e4 Kydex-kappaleesta, t\u00e4m\u00e4 kotelo tarjoaa optimaalisen piilotuksen ja mukavuuden. Sen avoin rakenne mahdollistaa helpon puhdistuksen ja sopii erilaisiin aseen muokkauksiin.<\/p>\n<\/div>\n","protected":false},"excerpt":{"rendered":"<p>RH Frogy OWB-kotelo: Huomaamaton, mukava, s\u00e4\u00e4dett\u00e4v\u00e4 kydex-kantokotelo.<\/p>\n","protected":false},"featured_media":45781,"template":"","meta":{"_acf_changed":false},"product_brand":[11633],"product_cat":[13179,13166,13217],"product_tag":[],"class_list":{"0":"post-45777","1":"product","2":"type-product","3":"status-publish","4":"has-post-thumbnail","6":"product_brand-rh-holsters","7":"product_cat-kotelo","8":"product_cat-taktinen-kotelo","9":"product_cat-urheilukotelot","10":"pa_belt-size-40mm-fi","11":"pa_model-glock-17-fi","12":"pa_model-glock-19-23-32-fi","13":"pa_strong-hand-right-fi","15":"first","16":"instock","17":"taxable","18":"shipping-taxable","19":"purchasable","20":"product-type-variable","21":"wvs-archive-product-wrapper"},"acf":[],"_links":{"self":[{"href":"https:\/\/staging.nbg.eu\/fi\/wp-json\/wp\/v2\/product\/45777","targetHints":{"allow":["GET"]}}],"collection":[{"href":"https:\/\/staging.nbg.eu\/fi\/wp-json\/wp\/v2\/product"}],"about":[{"href":"https:\/\/staging.nbg.eu\/fi\/wp-json\/wp\/v2\/types\/product"}],"wp:featuredmedia":[{"embeddable":true,"href":"https:\/\/staging.nbg.eu\/fi\/wp-json\/wp\/v2\/media\/45781"}],"wp:attachment":[{"href":"https:\/\/staging.nbg.eu\/fi\/wp-json\/wp\/v2\/media?parent=45777"}],"wp:term":[{"taxonomy":"product_brand","embeddable":true,"href":"https:\/\/staging.nbg.eu\/fi\/wp-json\/wp\/v2\/product_brand?post=45777"},{"taxonomy":"product_cat","embeddable":true,"href":"https:\/\/staging.nbg.eu\/fi\/wp-json\/wp\/v2\/product_cat?post=45777"},{"taxonomy":"product_tag","embeddable":true,"href":"https:\/\/staging.nbg.eu\/fi\/wp-json\/wp\/v2\/product_tag?post=45777"}],"curies":[{"name":"wp","href":"https:\/\/api.w.org\/{rel}","templated":true}]}}