{"id":45697,"date":"2024-08-03T14:57:22","date_gmt":"2024-09-10T14:56:38","guid":{"rendered":"https:\/\/staging.nbg.eu\/product\/rh-sport-pistol-mag-holder\/"},"modified":"2024-09-10T14:57:34","modified_gmt":"2024-09-10T14:57:34","slug":"rh-sport-pistooli-lippaan-pidike","status":"publish","type":"product","link":"https:\/\/staging.nbg.eu\/fi\/tuote\/rh-sport-pistooli-lippaan-pidike\/","title":{"rendered":"RH Sport Pistooli Lippaan Pidike"},"content":{"rendered":"<p>RH Sport Pistol Mag Holder on laadukas vy\u00f6n ulkopuolella kannettava ratkaisu piilotettuun kantamiseen ja ampumaradalle. Ominaisuuksia:<\/p>\n<ul>\n<li>Tyhji\u00f6puristettu 2 mm:n Kydex-rakenne<\/li>\n<li>Tarkka istuvuus yhden tai kahden lippaan kantamiseen<\/li>\n<li>Ter\u00e4v\u00e4t syvennykset sileill\u00e4, k\u00e4sin leikatuilla reunoilla<\/li>\n<li>Kest\u00e4v\u00e4 ontto niittirakenne<\/li>\n<li>Helppo saatavuus nopeaa uudelleenlatausta varten<\/li>\n<\/ul>\n<p>Suunniteltu mukavuutta ja luotettavuutta silm\u00e4ll\u00e4 pit\u00e4en, se on t\u00e4ydellinen kumppani aseellesi.<\/p>\n","protected":false},"excerpt":{"rendered":"<p>Turvallinen OWB Kydex-lipasteline nopeaan k\u00e4ytt\u00f6\u00f6n ampumaradalla tai piiloaseen kanssa.<\/p>\n","protected":false},"featured_media":45698,"template":"","meta":{"_acf_changed":false},"product_brand":[11633],"product_cat":[13179,13168],"product_tag":[],"class_list":{"0":"post-45697","1":"product","2":"type-product","3":"status-publish","4":"has-post-thumbnail","6":"product_brand-rh-holsters","7":"product_cat-kotelo","8":"product_cat-lippaanpitimet","9":"pa_model-kmr-spectra-fi","10":"pa_strong-hand-right-fi","12":"first","13":"instock","14":"taxable","15":"shipping-taxable","16":"purchasable","17":"product-type-variable","18":"wvs-archive-product-wrapper"},"acf":[],"_links":{"self":[{"href":"https:\/\/staging.nbg.eu\/fi\/wp-json\/wp\/v2\/product\/45697","targetHints":{"allow":["GET"]}}],"collection":[{"href":"https:\/\/staging.nbg.eu\/fi\/wp-json\/wp\/v2\/product"}],"about":[{"href":"https:\/\/staging.nbg.eu\/fi\/wp-json\/wp\/v2\/types\/product"}],"wp:featuredmedia":[{"embeddable":true,"href":"https:\/\/staging.nbg.eu\/fi\/wp-json\/wp\/v2\/media\/45698"}],"wp:attachment":[{"href":"https:\/\/staging.nbg.eu\/fi\/wp-json\/wp\/v2\/media?parent=45697"}],"wp:term":[{"taxonomy":"product_brand","embeddable":true,"href":"https:\/\/staging.nbg.eu\/fi\/wp-json\/wp\/v2\/product_brand?post=45697"},{"taxonomy":"product_cat","embeddable":true,"href":"https:\/\/staging.nbg.eu\/fi\/wp-json\/wp\/v2\/product_cat?post=45697"},{"taxonomy":"product_tag","embeddable":true,"href":"https:\/\/staging.nbg.eu\/fi\/wp-json\/wp\/v2\/product_tag?post=45697"}],"curies":[{"name":"wp","href":"https:\/\/api.w.org\/{rel}","templated":true}]}}