{"id":45618,"date":"2024-08-04T20:46:31","date_gmt":"2024-09-10T14:52:05","guid":{"rendered":"https:\/\/staging.nbg.eu\/product\/rh-ar15-m4-owb-mag-holder\/"},"modified":"2024-09-10T14:53:00","modified_gmt":"2024-09-10T14:53:00","slug":"rh-ar15m4-owb-lippaan-pidike","status":"publish","type":"product","link":"https:\/\/staging.nbg.eu\/fi\/tuote\/rh-ar15m4-owb-lippaan-pidike\/","title":{"rendered":"RH AR15\/M4 OWB Lippaan Pidike"},"content":{"rendered":"<p>RH AR15\/M4 OWB -lippaankannatin on t\u00e4ydellinen IPSC- ja virkak\u00e4ytt\u00f6\u00f6n. Ominaisuuksiin kuuluvat:<\/p>\n<ul>\n<li>S\u00e4\u00e4dett\u00e4v\u00e4 ote optimaalista vastusta varten<\/li>\n<li>Helppo saatavuus<\/li>\n<li>Yhteensopiva urheilu- ja taktisten v\u00f6iden kanssa<\/li>\n<li>Tarkkuusmuovattu t\u00e4ydellisen istuvuuden takaamiseksi<\/li>\n<li>Ter\u00e4v\u00e4t syvennykset sileill\u00e4 reunoilla<\/li>\n<\/ul>\n<p>Ihanteellinen PCC-lippaita varten, t\u00e4m\u00e4 kotelo tarjoaa erinomaisen suorituskyvyn ja mukavuuden.<\/p>\n","protected":false},"excerpt":{"rendered":"<p>S\u00e4\u00e4dett\u00e4v\u00e4 IPSC\/palvelulippaankannatin helppoon k\u00e4ytt\u00f6\u00f6n taktisilla v\u00f6ill\u00e4<\/p>\n","protected":false},"featured_media":45620,"template":"","meta":{"_acf_changed":false},"product_brand":[11633],"product_cat":[13179,13168],"product_tag":[],"class_list":{"0":"post-45618","1":"product","2":"type-product","3":"status-publish","4":"has-post-thumbnail","6":"product_brand-rh-holsters","7":"product_cat-kotelo","8":"product_cat-lippaanpitimet","9":"pa_model-ar-15-fi","10":"pa_strong-hand-right-fi","12":"first","13":"instock","14":"taxable","15":"shipping-taxable","16":"purchasable","17":"product-type-variable","18":"wvs-archive-product-wrapper"},"acf":[],"_links":{"self":[{"href":"https:\/\/staging.nbg.eu\/fi\/wp-json\/wp\/v2\/product\/45618","targetHints":{"allow":["GET"]}}],"collection":[{"href":"https:\/\/staging.nbg.eu\/fi\/wp-json\/wp\/v2\/product"}],"about":[{"href":"https:\/\/staging.nbg.eu\/fi\/wp-json\/wp\/v2\/types\/product"}],"wp:featuredmedia":[{"embeddable":true,"href":"https:\/\/staging.nbg.eu\/fi\/wp-json\/wp\/v2\/media\/45620"}],"wp:attachment":[{"href":"https:\/\/staging.nbg.eu\/fi\/wp-json\/wp\/v2\/media?parent=45618"}],"wp:term":[{"taxonomy":"product_brand","embeddable":true,"href":"https:\/\/staging.nbg.eu\/fi\/wp-json\/wp\/v2\/product_brand?post=45618"},{"taxonomy":"product_cat","embeddable":true,"href":"https:\/\/staging.nbg.eu\/fi\/wp-json\/wp\/v2\/product_cat?post=45618"},{"taxonomy":"product_tag","embeddable":true,"href":"https:\/\/staging.nbg.eu\/fi\/wp-json\/wp\/v2\/product_tag?post=45618"}],"curies":[{"name":"wp","href":"https:\/\/api.w.org\/{rel}","templated":true}]}}