{"id":45532,"date":"2024-08-16T11:10:46","date_gmt":"2024-09-10T14:47:22","guid":{"rendered":"https:\/\/staging.nbg.eu\/product\/barwarus-knob-for-ak47-charging-handle\/"},"modified":"2024-09-10T14:48:06","modified_gmt":"2024-09-10T14:48:06","slug":"barwarus-nuppi-ak47-latausvipu","status":"publish","type":"product","link":"https:\/\/staging.nbg.eu\/fi\/tuote\/barwarus-nuppi-ak47-latausvipu\/","title":{"rendered":"Barwarus Nuppi AK47 (latausvipu)"},"content":{"rendered":"<div class=\"product-description\">\n<h2>Barwarus-nuppi AK47:n viritinkahvaan<\/h2>\n<p>Paranna AK47:\u00e4\u00e4si Barwarus-nupilla, t\u00e4ydellisell\u00e4 lis\u00e4varusteella viritinkahvaasi. T\u00e4m\u00e4 tarkkuusvalmistettu lis\u00e4varuste kiinnittyy helposti olemassa olevaan viritinkahvaasi, tarjoten sile\u00e4n, suurikokoisen nupin aseen vaivatonta k\u00e4ytt\u00f6\u00e4 varten.<\/p>\n<ul>\n<li>Huolellisesti suunniteltu sopimaan AK47:\u00e4\u00e4n ja vastaaviin malleihin<\/li>\n<li>Ergonominen muoto sopii mukavasti kaikkiin sormen asentoihin<\/li>\n<li>Tukeva kiinnitys est\u00e4\u00e4 muille nupeille tyypilliset irtoamisongelmat<\/li>\n<li>Ei vaadi hitsausta &#8211; k\u00e4ytt\u00e4\u00e4 olemassa olevaa s\u00e4\u00e4t\u00f6ruuvia helppoon asennukseen<\/li>\n<li>Yhteensopiva useimpien AK47-varianttien kanssa<\/li>\n<\/ul>\n<p>Koe parempi k\u00e4sitelt\u00e4vyys ja luotettavuus Barwarus-nupin avulla. Paranna ampumiskokemustasi jo t\u00e4n\u00e4\u00e4n!<\/p>\n<\/div>\n","protected":false},"excerpt":{"rendered":"<p>Paranneltu AK47:n latauskahdennuppi tasaisempaa toimintaa varten<\/p>\n","protected":false},"featured_media":101456,"template":"","meta":{"_acf_changed":false},"product_brand":[11101],"product_cat":[13159,13174],"product_tag":[],"class_list":{"0":"post-45532","1":"product","2":"type-product","3":"status-publish","4":"has-post-thumbnail","6":"product_brand-barwarus","7":"product_cat-ak-viritys","8":"product_cat-kivaeaerin-viritys","10":"first","11":"outofstock","12":"taxable","13":"shipping-taxable","14":"purchasable","15":"product-type-variable","16":"wvs-archive-product-wrapper"},"acf":[],"_links":{"self":[{"href":"https:\/\/staging.nbg.eu\/fi\/wp-json\/wp\/v2\/product\/45532","targetHints":{"allow":["GET"]}}],"collection":[{"href":"https:\/\/staging.nbg.eu\/fi\/wp-json\/wp\/v2\/product"}],"about":[{"href":"https:\/\/staging.nbg.eu\/fi\/wp-json\/wp\/v2\/types\/product"}],"wp:featuredmedia":[{"embeddable":true,"href":"https:\/\/staging.nbg.eu\/fi\/wp-json\/wp\/v2\/media\/101456"}],"wp:attachment":[{"href":"https:\/\/staging.nbg.eu\/fi\/wp-json\/wp\/v2\/media?parent=45532"}],"wp:term":[{"taxonomy":"product_brand","embeddable":true,"href":"https:\/\/staging.nbg.eu\/fi\/wp-json\/wp\/v2\/product_brand?post=45532"},{"taxonomy":"product_cat","embeddable":true,"href":"https:\/\/staging.nbg.eu\/fi\/wp-json\/wp\/v2\/product_cat?post=45532"},{"taxonomy":"product_tag","embeddable":true,"href":"https:\/\/staging.nbg.eu\/fi\/wp-json\/wp\/v2\/product_tag?post=45532"}],"curies":[{"name":"wp","href":"https:\/\/api.w.org\/{rel}","templated":true}]}}