{"id":45470,"date":"2024-08-16T17:57:18","date_gmt":"2024-09-10T14:26:08","guid":{"rendered":"https:\/\/staging.nbg.eu\/product\/clips-ulticlip-3\/"},"modified":"2024-09-10T14:26:48","modified_gmt":"2024-09-10T14:26:48","slug":"klipsit-ulticlip-3","status":"publish","type":"product","link":"https:\/\/staging.nbg.eu\/fi\/tuote\/klipsit-ulticlip-3\/","title":{"rendered":"Klipsit Ulticlip 3+"},"content":{"rendered":"<div class=\"product-description\">\n<h2>Clips Ulticlip 3+: Ylivertainen piilotus ja pysyvyys<\/h2>\n<p>Koe vertaansa vailla oleva piilotus ja pysyvyys Ulticlip3+:n avulla. T\u00e4m\u00e4 100% amerikkalaisvalmisteinen klipsi tarjoaa:<\/p>\n<ul>\n<li>Erinomainen vy\u00f6t\u00f6n kantovaihtoehto<\/li>\n<li>Sotilasluokan musta oksidipinnoite<\/li>\n<li>L\u00e4mp\u00f6k\u00e4sitelty C-1075 jousiter\u00e4s (RC 42-49)<\/li>\n<li>Vaha-\/\u00f6ljyk\u00e4sitelty sujuvaa toimintaa ja ruosteenestoa varten<\/li>\n<li>Yli 10-kertainen pysyvyys verrattuna tavallisiin kotelokiinnikkeisiin<\/li>\n<\/ul>\n<p>Ulticlip3+:ssa on tasainen kiinnitysalue, jossa on 2 uraa ja 1 reik\u00e4, mahdollistaen monipuoliset kiinnitysvaihtoehdot jopa 1,70&#8243; reik\u00e4v\u00e4lill\u00e4. Vain 3,5&#8243; x 7\/8&#8243; kokoinen ja 0,78 unssia painava klipsi tarjoaa minimaalisen profiilin maksimaalisen piilotuksen kanssa.<\/p>\n<p>P\u00e4ivit\u00e4 kantoj\u00e4rjestelm\u00e4si Ulticlip3+:lla jo t\u00e4n\u00e4\u00e4n!<\/p>\n<\/div>\n","protected":false},"excerpt":{"rendered":"<p>Turvallinen, ohut kiinnike vy\u00f6tt\u00f6m\u00e4\u00e4n kantoon. Useita kiinnitysvaihtoehtoja.<\/p>\n","protected":false},"featured_media":22716,"template":"","meta":{"_acf_changed":false},"product_brand":[],"product_cat":[13212,13192],"product_tag":[],"class_list":{"0":"post-45470","1":"product","2":"type-product","3":"status-publish","4":"has-post-thumbnail","6":"product_cat-kotelotarvikkeet","7":"product_cat-varusteet","9":"first","10":"instock","11":"taxable","12":"shipping-taxable","13":"purchasable","14":"product-type-simple"},"acf":[],"_links":{"self":[{"href":"https:\/\/staging.nbg.eu\/fi\/wp-json\/wp\/v2\/product\/45470","targetHints":{"allow":["GET"]}}],"collection":[{"href":"https:\/\/staging.nbg.eu\/fi\/wp-json\/wp\/v2\/product"}],"about":[{"href":"https:\/\/staging.nbg.eu\/fi\/wp-json\/wp\/v2\/types\/product"}],"wp:featuredmedia":[{"embeddable":true,"href":"https:\/\/staging.nbg.eu\/fi\/wp-json\/wp\/v2\/media\/22716"}],"wp:attachment":[{"href":"https:\/\/staging.nbg.eu\/fi\/wp-json\/wp\/v2\/media?parent=45470"}],"wp:term":[{"taxonomy":"product_brand","embeddable":true,"href":"https:\/\/staging.nbg.eu\/fi\/wp-json\/wp\/v2\/product_brand?post=45470"},{"taxonomy":"product_cat","embeddable":true,"href":"https:\/\/staging.nbg.eu\/fi\/wp-json\/wp\/v2\/product_cat?post=45470"},{"taxonomy":"product_tag","embeddable":true,"href":"https:\/\/staging.nbg.eu\/fi\/wp-json\/wp\/v2\/product_tag?post=45470"}],"curies":[{"name":"wp","href":"https:\/\/api.w.org\/{rel}","templated":true}]}}