{"id":45346,"date":"2024-08-16T18:05:19","date_gmt":"2024-08-16T18:05:19","guid":{"rendered":"https:\/\/staging.nbg.eu\/product\/calypso-mini-weather-station-45m-s\/"},"modified":"2024-10-16T09:35:30","modified_gmt":"2024-10-16T09:35:30","slug":"calypso-ultraaeaeni-kannettava-mini-tuulimittari-45ms","status":"publish","type":"product","link":"https:\/\/staging.nbg.eu\/fi\/tuote\/calypso-ultraaeaeni-kannettava-mini-tuulimittari-45ms\/","title":{"rendered":"Calypso Ultra\u00e4\u00e4ni Kannettava Mini Tuulimittari 45m\/s"},"content":{"rendered":"<h2>Calypso Mini 45m\/s Ultra\u00e4\u00e4ni-anemometri<\/h2>\n<p>Esittelyss\u00e4 Calypso Mini 45m\/s, kompakti ja monipuolinen tuulenmittausratkaisu. T\u00e4m\u00e4 pienoiskokoinen ultra\u00e4\u00e4nianemometri ja tuuliviiri yhdist\u00e4\u00e4 huippuluokan teknologian kannettavuuteen.<\/p>\n<h2>T\u00e4rkeimm\u00e4t ominaisuudet:<\/h2>\n<ul>\n<li>Bluetooth-yhteys helppoon tietojen kirjaamiseen<\/li>\n<li>Akkuk\u00e4ytt\u00f6inen langattomalla QI-latauksella<\/li>\n<li>Ultra\u00e4\u00e4nianturit kest\u00e4v\u00e4\u00e4n ja luotettavaan suorituskykyyn<\/li>\n<li>Mittaa sek\u00e4 tuulen nopeuden ett\u00e4 suunnan<\/li>\n<li>Kompakti koko: vain 43 mm halkaisijaltaan<\/li>\n<li>1\/4&#8243; naaraskierre kolmijalkakiinnitykseen<\/li>\n<li>Yhteensopiva Anemotracker-sovelluksen kanssa<\/li>\n<li>Valinnainen puhelinkiinnike lis\u00e4varusteena saatavilla<\/li>\n<\/ul>\n<p>Calypso Mini 45m\/s sopii t\u00e4ydellisesti eri aloille ja k\u00e4ytt\u00f6tarkoituksiin tarjoten ammattilaistason tuulenmittauksia k\u00e4dess\u00e4 pidett\u00e4v\u00e4ss\u00e4 laitteessa. Sen langaton muotoilu ja yhteensopivuus NMEA-yhdysk\u00e4yt\u00e4vien kanssa tekev\u00e4t siit\u00e4 ihanteellisen valinnan sek\u00e4 itsen\u00e4iseen k\u00e4ytt\u00f6\u00f6n ett\u00e4 olemassa oleviin j\u00e4rjestelmiin integroimiseen.<\/p>\n","protected":false},"excerpt":{"rendered":"<p>Kompakti, Bluetooth-tuulimittari mittaa tuulen nopeutta ja suuntaa. Sovelluksella ohjattava.<\/p>\n","protected":false},"featured_media":101824,"template":"","meta":{"_acf_changed":false},"product_brand":[11176],"product_cat":[13167,13228],"product_tag":[],"class_list":{"0":"post-45346","1":"product","2":"type-product","3":"status-publish","4":"has-post-thumbnail","6":"product_brand-calypso","7":"product_cat-saeaeasemat","8":"product_cat-tyoekalut","10":"first","11":"instock","12":"taxable","13":"shipping-taxable","14":"purchasable","15":"product-type-simple"},"acf":[],"_links":{"self":[{"href":"https:\/\/staging.nbg.eu\/fi\/wp-json\/wp\/v2\/product\/45346","targetHints":{"allow":["GET"]}}],"collection":[{"href":"https:\/\/staging.nbg.eu\/fi\/wp-json\/wp\/v2\/product"}],"about":[{"href":"https:\/\/staging.nbg.eu\/fi\/wp-json\/wp\/v2\/types\/product"}],"wp:featuredmedia":[{"embeddable":true,"href":"https:\/\/staging.nbg.eu\/fi\/wp-json\/wp\/v2\/media\/101824"}],"wp:attachment":[{"href":"https:\/\/staging.nbg.eu\/fi\/wp-json\/wp\/v2\/media?parent=45346"}],"wp:term":[{"taxonomy":"product_brand","embeddable":true,"href":"https:\/\/staging.nbg.eu\/fi\/wp-json\/wp\/v2\/product_brand?post=45346"},{"taxonomy":"product_cat","embeddable":true,"href":"https:\/\/staging.nbg.eu\/fi\/wp-json\/wp\/v2\/product_cat?post=45346"},{"taxonomy":"product_tag","embeddable":true,"href":"https:\/\/staging.nbg.eu\/fi\/wp-json\/wp\/v2\/product_tag?post=45346"}],"curies":[{"name":"wp","href":"https:\/\/api.w.org\/{rel}","templated":true}]}}