{"id":45324,"date":"2024-08-16T18:09:38","date_gmt":"2024-08-16T18:09:38","guid":{"rendered":"https:\/\/staging.nbg.eu\/product\/weather-dot\/"},"modified":"2024-10-16T09:42:06","modified_gmt":"2024-10-16T09:42:06","slug":"calypso-weather-dot","status":"publish","type":"product","link":"https:\/\/staging.nbg.eu\/fi\/tuote\/calypso-weather-dot\/","title":{"rendered":"Calypso Weather DOT"},"content":{"rendered":"<div class=\"product-description\">\n<h2>WeatherDot: Kannettava s\u00e4\u00e4asema<\/h2>\n<p>Koe tarkka s\u00e4\u00e4n seuranta WeatherDotilla, kompaktilla ja monipuolisella s\u00e4\u00e4asemallasi. T\u00e4ss\u00e4 kevyess\u00e4 laitteessa on l\u00e4mp\u00f6tila-, paine- ja kosteusanturit, ja se tarjoaa:<\/p>\n<ul>\n<li>Bluetooth-yhteyden<\/li>\n<li>24 000 datapisteen tallennuskapasiteetin<\/li>\n<li>Jalustayhteensopivuuden<\/li>\n<li>400 tunnin akunkeston langattomalla QI-latauksella<\/li>\n<li>Yhteensopivuuden ilmaisen Anemotracker-sovelluksen kanssa (iOS\/Android)<\/li>\n<\/ul>\n<p>T\u00e4ydellinen itsen\u00e4iseen k\u00e4ytt\u00f6\u00f6n tai yhdistettyn\u00e4 ultra\u00e4\u00e4niseen kannettavaan Mini-tuulimittariimme. Pakkaukseen sis\u00e4ltyy WeatherDot-laite, langaton QI-laturi USB-kaapelilla ja pikaopas.<\/p>\n<p>Pysy ajan tasalla ymp\u00e4rist\u00f6st\u00e4si WeatherDotin avulla \u2013 kannettava s\u00e4\u00e4kumppanisi!<\/p>\n<\/div>\n","protected":false},"excerpt":{"rendered":"<p>Kannettava s\u00e4\u00e4asema: l\u00e4mp\u00f6tila, ilmanpaine, kosteus. Bluetooth, sovellus-yhteensopiva.<\/p>\n","protected":false},"featured_media":102239,"template":"","meta":{"_acf_changed":false},"product_brand":[11176],"product_cat":[13167,13228],"product_tag":[],"class_list":{"0":"post-45324","1":"product","2":"type-product","3":"status-publish","4":"has-post-thumbnail","6":"product_brand-calypso","7":"product_cat-saeaeasemat","8":"product_cat-tyoekalut","10":"first","11":"outofstock","12":"taxable","13":"shipping-taxable","14":"purchasable","15":"product-type-simple"},"acf":[],"_links":{"self":[{"href":"https:\/\/staging.nbg.eu\/fi\/wp-json\/wp\/v2\/product\/45324","targetHints":{"allow":["GET"]}}],"collection":[{"href":"https:\/\/staging.nbg.eu\/fi\/wp-json\/wp\/v2\/product"}],"about":[{"href":"https:\/\/staging.nbg.eu\/fi\/wp-json\/wp\/v2\/types\/product"}],"wp:featuredmedia":[{"embeddable":true,"href":"https:\/\/staging.nbg.eu\/fi\/wp-json\/wp\/v2\/media\/102239"}],"wp:attachment":[{"href":"https:\/\/staging.nbg.eu\/fi\/wp-json\/wp\/v2\/media?parent=45324"}],"wp:term":[{"taxonomy":"product_brand","embeddable":true,"href":"https:\/\/staging.nbg.eu\/fi\/wp-json\/wp\/v2\/product_brand?post=45324"},{"taxonomy":"product_cat","embeddable":true,"href":"https:\/\/staging.nbg.eu\/fi\/wp-json\/wp\/v2\/product_cat?post=45324"},{"taxonomy":"product_tag","embeddable":true,"href":"https:\/\/staging.nbg.eu\/fi\/wp-json\/wp\/v2\/product_tag?post=45324"}],"curies":[{"name":"wp","href":"https:\/\/api.w.org\/{rel}","templated":true}]}}