{"id":45173,"date":"2024-08-18T09:26:06","date_gmt":"2024-09-10T13:11:36","guid":{"rendered":"https:\/\/staging.nbg.eu\/product\/premium-belt-security-loop\/"},"modified":"2024-09-10T13:12:15","modified_gmt":"2024-09-10T13:12:15","slug":"premium-vyoe-turvakiinnike","status":"publish","type":"product","link":"https:\/\/staging.nbg.eu\/fi\/tuote\/premium-vyoe-turvakiinnike\/","title":{"rendered":"Premium Vy\u00f6 Turvakiinnike"},"content":{"rendered":"<p>Varmista vy\u00f6si pysyvyys DAA Premium Belt Security Loop -vy\u00f6silmukalla. Kumipinnoitettu mukavuuden ja pidon takaamiseksi, se pit\u00e4\u00e4 vy\u00f6si paikallaan intensiivisten ampumaharjoitusten aikana. Sopii useimpiin standardikokoisiin v\u00f6ihin.<\/p>\n","protected":false},"excerpt":{"rendered":"<p>Turvallinen vy\u00f6lenkki: Kumip\u00e4\u00e4llysteinen pito, est\u00e4\u00e4 liukumisen, sopii tavallisiin v\u00f6ihin.<\/p>\n","protected":false},"featured_media":26095,"template":"","meta":{"_acf_changed":false},"product_brand":[11270],"product_cat":[13195,13192],"product_tag":[],"class_list":{"0":"post-45173","1":"product","2":"type-product","3":"status-publish","4":"has-post-thumbnail","6":"product_brand-doublealpha","7":"product_cat-urheiluvyoet","8":"product_cat-varusteet","10":"first","11":"instock","12":"taxable","13":"shipping-taxable","14":"purchasable","15":"product-type-simple"},"acf":[],"_links":{"self":[{"href":"https:\/\/staging.nbg.eu\/fi\/wp-json\/wp\/v2\/product\/45173","targetHints":{"allow":["GET"]}}],"collection":[{"href":"https:\/\/staging.nbg.eu\/fi\/wp-json\/wp\/v2\/product"}],"about":[{"href":"https:\/\/staging.nbg.eu\/fi\/wp-json\/wp\/v2\/types\/product"}],"wp:featuredmedia":[{"embeddable":true,"href":"https:\/\/staging.nbg.eu\/fi\/wp-json\/wp\/v2\/media\/26095"}],"wp:attachment":[{"href":"https:\/\/staging.nbg.eu\/fi\/wp-json\/wp\/v2\/media?parent=45173"}],"wp:term":[{"taxonomy":"product_brand","embeddable":true,"href":"https:\/\/staging.nbg.eu\/fi\/wp-json\/wp\/v2\/product_brand?post=45173"},{"taxonomy":"product_cat","embeddable":true,"href":"https:\/\/staging.nbg.eu\/fi\/wp-json\/wp\/v2\/product_cat?post=45173"},{"taxonomy":"product_tag","embeddable":true,"href":"https:\/\/staging.nbg.eu\/fi\/wp-json\/wp\/v2\/product_tag?post=45173"}],"curies":[{"name":"wp","href":"https:\/\/api.w.org\/{rel}","templated":true}]}}