{"id":45151,"date":"2024-08-18T09:26:36","date_gmt":"2024-08-18T09:26:36","guid":{"rendered":"https:\/\/staging.nbg.eu\/product\/daa-magnet-cover\/"},"modified":"2024-09-10T12:57:46","modified_gmt":"2024-09-10T12:57:46","slug":"daa-magneetti-suojus","status":"publish","type":"product","link":"https:\/\/staging.nbg.eu\/fi\/tuote\/daa-magneetti-suojus\/","title":{"rendered":"DAA Magneetti Suojus"},"content":{"rendered":"<p>\nDAA-magneettisuojus: Tyylik\u00e4s, kest\u00e4v\u00e4 nailonsuojus 48 mm:n magneeteille. Varustettu magneettisella ter\u00e4ksisell\u00e4 DAA-logolla. V\u00e4hent\u00e4\u00e4 ei-toivottua magneettista vetoa s\u00e4ilytt\u00e4en samalla toiminnallisuuden.<\/p>\n","protected":false},"excerpt":{"rendered":"<p>Tyylik\u00e4s, suojaava kotelo DAA 48 mm:n magneeteille. V\u00e4hent\u00e4\u00e4 magneettista vetoa.<\/p>\n","protected":false},"featured_media":26118,"template":"","meta":{"_acf_changed":false},"product_brand":[11270],"product_cat":[13179,13212],"product_tag":[],"class_list":{"0":"post-45151","1":"product","2":"type-product","3":"status-publish","4":"has-post-thumbnail","6":"product_brand-doublealpha","7":"product_cat-kotelo","8":"product_cat-kotelotarvikkeet","10":"first","11":"instock","12":"taxable","13":"shipping-taxable","14":"purchasable","15":"product-type-simple"},"acf":[],"_links":{"self":[{"href":"https:\/\/staging.nbg.eu\/fi\/wp-json\/wp\/v2\/product\/45151","targetHints":{"allow":["GET"]}}],"collection":[{"href":"https:\/\/staging.nbg.eu\/fi\/wp-json\/wp\/v2\/product"}],"about":[{"href":"https:\/\/staging.nbg.eu\/fi\/wp-json\/wp\/v2\/types\/product"}],"wp:featuredmedia":[{"embeddable":true,"href":"https:\/\/staging.nbg.eu\/fi\/wp-json\/wp\/v2\/media\/26118"}],"wp:attachment":[{"href":"https:\/\/staging.nbg.eu\/fi\/wp-json\/wp\/v2\/media?parent=45151"}],"wp:term":[{"taxonomy":"product_brand","embeddable":true,"href":"https:\/\/staging.nbg.eu\/fi\/wp-json\/wp\/v2\/product_brand?post=45151"},{"taxonomy":"product_cat","embeddable":true,"href":"https:\/\/staging.nbg.eu\/fi\/wp-json\/wp\/v2\/product_cat?post=45151"},{"taxonomy":"product_tag","embeddable":true,"href":"https:\/\/staging.nbg.eu\/fi\/wp-json\/wp\/v2\/product_tag?post=45151"}],"curies":[{"name":"wp","href":"https:\/\/api.w.org\/{rel}","templated":true}]}}