{"id":45129,"date":"2024-08-18T09:27:28","date_gmt":"2024-09-10T12:42:17","guid":{"rendered":"https:\/\/staging.nbg.eu\/product\/dillon-precision-daa-223-fast-flow-powder-funnel\/"},"modified":"2024-09-10T12:42:57","modified_gmt":"2024-09-10T12:42:57","slug":"dillon-precision-daa-223-nopeavirtaus-ruutisuppilo","status":"publish","type":"product","link":"https:\/\/staging.nbg.eu\/fi\/tuote\/dillon-precision-daa-223-nopeavirtaus-ruutisuppilo\/","title":{"rendered":"Dillon Precision &#8211; Daa .223 Nopeavirtaus Ruutisuppilo"},"content":{"rendered":"<div class=\"product-description\">\n<h2>Dillon Precision &#8211; DAA .223 Nopeavirtaus-ruutisuppilo<\/h2>\n<p>Paranna .223-kaliiperin lataamiskokemustasi DAA .223 Nopeavirtaus-suppilolla. T\u00e4m\u00e4 suppilo on suunniteltu yhteisty\u00f6ss\u00e4 ilmailuinsin\u00f6\u00f6ri Andrew Murrellin, CSEP, kanssa ja se parantaa ruudin virtauksen yhdenmukaisuutta sek\u00e4 v\u00e4hent\u00e4\u00e4 puikko- tai hiutaleruutien siltaantumista.<\/p>\n<ul>\n<li>Koneistettu SUS303-ruostumattomasta ter\u00e4ksest\u00e4<\/li>\n<li>S\u00e4hk\u00f6kiillotettu peilipinta<\/li>\n<li>Erinomainen ruosteenkesto ja kulutuskest\u00e4vyys<\/li>\n<li>Ainutlaatuinen sis\u00e4inen suppilon muoto paremman ruudin virtauksen takaamiseksi<\/li>\n<li>Yhteensopiva Dillon-ruutiannostelijoiden kanssa<\/li>\n<\/ul>\n<p>Koe ero tarkkuustekniikalla valmistetulla suppilollamme, jossa on tiukat toleranssit ja lasimaisen sile\u00e4 pinta parhaan suorituskyvyn ja ruudin virtauksen takaamiseksi.<\/p>\n<\/div>\n","protected":false},"excerpt":{"rendered":"<p>Virtaviivainen .223-ruutisuppilo tasaiseen ja saumattomaan uudelleenlataukseen.<\/p>\n","protected":false},"featured_media":26233,"template":"","meta":{"_acf_changed":false},"product_brand":[11270],"product_cat":[13221,13175],"product_tag":[],"class_list":{"0":"post-45129","1":"product","2":"type-product","3":"status-publish","4":"has-post-thumbnail","6":"product_brand-doublealpha","7":"product_cat-lataaminen","8":"product_cat-latausvaelineet","10":"first","11":"instock","12":"taxable","13":"shipping-taxable","14":"purchasable","15":"product-type-simple"},"acf":[],"_links":{"self":[{"href":"https:\/\/staging.nbg.eu\/fi\/wp-json\/wp\/v2\/product\/45129","targetHints":{"allow":["GET"]}}],"collection":[{"href":"https:\/\/staging.nbg.eu\/fi\/wp-json\/wp\/v2\/product"}],"about":[{"href":"https:\/\/staging.nbg.eu\/fi\/wp-json\/wp\/v2\/types\/product"}],"wp:featuredmedia":[{"embeddable":true,"href":"https:\/\/staging.nbg.eu\/fi\/wp-json\/wp\/v2\/media\/26233"}],"wp:attachment":[{"href":"https:\/\/staging.nbg.eu\/fi\/wp-json\/wp\/v2\/media?parent=45129"}],"wp:term":[{"taxonomy":"product_brand","embeddable":true,"href":"https:\/\/staging.nbg.eu\/fi\/wp-json\/wp\/v2\/product_brand?post=45129"},{"taxonomy":"product_cat","embeddable":true,"href":"https:\/\/staging.nbg.eu\/fi\/wp-json\/wp\/v2\/product_cat?post=45129"},{"taxonomy":"product_tag","embeddable":true,"href":"https:\/\/staging.nbg.eu\/fi\/wp-json\/wp\/v2\/product_tag?post=45129"}],"curies":[{"name":"wp","href":"https:\/\/api.w.org\/{rel}","templated":true}]}}