{"id":45085,"date":"2024-08-18T09:28:23","date_gmt":"2024-08-18T09:28:23","guid":{"rendered":"https:\/\/staging.nbg.eu\/product\/daa-reloading-press-tool-holder\/"},"modified":"2024-09-10T12:29:22","modified_gmt":"2024-09-10T12:29:22","slug":"daa-lataustyoekalu-puristin-tyoekalupidike","status":"publish","type":"product","link":"https:\/\/staging.nbg.eu\/fi\/tuote\/daa-lataustyoekalu-puristin-tyoekalupidike\/","title":{"rendered":"Daa Latausty\u00f6kalu-Puristin Ty\u00f6kalupidike"},"content":{"rendered":"<div class=\"product-description\">\n<h2>DAA Uudelleenlatauskoneen ty\u00f6kalupidike<\/h2>\n<p>J\u00e4rjest\u00e4 uudelleenlatausty\u00f6kalusi t\u00e4ll\u00e4 k\u00e4yt\u00e4nn\u00f6llisell\u00e4 pidikkeell\u00e4! Suunniteltu Dillon RL1100\/1050\/750\/650 -koneille, se kiinnittyy helposti 1 tuuman neli\u00f6- tai py\u00f6reisiin putkiin.<\/p>\n<ul>\n<li>Kest\u00e4v\u00e4 lasikuituvahvisteinen nylon-rakenne<\/li>\n<li>Kumimaalipinnoite tyylikk\u00e4\u00e4seen viimeistelyyn<\/li>\n<li>Tilaa 7 kuusioavaimelle, holkkiavaimelle ja 3 muulle ty\u00f6kalulle<\/li>\n<li>Suuri s\u00e4ilytystila pienille osille<\/li>\n<li>Sis\u00e4\u00e4nrakennettu magneetti metallisten esineiden kiinnitt\u00e4miseen<\/li>\n<\/ul>\n<p>Paranna uudelleenlatausasemaasi t\u00e4ll\u00e4 monik\u00e4ytt\u00f6isell\u00e4 ty\u00f6kalupidikkeell\u00e4! (Ty\u00f6kalut eiv\u00e4t sis\u00e4lly)<\/p>\n<\/div>\n","protected":false},"excerpt":{"rendered":"<p>Monipuolinen puristimeen kiinnitett\u00e4v\u00e4 pidike patruunoiden lataustarvikkeille ja -osille.<\/p>\n","protected":false},"featured_media":26568,"template":"","meta":{"_acf_changed":false},"product_brand":[11270],"product_cat":[13221,13175],"product_tag":[],"class_list":{"0":"post-45085","1":"product","2":"type-product","3":"status-publish","4":"has-post-thumbnail","6":"product_brand-doublealpha","7":"product_cat-lataaminen","8":"product_cat-latausvaelineet","10":"first","11":"outofstock","12":"taxable","13":"shipping-taxable","14":"purchasable","15":"product-type-simple"},"acf":[],"_links":{"self":[{"href":"https:\/\/staging.nbg.eu\/fi\/wp-json\/wp\/v2\/product\/45085","targetHints":{"allow":["GET"]}}],"collection":[{"href":"https:\/\/staging.nbg.eu\/fi\/wp-json\/wp\/v2\/product"}],"about":[{"href":"https:\/\/staging.nbg.eu\/fi\/wp-json\/wp\/v2\/types\/product"}],"wp:featuredmedia":[{"embeddable":true,"href":"https:\/\/staging.nbg.eu\/fi\/wp-json\/wp\/v2\/media\/26568"}],"wp:attachment":[{"href":"https:\/\/staging.nbg.eu\/fi\/wp-json\/wp\/v2\/media?parent=45085"}],"wp:term":[{"taxonomy":"product_brand","embeddable":true,"href":"https:\/\/staging.nbg.eu\/fi\/wp-json\/wp\/v2\/product_brand?post=45085"},{"taxonomy":"product_cat","embeddable":true,"href":"https:\/\/staging.nbg.eu\/fi\/wp-json\/wp\/v2\/product_cat?post=45085"},{"taxonomy":"product_tag","embeddable":true,"href":"https:\/\/staging.nbg.eu\/fi\/wp-json\/wp\/v2\/product_tag?post=45085"}],"curies":[{"name":"wp","href":"https:\/\/api.w.org\/{rel}","templated":true}]}}