{"id":45063,"date":"2024-08-18T09:28:37","date_gmt":"2024-08-18T09:28:37","guid":{"rendered":"https:\/\/staging.nbg.eu\/product\/lynx-belt-steel-mini-punch-tool\/"},"modified":"2024-09-10T12:25:44","modified_gmt":"2024-09-10T12:25:44","slug":"lynx-vyoe-teraes-mini-laevistin-tyoekalu","status":"publish","type":"product","link":"https:\/\/staging.nbg.eu\/fi\/tuote\/lynx-vyoe-teraes-mini-laevistin-tyoekalu\/","title":{"rendered":"Lynx Vy\u00f6: Ter\u00e4s Mini L\u00e4vistin Ty\u00f6kalu"},"content":{"rendered":"<p>Lynx Belt: Ter\u00e4ksinen mini-l\u00e4vistysty\u00f6kalu on kompakti, mittatilausty\u00f6n\u00e4 valmistettu ter\u00e4ksinen l\u00e4vistysty\u00f6kalu, joka on suunniteltu nopeaan ja helppoon rullasokkojen poistamiseen. T\u00e4m\u00e4 kevyt ty\u00f6kalu on t\u00e4ydellinen vy\u00f6nlenkkien s\u00e4\u00e4t\u00e4miseen ja on 70 mm pitk\u00e4, 6 mm p\u00e4\u00e4n halkaisijalla ja 2,5 mm varren halkaisijalla. Ihanteellinen lis\u00e4 ampumaratalaukkusi ty\u00f6kaluvalikoimaan.<\/p>\n","protected":false},"excerpt":{"rendered":"<p>Kompakti ter\u00e4ksinen l\u00e4vistysty\u00f6kalu nopeisiin ja helppoihin kellon rannekkeen s\u00e4\u00e4t\u00f6ihin.<\/p>\n","protected":false},"featured_media":26706,"template":"","meta":{"_acf_changed":false},"product_brand":[11270],"product_cat":[13195,13192],"product_tag":[],"class_list":{"0":"post-45063","1":"product","2":"type-product","3":"status-publish","4":"has-post-thumbnail","6":"product_brand-doublealpha","7":"product_cat-urheiluvyoet","8":"product_cat-varusteet","10":"first","11":"instock","12":"taxable","13":"shipping-taxable","14":"purchasable","15":"product-type-simple"},"acf":[],"_links":{"self":[{"href":"https:\/\/staging.nbg.eu\/fi\/wp-json\/wp\/v2\/product\/45063","targetHints":{"allow":["GET"]}}],"collection":[{"href":"https:\/\/staging.nbg.eu\/fi\/wp-json\/wp\/v2\/product"}],"about":[{"href":"https:\/\/staging.nbg.eu\/fi\/wp-json\/wp\/v2\/types\/product"}],"wp:featuredmedia":[{"embeddable":true,"href":"https:\/\/staging.nbg.eu\/fi\/wp-json\/wp\/v2\/media\/26706"}],"wp:attachment":[{"href":"https:\/\/staging.nbg.eu\/fi\/wp-json\/wp\/v2\/media?parent=45063"}],"wp:term":[{"taxonomy":"product_brand","embeddable":true,"href":"https:\/\/staging.nbg.eu\/fi\/wp-json\/wp\/v2\/product_brand?post=45063"},{"taxonomy":"product_cat","embeddable":true,"href":"https:\/\/staging.nbg.eu\/fi\/wp-json\/wp\/v2\/product_cat?post=45063"},{"taxonomy":"product_tag","embeddable":true,"href":"https:\/\/staging.nbg.eu\/fi\/wp-json\/wp\/v2\/product_tag?post=45063"}],"curies":[{"name":"wp","href":"https:\/\/api.w.org\/{rel}","templated":true}]}}