{"id":45019,"date":"2024-08-18T09:29:56","date_gmt":"2024-09-10T12:18:06","guid":{"rendered":"https:\/\/staging.nbg.eu\/product\/buckle-kit-lynx\/"},"modified":"2024-09-10T12:18:43","modified_gmt":"2024-09-10T12:18:43","slug":"solkisarja-lynx","status":"publish","type":"product","link":"https:\/\/staging.nbg.eu\/fi\/tuote\/solkisarja-lynx\/","title":{"rendered":"Solkisarja &#8211; Lynx"},"content":{"rendered":"<div class=\"product-description\">\n<h2>Solkisarja &#8211; Lynx<\/h2>\n<p>P\u00e4ivit\u00e4 Lynx-vy\u00f6si k\u00e4ytt\u00f6valmiilla solkisarjallamme! T\u00e4m\u00e4 kattava paketti sis\u00e4lt\u00e4\u00e4:<\/p>\n<ul>\n<li>T\u00e4ysin koottu Lynx-solki<\/li>\n<li>Lynx-vy\u00f6n p\u00e4\u00e4tyosa<\/li>\n<li>50 rullatapin vy\u00f6n kokoamiseen<\/li>\n<li>Ylim\u00e4\u00e4r\u00e4inen silikoni-O-rengas<\/li>\n<li>Mukautettu ter\u00e4ksinen mini-l\u00e4vistysty\u00f6kalu<\/li>\n<\/ul>\n<p>Kiinnit\u00e4 esikoottu solki Lynx-vy\u00f6h\u00f6si v\u00e4lit\u00f6nt\u00e4 k\u00e4ytt\u00f6\u00e4 varten. Sarjamme tarjoaa kaiken tarvittavan nopeaan ja vaivattomaan vy\u00f6n p\u00e4ivitykseen.<\/p>\n<\/div>\n","protected":false},"excerpt":{"rendered":"<p>K\u00e4ytt\u00f6valmis Lynx-solkisarja ty\u00f6kaluineen helppoon vy\u00f6n kokoamiseen.<\/p>\n","protected":false},"featured_media":26775,"template":"","meta":{"_acf_changed":false},"product_brand":[11270],"product_cat":[13195,13192],"product_tag":[],"class_list":{"0":"post-45019","1":"product","2":"type-product","3":"status-publish","4":"has-post-thumbnail","6":"product_brand-doublealpha","7":"product_cat-urheiluvyoet","8":"product_cat-varusteet","10":"first","11":"instock","12":"taxable","13":"shipping-taxable","14":"purchasable","15":"product-type-simple"},"acf":[],"_links":{"self":[{"href":"https:\/\/staging.nbg.eu\/fi\/wp-json\/wp\/v2\/product\/45019","targetHints":{"allow":["GET"]}}],"collection":[{"href":"https:\/\/staging.nbg.eu\/fi\/wp-json\/wp\/v2\/product"}],"about":[{"href":"https:\/\/staging.nbg.eu\/fi\/wp-json\/wp\/v2\/types\/product"}],"wp:featuredmedia":[{"embeddable":true,"href":"https:\/\/staging.nbg.eu\/fi\/wp-json\/wp\/v2\/media\/26775"}],"wp:attachment":[{"href":"https:\/\/staging.nbg.eu\/fi\/wp-json\/wp\/v2\/media?parent=45019"}],"wp:term":[{"taxonomy":"product_brand","embeddable":true,"href":"https:\/\/staging.nbg.eu\/fi\/wp-json\/wp\/v2\/product_brand?post=45019"},{"taxonomy":"product_cat","embeddable":true,"href":"https:\/\/staging.nbg.eu\/fi\/wp-json\/wp\/v2\/product_cat?post=45019"},{"taxonomy":"product_tag","embeddable":true,"href":"https:\/\/staging.nbg.eu\/fi\/wp-json\/wp\/v2\/product_tag?post=45019"}],"curies":[{"name":"wp","href":"https:\/\/api.w.org\/{rel}","templated":true}]}}