{"id":44997,"date":"2024-08-18T09:30:21","date_gmt":"2024-08-18T09:30:21","guid":{"rendered":"https:\/\/staging.nbg.eu\/product\/lynx-belt-ratchet-buckle\/"},"modified":"2024-09-10T12:02:55","modified_gmt":"2024-09-10T12:02:55","slug":"lynx-vyoe-raeikkaesolki","status":"publish","type":"product","link":"https:\/\/staging.nbg.eu\/fi\/tuote\/lynx-vyoe-raeikkaesolki\/","title":{"rendered":"Lynx Vy\u00f6 R\u00e4ikk\u00e4solki"},"content":{"rendered":"<div class=\"product-description\">\n<h2>DAA Lynx -vy\u00f6n r\u00e4ikk\u00e4solki<\/h2>\n<p>P\u00e4ivit\u00e4 ampumavarustuksesi DAA Lynx -vy\u00f6n r\u00e4ikk\u00e4solkij\u00e4rjestelm\u00e4ll\u00e4. T\u00e4m\u00e4 innovatiivinen solki tarjoaa:<\/p>\n<ul>\n<li>Paremman pituuden s\u00e4\u00e4dett\u00e4vyyden vaatteiden kompensointiin<\/li>\n<li>Nopean l\u00f6ys\u00e4\u00e4misen ja kirist\u00e4misen vaiheiden v\u00e4lill\u00e4<\/li>\n<li>Kest\u00e4v\u00e4n ter\u00e4s- ja alumiinirakenteen<\/li>\n<li>23 mm leve\u00e4n kumihihnan 16 cm:n s\u00e4\u00e4t\u00f6alueella<\/li>\n<li>Kaksi esiporattua mustaa lenkki\u00e4 ter\u00e4ksisill\u00e4 kierreholkeilla<\/li>\n<\/ul>\n<p>Suositeltu sijoituspaikka: edess\u00e4, kotelon ja ensimm\u00e4isen taskun v\u00e4liss\u00e4. Hihnaa voidaan lyhent\u00e4\u00e4 ja soljen suuntaa voidaan vaihtaa tarvittaessa. Paranna ampumiskokemustasi lis\u00e4\u00e4m\u00e4ll\u00e4 mukavuutta ja k\u00e4yt\u00e4nn\u00f6llisyytt\u00e4!<\/p>\n<\/div>\n","protected":false},"excerpt":{"rendered":"<p>R\u00e4ikk\u00e4solki helppoa vy\u00f6n s\u00e4\u00e4t\u00f6\u00e4 ja nopeaa kiristyst\u00e4 varten.<\/p>\n","protected":false},"featured_media":26867,"template":"","meta":{"_acf_changed":false},"product_brand":[11270],"product_cat":[13195,13192],"product_tag":[],"class_list":{"0":"post-44997","1":"product","2":"type-product","3":"status-publish","4":"has-post-thumbnail","6":"product_brand-doublealpha","7":"product_cat-urheiluvyoet","8":"product_cat-varusteet","10":"first","11":"instock","12":"taxable","13":"shipping-taxable","14":"purchasable","15":"product-type-simple"},"acf":[],"_links":{"self":[{"href":"https:\/\/staging.nbg.eu\/fi\/wp-json\/wp\/v2\/product\/44997","targetHints":{"allow":["GET"]}}],"collection":[{"href":"https:\/\/staging.nbg.eu\/fi\/wp-json\/wp\/v2\/product"}],"about":[{"href":"https:\/\/staging.nbg.eu\/fi\/wp-json\/wp\/v2\/types\/product"}],"wp:featuredmedia":[{"embeddable":true,"href":"https:\/\/staging.nbg.eu\/fi\/wp-json\/wp\/v2\/media\/26867"}],"wp:attachment":[{"href":"https:\/\/staging.nbg.eu\/fi\/wp-json\/wp\/v2\/media?parent=44997"}],"wp:term":[{"taxonomy":"product_brand","embeddable":true,"href":"https:\/\/staging.nbg.eu\/fi\/wp-json\/wp\/v2\/product_brand?post=44997"},{"taxonomy":"product_cat","embeddable":true,"href":"https:\/\/staging.nbg.eu\/fi\/wp-json\/wp\/v2\/product_cat?post=44997"},{"taxonomy":"product_tag","embeddable":true,"href":"https:\/\/staging.nbg.eu\/fi\/wp-json\/wp\/v2\/product_tag?post=44997"}],"curies":[{"name":"wp","href":"https:\/\/api.w.org\/{rel}","templated":true}]}}