{"id":44975,"date":"2024-08-18T09:31:04","date_gmt":"2024-08-18T09:31:04","guid":{"rendered":"https:\/\/staging.nbg.eu\/product\/daa-1-die-box-end-wrench\/"},"modified":"2024-09-10T11:56:23","modified_gmt":"2024-09-10T11:56:23","slug":"daa-1-muotti-hylsyavain","status":"publish","type":"product","link":"https:\/\/staging.nbg.eu\/fi\/tuote\/daa-1-muotti-hylsyavain\/","title":{"rendered":"Daa 1&#8243; Muotti, Hylsyavain"},"content":{"rendered":"<div class=\"product-description\">\n<h2>DAA 1&#8243; Holkkiavain<\/h2>\n<p>T\u00e4ydellinen ratkaisu lataajille, jotka kamppailevat holkkien s\u00e4\u00e4t\u00e4misen kanssa ahtaissa ty\u00f6kalupitiimiss\u00e4. T\u00e4m\u00e4 mittatilausty\u00f6n\u00e4 valmistettu, laserleikkauksella tehty ruostumattomasta ter\u00e4ksest\u00e4 valmistettu avain sis\u00e4lt\u00e4\u00e4:<\/p>\n<ul>\n<li>Ohut rakenne helppoon p\u00e4\u00e4syyn holkkien v\u00e4liin<\/li>\n<li>Useita leukoja optimaaliseen asentoon<\/li>\n<li>Kest\u00e4v\u00e4 rakenne elinik\u00e4iseen k\u00e4ytt\u00f6\u00f6n<\/li>\n<li>Tarkasti suunniteltu 1&#8243; muttereille<\/li>\n<\/ul>\n<p>P\u00e4ivit\u00e4 latausv\u00e4lineist\u00f6si t\u00e4ll\u00e4 v\u00e4ltt\u00e4m\u00e4tt\u00f6m\u00e4ll\u00e4 ty\u00f6kalulla, joka on suunniteltu tekem\u00e4\u00e4n holkkien s\u00e4\u00e4t\u00e4misest\u00e4 nopeaa ja vaivatonta. Yhteensopiva vakiomallisten 1&#8243; holkkimuttereiden kanssa, taaten maksimaalisen monipuolisuuden ja k\u00e4ytt\u00f6mukavuuden.<\/p>\n<\/div>\n","protected":false},"excerpt":{"rendered":"<p>DAA 1&#8243; hylsyavain: Ohut, vahva, monipuolinen. Helppo k\u00e4ytt\u00e4\u00e4 lataajille.<\/p>\n","protected":false},"featured_media":27005,"template":"","meta":{"_acf_changed":false},"product_brand":[11270],"product_cat":[13221,13175],"product_tag":[],"class_list":{"0":"post-44975","1":"product","2":"type-product","3":"status-publish","4":"has-post-thumbnail","6":"product_brand-doublealpha","7":"product_cat-lataaminen","8":"product_cat-latausvaelineet","10":"first","11":"outofstock","12":"taxable","13":"shipping-taxable","14":"purchasable","15":"product-type-simple"},"acf":[],"_links":{"self":[{"href":"https:\/\/staging.nbg.eu\/fi\/wp-json\/wp\/v2\/product\/44975","targetHints":{"allow":["GET"]}}],"collection":[{"href":"https:\/\/staging.nbg.eu\/fi\/wp-json\/wp\/v2\/product"}],"about":[{"href":"https:\/\/staging.nbg.eu\/fi\/wp-json\/wp\/v2\/types\/product"}],"wp:featuredmedia":[{"embeddable":true,"href":"https:\/\/staging.nbg.eu\/fi\/wp-json\/wp\/v2\/media\/27005"}],"wp:attachment":[{"href":"https:\/\/staging.nbg.eu\/fi\/wp-json\/wp\/v2\/media?parent=44975"}],"wp:term":[{"taxonomy":"product_brand","embeddable":true,"href":"https:\/\/staging.nbg.eu\/fi\/wp-json\/wp\/v2\/product_brand?post=44975"},{"taxonomy":"product_cat","embeddable":true,"href":"https:\/\/staging.nbg.eu\/fi\/wp-json\/wp\/v2\/product_cat?post=44975"},{"taxonomy":"product_tag","embeddable":true,"href":"https:\/\/staging.nbg.eu\/fi\/wp-json\/wp\/v2\/product_tag?post=44975"}],"curies":[{"name":"wp","href":"https:\/\/api.w.org\/{rel}","templated":true}]}}