{"id":44909,"date":"2024-08-18T09:32:43","date_gmt":"2024-08-18T09:32:43","guid":{"rendered":"https:\/\/staging.nbg.eu\/product\/daa-toolhead-led-lighting-controller-unit\/"},"modified":"2024-09-10T11:30:41","modified_gmt":"2024-09-10T11:30:41","slug":"daa-tyoepaeaen-led-valaistus-ohjausyksikkoe","status":"publish","type":"product","link":"https:\/\/staging.nbg.eu\/fi\/tuote\/daa-tyoepaeaen-led-valaistus-ohjausyksikkoe\/","title":{"rendered":"Daa Ty\u00f6p\u00e4\u00e4n Led Valaistus Ohjausyksikk\u00f6"},"content":{"rendered":"<h2>DAA-ty\u00f6p\u00e4\u00e4n LED-valaistuksen ohjausyksikk\u00f6<\/h2>\n<p>Valaise ty\u00f6tilasi tarkasti! T\u00e4m\u00e4 monipuolinen ohjain toimii kaikkien DAA LED -ty\u00f6p\u00e4\u00e4valojen kanssa, 4 LED:in levyist\u00e4 10 LED:in Mark7-levyihin. Ominaisuuksiin kuuluvat:<\/p>\n<ul>\n<li>\u00c4lyk\u00e4s elektroniikka automaattiseen levyn tunnistamiseen<\/li>\n<li>Kompakti muotoilu, jossa rullakytkin ON\/OFF-toiminnolle ja himmennin<\/li>\n<li>30 cm:n liit\u00e4nt\u00e4kaapeli<\/li>\n<li>Tarranauha helppoa kiinnityst\u00e4 varten<\/li>\n<li>110\/220V virtal\u00e4hde 2 metrin johdolla ja US\/EU-pistokkeilla<\/li>\n<\/ul>\n<p>Optimoi valaistusratkaisusi t\u00e4ll\u00e4 v\u00e4ltt\u00e4m\u00e4tt\u00f6m\u00e4ll\u00e4 lis\u00e4varusteella!<\/p>\n","protected":false},"excerpt":{"rendered":"<p>Monipuolinen LED-ohjain himmentimell\u00e4 latauspuristimen valaistukseen.<\/p>\n","protected":false},"featured_media":27189,"template":"","meta":{"_acf_changed":false},"product_brand":[11270],"product_cat":[13221,13175],"product_tag":[],"class_list":{"0":"post-44909","1":"product","2":"type-product","3":"status-publish","4":"has-post-thumbnail","6":"product_brand-doublealpha","7":"product_cat-lataaminen","8":"product_cat-latausvaelineet","10":"first","11":"outofstock","12":"taxable","13":"shipping-taxable","14":"purchasable","15":"product-type-simple"},"acf":[],"_links":{"self":[{"href":"https:\/\/staging.nbg.eu\/fi\/wp-json\/wp\/v2\/product\/44909","targetHints":{"allow":["GET"]}}],"collection":[{"href":"https:\/\/staging.nbg.eu\/fi\/wp-json\/wp\/v2\/product"}],"about":[{"href":"https:\/\/staging.nbg.eu\/fi\/wp-json\/wp\/v2\/types\/product"}],"wp:featuredmedia":[{"embeddable":true,"href":"https:\/\/staging.nbg.eu\/fi\/wp-json\/wp\/v2\/media\/27189"}],"wp:attachment":[{"href":"https:\/\/staging.nbg.eu\/fi\/wp-json\/wp\/v2\/media?parent=44909"}],"wp:term":[{"taxonomy":"product_brand","embeddable":true,"href":"https:\/\/staging.nbg.eu\/fi\/wp-json\/wp\/v2\/product_brand?post=44909"},{"taxonomy":"product_cat","embeddable":true,"href":"https:\/\/staging.nbg.eu\/fi\/wp-json\/wp\/v2\/product_cat?post=44909"},{"taxonomy":"product_tag","embeddable":true,"href":"https:\/\/staging.nbg.eu\/fi\/wp-json\/wp\/v2\/product_tag?post=44909"}],"curies":[{"name":"wp","href":"https:\/\/api.w.org\/{rel}","templated":true}]}}