{"id":44887,"date":"2024-08-18T09:33:06","date_gmt":"2024-08-18T09:33:06","guid":{"rendered":"https:\/\/staging.nbg.eu\/product\/daa-hard-case-medium-300\/"},"modified":"2024-09-10T11:26:46","modified_gmt":"2024-09-10T11:26:46","slug":"daa-kova-laukku-keskikokoinen-300","status":"publish","type":"product","link":"https:\/\/staging.nbg.eu\/fi\/tuote\/daa-kova-laukku-keskikokoinen-300\/","title":{"rendered":"Daa Kova Laukku Keskikokoinen &#8211; 300"},"content":{"rendered":"<div class=\"product-description\">\n<h2>DAA Kova Laukku Keskikokoinen &#8211; 300<\/h2>\n<p>IP67-sertifioitu DAA Kova Laukku Keskikokoinen-300 tarjoaa vertaansa vailla olevaa suojaa aseillesi ja arvokkaalle varustuksellesi. T\u00e4m\u00e4 kest\u00e4vyytt\u00e4 ja luotettavuutta varten suunniteltu laukku sopii t\u00e4ydellisesti erilaisiin k\u00e4ytt\u00f6tarkoituksiin, kuten merenkulkuun, valokuvaukseen, mets\u00e4stykseen ja moneen muuhun.<\/p>\n<h3>T\u00e4rkeimm\u00e4t ominaisuudet:<\/h3>\n<ul>\n<li>Vesitiivis tiiviste ja automaattinen paineentasausventtiili<\/li>\n<li>Kaksoislukitussalvat ja riippulukon rei\u00e4t turvallisuuden takaamiseksi<\/li>\n<li>Pinottava lukitusj\u00e4rjestelm\u00e4<\/li>\n<li>Pick N Pluck -vaahtomuovisisus mukautettavaa suojausta varten<\/li>\n<li>Saatavana mustana tai oranssina<\/li>\n<\/ul>\n<h3>Tekniset tiedot:<\/h3>\n<ul>\n<li>Ulkomitat: 336 x 300 x 148 mm<\/li>\n<li>Sis\u00e4mitat: 300 x 225 x 132 mm<\/li>\n<li>Paino: 1,75 kg<\/li>\n<\/ul>\n<p>DAA Kova Laukku Keskikokoinen-300 on ihanteellinen aseiden kuljetukseen ja varmistaa, ett\u00e4 arvokas varusteesi pysyy turvassa ja suojattuna kaikissa ymp\u00e4rist\u00f6iss\u00e4.<\/p>\n<\/div>\n","protected":false},"excerpt":{"rendered":"<p>Kest\u00e4v\u00e4 IP67-kotelo ampuma-aseille. Vedenpit\u00e4v\u00e4, p\u00f6lynkest\u00e4v\u00e4, iskunkest\u00e4v\u00e4.<\/p>\n","protected":false},"featured_media":27212,"template":"","meta":{"_acf_changed":false},"product_brand":[11270],"product_cat":[13214,13192],"product_tag":[],"class_list":{"0":"post-44887","1":"product","2":"type-product","3":"status-publish","4":"has-post-thumbnail","6":"product_brand-doublealpha","7":"product_cat-kuljetuslaukut","8":"product_cat-varusteet","10":"first","11":"outofstock","12":"taxable","13":"shipping-taxable","14":"purchasable","15":"product-type-simple"},"acf":[],"_links":{"self":[{"href":"https:\/\/staging.nbg.eu\/fi\/wp-json\/wp\/v2\/product\/44887","targetHints":{"allow":["GET"]}}],"collection":[{"href":"https:\/\/staging.nbg.eu\/fi\/wp-json\/wp\/v2\/product"}],"about":[{"href":"https:\/\/staging.nbg.eu\/fi\/wp-json\/wp\/v2\/types\/product"}],"wp:featuredmedia":[{"embeddable":true,"href":"https:\/\/staging.nbg.eu\/fi\/wp-json\/wp\/v2\/media\/27212"}],"wp:attachment":[{"href":"https:\/\/staging.nbg.eu\/fi\/wp-json\/wp\/v2\/media?parent=44887"}],"wp:term":[{"taxonomy":"product_brand","embeddable":true,"href":"https:\/\/staging.nbg.eu\/fi\/wp-json\/wp\/v2\/product_brand?post=44887"},{"taxonomy":"product_cat","embeddable":true,"href":"https:\/\/staging.nbg.eu\/fi\/wp-json\/wp\/v2\/product_cat?post=44887"},{"taxonomy":"product_tag","embeddable":true,"href":"https:\/\/staging.nbg.eu\/fi\/wp-json\/wp\/v2\/product_tag?post=44887"}],"curies":[{"name":"wp","href":"https:\/\/api.w.org\/{rel}","templated":true}]}}