{"id":44865,"date":"2024-08-18T09:33:23","date_gmt":"2024-08-18T09:33:23","guid":{"rendered":"https:\/\/staging.nbg.eu\/product\/daa-toolhead-led-lighting-pcb-dillon-1050-1100\/"},"modified":"2024-09-10T11:21:22","modified_gmt":"2024-09-10T11:21:22","slug":"daa-tyoepaeaen-led-valaistus-piirilevy-dillon-10501100","status":"publish","type":"product","link":"https:\/\/staging.nbg.eu\/fi\/tuote\/daa-tyoepaeaen-led-valaistus-piirilevy-dillon-10501100\/","title":{"rendered":"Daa Ty\u00f6p\u00e4\u00e4n Led Valaistus Piirilevy &#8211; Dillon 1050\/1100"},"content":{"rendered":"<h2>DAA Ty\u00f6kalup\u00e4\u00e4n LED-valaistus PCB &#8211; Dillon 1050\/1100<\/h2>\n<p>Paranna latauskokemustasi DAA:n ty\u00f6kalup\u00e4\u00e4n LED-valaistus PCB:ll\u00e4 Dillon 1050\/1100:lle. T\u00e4m\u00e4 korkealaatuinen alumiini-PCB sis\u00e4lt\u00e4\u00e4:<\/p>\n<ul>\n<li>8 kirkasta LED-valoa t\u00e4ydelliseen hylsylevyn valaistukseen<\/li>\n<li>Valkoinen v\u00e4ri lis\u00e4\u00e4 valon heijastusta<\/li>\n<li>Valmiiksi asennettu kaksipuolinen teippi helppoa asennusta varten<\/li>\n<li>Yhteensopiva DAA-ohjausyksik\u00f6n kanssa (myyd\u00e4\u00e4n erikseen)<\/li>\n<li>Himmennystoiminto s\u00e4\u00e4dett\u00e4v\u00e4\u00e4 valaistusta varten<\/li>\n<\/ul>\n<p>V\u00e4henn\u00e4 silmien rasitusta ja minimoi virheet latauksen aikana. Virtaviivainen muotoilu mahdollistaa kustannustehokkaat usean ty\u00f6kalup\u00e4\u00e4n kokoonpanot. Yhteensopiva Dillon CP2000 ty\u00f6kalup\u00e4\u00e4n kanssa (asema 4 on j\u00e4tett\u00e4v\u00e4 vapaaksi). P\u00e4ivit\u00e4 latausasemasi t\u00e4n\u00e4\u00e4n!<\/p>\n","protected":false},"excerpt":{"rendered":"<p>Kirkas LED-valaistus Dillon 1050\/1100 -latauskoneille, parantaa n\u00e4kyvyytt\u00e4.<\/p>\n","protected":false},"featured_media":27235,"template":"","meta":{"_acf_changed":false},"product_brand":[11270],"product_cat":[13221,13175],"product_tag":[],"class_list":{"0":"post-44865","1":"product","2":"type-product","3":"status-publish","4":"has-post-thumbnail","6":"product_brand-doublealpha","7":"product_cat-lataaminen","8":"product_cat-latausvaelineet","10":"first","11":"outofstock","12":"taxable","13":"shipping-taxable","14":"purchasable","15":"product-type-simple"},"acf":[],"_links":{"self":[{"href":"https:\/\/staging.nbg.eu\/fi\/wp-json\/wp\/v2\/product\/44865","targetHints":{"allow":["GET"]}}],"collection":[{"href":"https:\/\/staging.nbg.eu\/fi\/wp-json\/wp\/v2\/product"}],"about":[{"href":"https:\/\/staging.nbg.eu\/fi\/wp-json\/wp\/v2\/types\/product"}],"wp:featuredmedia":[{"embeddable":true,"href":"https:\/\/staging.nbg.eu\/fi\/wp-json\/wp\/v2\/media\/27235"}],"wp:attachment":[{"href":"https:\/\/staging.nbg.eu\/fi\/wp-json\/wp\/v2\/media?parent=44865"}],"wp:term":[{"taxonomy":"product_brand","embeddable":true,"href":"https:\/\/staging.nbg.eu\/fi\/wp-json\/wp\/v2\/product_brand?post=44865"},{"taxonomy":"product_cat","embeddable":true,"href":"https:\/\/staging.nbg.eu\/fi\/wp-json\/wp\/v2\/product_cat?post=44865"},{"taxonomy":"product_tag","embeddable":true,"href":"https:\/\/staging.nbg.eu\/fi\/wp-json\/wp\/v2\/product_tag?post=44865"}],"curies":[{"name":"wp","href":"https:\/\/api.w.org\/{rel}","templated":true}]}}