{"id":44843,"date":"2024-08-18T09:33:44","date_gmt":"2024-08-18T09:33:44","guid":{"rendered":"https:\/\/staging.nbg.eu\/product\/pro-grip-lotion-2oz\/"},"modified":"2024-09-10T11:15:06","modified_gmt":"2024-09-10T11:15:06","slug":"pro-grip-voide-2oz","status":"publish","type":"product","link":"https:\/\/staging.nbg.eu\/fi\/tuote\/pro-grip-voide-2oz\/","title":{"rendered":"Pro Grip Voide 2Oz"},"content":{"rendered":"<p>\nParanna ampumissuoritustasi Pro Grip Lotion 2Oz -voiteella. T\u00e4h\u00e4n k\u00e4tev\u00e4ss\u00e4 pakkauksessa olevaan voiteeseen luottavat mestarit kuten Jerry Barnhart, Todd Jarrett ja Saul Kirsch, ja se ylitt\u00e4\u00e4 hartsin ja liidun tehon. Koe ylivertainen pito, aseen hallinta ja nopeammat palautumisajat. Pro Grip on v\u00e4ltt\u00e4m\u00e4t\u00f6n lis\u00e4 jokaisen ampujan laukkuun ja salainen ase toiminta-ammunnan menestykseen.<\/p>\n","protected":false},"excerpt":{"rendered":"<p>Pro Grip: Mestarien hyv\u00e4ksym\u00e4 voide ylivertaiseen aseen hallintaan.<\/p>\n","protected":false},"featured_media":27281,"template":"","meta":{"_acf_changed":false},"product_brand":[11270],"product_cat":[13179,13212,13192],"product_tag":[],"class_list":{"0":"post-44843","1":"product","2":"type-product","3":"status-publish","4":"has-post-thumbnail","6":"product_brand-doublealpha","7":"product_cat-kotelo","8":"product_cat-kotelotarvikkeet","9":"product_cat-varusteet","11":"first","12":"instock","13":"taxable","14":"shipping-taxable","15":"purchasable","16":"product-type-simple"},"acf":[],"_links":{"self":[{"href":"https:\/\/staging.nbg.eu\/fi\/wp-json\/wp\/v2\/product\/44843","targetHints":{"allow":["GET"]}}],"collection":[{"href":"https:\/\/staging.nbg.eu\/fi\/wp-json\/wp\/v2\/product"}],"about":[{"href":"https:\/\/staging.nbg.eu\/fi\/wp-json\/wp\/v2\/types\/product"}],"wp:featuredmedia":[{"embeddable":true,"href":"https:\/\/staging.nbg.eu\/fi\/wp-json\/wp\/v2\/media\/27281"}],"wp:attachment":[{"href":"https:\/\/staging.nbg.eu\/fi\/wp-json\/wp\/v2\/media?parent=44843"}],"wp:term":[{"taxonomy":"product_brand","embeddable":true,"href":"https:\/\/staging.nbg.eu\/fi\/wp-json\/wp\/v2\/product_brand?post=44843"},{"taxonomy":"product_cat","embeddable":true,"href":"https:\/\/staging.nbg.eu\/fi\/wp-json\/wp\/v2\/product_cat?post=44843"},{"taxonomy":"product_tag","embeddable":true,"href":"https:\/\/staging.nbg.eu\/fi\/wp-json\/wp\/v2\/product_tag?post=44843"}],"curies":[{"name":"wp","href":"https:\/\/api.w.org\/{rel}","templated":true}]}}