{"id":44821,"date":"2024-08-18T09:34:28","date_gmt":"2024-08-18T09:34:28","guid":{"rendered":"https:\/\/staging.nbg.eu\/product\/daa-magnet-with-m5-screw-for-rm-pouch\/"},"modified":"2024-09-10T11:11:16","modified_gmt":"2024-09-10T11:11:16","slug":"daa-magneetti-m5-ruuvilla","status":"publish","type":"product","link":"https:\/\/staging.nbg.eu\/fi\/tuote\/daa-magneetti-m5-ruuvilla\/","title":{"rendered":"Daa Magneetti M5 Ruuvilla"},"content":{"rendered":"<h2>DAA Super-Vahva Magneetti Alpha-Xi\/X ja Race Master -koteloille<\/h2>\n<p>Paranna ampumavarusteitasi tehokkailla DAA Super-Vahvoilla magneeteilla, jotka on suunniteltu Alpha-Xi-, Alpha-X- ja Race Master -koteloille.<\/p>\n<ul>\n<li>Sinkitty kest\u00e4vyyden takaamiseksi<\/li>\n<li>Vaikuttava 87 kg:n vetovoima<\/li>\n<li>50 mm halkaisija, 12 mm paksu (kotelo mukaan lukien)<\/li>\n<li>Turvallinen kiinnitys M5-ruuvilla<\/li>\n<\/ul>\n<p>Asennus on yksinkertaista:<\/p>\n<ol>\n<li>Kierr\u00e4 4,2 mm:n reik\u00e4 kotelon etuosaan M5-kierretapilla<\/li>\n<li>Kierr\u00e4 magneetti varovasti paikalleen<\/li>\n<li>Varmista kiinnitys LockTitella lis\u00e4vakauden saavuttamiseksi<\/li>\n<\/ol>\n<p>Koe varma lippaan asettaminen ja pysyminen dynaamisten liikkeiden aikana. P\u00e4ivit\u00e4 kotelosi t\u00e4n\u00e4\u00e4n parempaa suorituskyky\u00e4 varten!<\/p>\n","protected":false},"excerpt":{"rendered":"<p>Vahva M5-ruuvimagneetti Alpha-Xi\/X- ja Race Master -koteloihin.<\/p>\n","protected":false},"featured_media":27327,"template":"","meta":{"_acf_changed":false},"product_brand":[11270],"product_cat":[13179,13212,13217],"product_tag":[],"class_list":{"0":"post-44821","1":"product","2":"type-product","3":"status-publish","4":"has-post-thumbnail","6":"product_brand-doublealpha","7":"product_cat-kotelo","8":"product_cat-kotelotarvikkeet","9":"product_cat-urheilukotelot","11":"first","12":"instock","13":"taxable","14":"shipping-taxable","15":"purchasable","16":"product-type-simple"},"acf":[],"_links":{"self":[{"href":"https:\/\/staging.nbg.eu\/fi\/wp-json\/wp\/v2\/product\/44821","targetHints":{"allow":["GET"]}}],"collection":[{"href":"https:\/\/staging.nbg.eu\/fi\/wp-json\/wp\/v2\/product"}],"about":[{"href":"https:\/\/staging.nbg.eu\/fi\/wp-json\/wp\/v2\/types\/product"}],"wp:featuredmedia":[{"embeddable":true,"href":"https:\/\/staging.nbg.eu\/fi\/wp-json\/wp\/v2\/media\/27327"}],"wp:attachment":[{"href":"https:\/\/staging.nbg.eu\/fi\/wp-json\/wp\/v2\/media?parent=44821"}],"wp:term":[{"taxonomy":"product_brand","embeddable":true,"href":"https:\/\/staging.nbg.eu\/fi\/wp-json\/wp\/v2\/product_brand?post=44821"},{"taxonomy":"product_cat","embeddable":true,"href":"https:\/\/staging.nbg.eu\/fi\/wp-json\/wp\/v2\/product_cat?post=44821"},{"taxonomy":"product_tag","embeddable":true,"href":"https:\/\/staging.nbg.eu\/fi\/wp-json\/wp\/v2\/product_tag?post=44821"}],"curies":[{"name":"wp","href":"https:\/\/api.w.org\/{rel}","templated":true}]}}