{"id":44799,"date":"2024-08-18T09:35:16","date_gmt":"2024-08-18T09:35:16","guid":{"rendered":"https:\/\/staging.nbg.eu\/product\/daa-4-pack-magnetic-collars-for-primer-tube\/"},"modified":"2024-09-10T11:05:42","modified_gmt":"2024-09-10T11:05:42","slug":"daa-4-pakkaus-magneettiset-kaulukset-nalliputkelle","status":"publish","type":"product","link":"https:\/\/staging.nbg.eu\/fi\/tuote\/daa-4-pakkaus-magneettiset-kaulukset-nalliputkelle\/","title":{"rendered":"Daa 4-Pakkaus Magneettiset Kaulukset Nalliputkelle"},"content":{"rendered":"<div class=\"product-description\">\n<h2>DAA 4 kpl:n pakkaus magneettisia kauluksia nallien sy\u00f6tt\u00f6putkelle<\/h2>\n<p>Tehosta lataustoimintaasi DAA:n 4 kpl:n magneettisilla kauluksilla, jotka on suunniteltu erityisesti k\u00e4ytett\u00e4v\u00e4ksi Dillon-sy\u00f6tt\u00f6putkien ja PRIMER-PRO-nallien lajittelijan kanssa.<\/p>\n<ul>\n<li>Sarja sis\u00e4lt\u00e4\u00e4 4 muovikaulusta kiinnitetyill\u00e4 magneeteilla ja s\u00e4\u00e4t\u00f6ruuveilla<\/li>\n<li>Yhteensopiva Dillon-nalliputkien kanssa<\/li>\n<li>Ihanteellinen useiden putkien esit\u00e4ytt\u00f6\u00f6n ennen lataussessiota<\/li>\n<li>Poistaa tarpeen palata toistuvasti PRIMER-PRO-yksikk\u00f6\u00f6n<\/li>\n<li>T\u00e4ydellinen lis\u00e4 PRIMER-PRO:lle, jonka mukana toimitetaan yksi magneettinen kaulus<\/li>\n<\/ul>\n<p><strong>Huomaa:<\/strong> Nalliputket EIV\u00c4T sis\u00e4lly toimitukseen.<\/p>\n<p>Optimoi latausty\u00f6nkulkusi ja s\u00e4\u00e4st\u00e4 aikaa n\u00e4ill\u00e4 lis\u00e4magneettikauluksilla, joiden avulla voit valmistella useita nalliputkia etuk\u00e4teen.<\/p>\n<\/div>\n","protected":false},"excerpt":{"rendered":"<p>4 magneettista kaulusta Dillonin nallituubeihin. K\u00e4ytett\u00e4v\u00e4ksi PRIMER-PRO:n kanssa.<\/p>\n","protected":false},"featured_media":27350,"template":"","meta":{"_acf_changed":false},"product_brand":[11270],"product_cat":[13221,13175],"product_tag":[],"class_list":{"0":"post-44799","1":"product","2":"type-product","3":"status-publish","4":"has-post-thumbnail","6":"product_brand-doublealpha","7":"product_cat-lataaminen","8":"product_cat-latausvaelineet","10":"first","11":"outofstock","12":"taxable","13":"shipping-taxable","14":"purchasable","15":"product-type-simple"},"acf":[],"_links":{"self":[{"href":"https:\/\/staging.nbg.eu\/fi\/wp-json\/wp\/v2\/product\/44799","targetHints":{"allow":["GET"]}}],"collection":[{"href":"https:\/\/staging.nbg.eu\/fi\/wp-json\/wp\/v2\/product"}],"about":[{"href":"https:\/\/staging.nbg.eu\/fi\/wp-json\/wp\/v2\/types\/product"}],"wp:featuredmedia":[{"embeddable":true,"href":"https:\/\/staging.nbg.eu\/fi\/wp-json\/wp\/v2\/media\/27350"}],"wp:attachment":[{"href":"https:\/\/staging.nbg.eu\/fi\/wp-json\/wp\/v2\/media?parent=44799"}],"wp:term":[{"taxonomy":"product_brand","embeddable":true,"href":"https:\/\/staging.nbg.eu\/fi\/wp-json\/wp\/v2\/product_brand?post=44799"},{"taxonomy":"product_cat","embeddable":true,"href":"https:\/\/staging.nbg.eu\/fi\/wp-json\/wp\/v2\/product_cat?post=44799"},{"taxonomy":"product_tag","embeddable":true,"href":"https:\/\/staging.nbg.eu\/fi\/wp-json\/wp\/v2\/product_tag?post=44799"}],"curies":[{"name":"wp","href":"https:\/\/api.w.org\/{rel}","templated":true}]}}