{"id":44777,"date":"2024-08-18T09:35:34","date_gmt":"2024-08-18T09:35:34","guid":{"rendered":"https:\/\/staging.nbg.eu\/product\/mr-bulletfeeder-pro-dropper-assembly-9-38s\/"},"modified":"2024-09-10T10:58:56","modified_gmt":"2024-09-10T10:58:56","slug":"mr-bulletfeeder-pro-syoettoeyksikkoe-938s","status":"publish","type":"product","link":"https:\/\/staging.nbg.eu\/fi\/tuote\/mr-bulletfeeder-pro-syoettoeyksikkoe-938s\/","title":{"rendered":"Mr. Bulletfeeder Pro Sy\u00f6tt\u00f6yksikk\u00f6 9\/38S"},"content":{"rendered":"<p>P\u00e4ivit\u00e4 latauskokoonpanosi <strong>Mr. Bulletfeeder Pro Dropper Assembly 9\/38S<\/strong> -laitteella. T\u00e4m\u00e4 paranneltu komponentti tarjoaa:<\/p>\n<ul>\n<li>Parannettu painovoimak\u00e4ytt\u00f6inen suorituskyky<\/li>\n<li>Kaksinkertainen messinki-osa lis\u00e4\u00e4 painoa ja luotettavuutta<\/li>\n<li>Kokonaan ter\u00e4ksinen ty\u00f6kaluosa lis\u00e4\u00e4 kest\u00e4vyytt\u00e4<\/li>\n<li>Est\u00e4\u00e4 sy\u00f6tt\u00f6jousen j\u00e4nnityksen tai kitkan aiheuttamat jumittumiset<\/li>\n<li>Suunniteltu suuren volyymin lataajille<\/li>\n<\/ul>\n<p>Koe johdonmukainen ja tehokas luotien sy\u00f6tt\u00f6 t\u00e4ll\u00e4 ammattitason pudotuskokoonpanolla.<\/p>\n","protected":false},"excerpt":{"rendered":"<p>Parannettu, raskaampi sy\u00f6tt\u00e4j\u00e4 luotettavaan patruunoiden sy\u00f6tt\u00f6\u00f6n. Ter\u00e4sosat kest\u00e4vyyden takaamiseksi.<\/p>\n","protected":false},"featured_media":27373,"template":"","meta":{"_acf_changed":false},"product_brand":[11270],"product_cat":[13221,13175],"product_tag":[],"class_list":{"0":"post-44777","1":"product","2":"type-product","3":"status-publish","4":"has-post-thumbnail","6":"product_brand-doublealpha","7":"product_cat-lataaminen","8":"product_cat-latausvaelineet","10":"first","11":"outofstock","12":"taxable","13":"shipping-taxable","14":"purchasable","15":"product-type-simple"},"acf":[],"_links":{"self":[{"href":"https:\/\/staging.nbg.eu\/fi\/wp-json\/wp\/v2\/product\/44777","targetHints":{"allow":["GET"]}}],"collection":[{"href":"https:\/\/staging.nbg.eu\/fi\/wp-json\/wp\/v2\/product"}],"about":[{"href":"https:\/\/staging.nbg.eu\/fi\/wp-json\/wp\/v2\/types\/product"}],"wp:featuredmedia":[{"embeddable":true,"href":"https:\/\/staging.nbg.eu\/fi\/wp-json\/wp\/v2\/media\/27373"}],"wp:attachment":[{"href":"https:\/\/staging.nbg.eu\/fi\/wp-json\/wp\/v2\/media?parent=44777"}],"wp:term":[{"taxonomy":"product_brand","embeddable":true,"href":"https:\/\/staging.nbg.eu\/fi\/wp-json\/wp\/v2\/product_brand?post=44777"},{"taxonomy":"product_cat","embeddable":true,"href":"https:\/\/staging.nbg.eu\/fi\/wp-json\/wp\/v2\/product_cat?post=44777"},{"taxonomy":"product_tag","embeddable":true,"href":"https:\/\/staging.nbg.eu\/fi\/wp-json\/wp\/v2\/product_tag?post=44777"}],"curies":[{"name":"wp","href":"https:\/\/api.w.org\/{rel}","templated":true}]}}