{"id":44729,"date":"2024-08-18T09:36:04","date_gmt":"2024-08-18T09:36:04","guid":{"rendered":"https:\/\/staging.nbg.eu\/product\/lynx-belt-buckle-roll-pins-50bag\/"},"modified":"2024-09-10T09:19:23","modified_gmt":"2024-09-10T09:19:23","slug":"lynx-vyoensolki-rullatappi-50-pussi","status":"publish","type":"product","link":"https:\/\/staging.nbg.eu\/fi\/tuote\/lynx-vyoensolki-rullatappi-50-pussi\/","title":{"rendered":"Lynx Vy\u00f6nsolki Rullatappi (50 Pussi)"},"content":{"rendered":"<p>\nKorvaavat rullatapit Lynx-vy\u00f6nsolkiin. 50 tapin pakkaus. V\u00e4ltt\u00e4m\u00e4tt\u00f6mi\u00e4 Lynx-vy\u00f6n kokoamiseen ja korjauksiin. Varmistaa Lynx-soljen turvallisen kiinnityksen.<\/p>\n","protected":false},"excerpt":{"rendered":"<p>Lynx-vy\u00f6n solkitapit (50 kpl\/pussi): Ylim\u00e4\u00e4r\u00e4isi\u00e4 tappeja Lynx-v\u00f6illesi.<\/p>\n","protected":false},"featured_media":27442,"template":"","meta":{"_acf_changed":false},"product_brand":[11270],"product_cat":[13195,13192],"product_tag":[],"class_list":{"0":"post-44729","1":"product","2":"type-product","3":"status-publish","4":"has-post-thumbnail","6":"product_brand-doublealpha","7":"product_cat-urheiluvyoet","8":"product_cat-varusteet","10":"first","11":"instock","12":"taxable","13":"shipping-taxable","14":"purchasable","15":"product-type-simple"},"acf":[],"_links":{"self":[{"href":"https:\/\/staging.nbg.eu\/fi\/wp-json\/wp\/v2\/product\/44729","targetHints":{"allow":["GET"]}}],"collection":[{"href":"https:\/\/staging.nbg.eu\/fi\/wp-json\/wp\/v2\/product"}],"about":[{"href":"https:\/\/staging.nbg.eu\/fi\/wp-json\/wp\/v2\/types\/product"}],"wp:featuredmedia":[{"embeddable":true,"href":"https:\/\/staging.nbg.eu\/fi\/wp-json\/wp\/v2\/media\/27442"}],"wp:attachment":[{"href":"https:\/\/staging.nbg.eu\/fi\/wp-json\/wp\/v2\/media?parent=44729"}],"wp:term":[{"taxonomy":"product_brand","embeddable":true,"href":"https:\/\/staging.nbg.eu\/fi\/wp-json\/wp\/v2\/product_brand?post=44729"},{"taxonomy":"product_cat","embeddable":true,"href":"https:\/\/staging.nbg.eu\/fi\/wp-json\/wp\/v2\/product_cat?post=44729"},{"taxonomy":"product_tag","embeddable":true,"href":"https:\/\/staging.nbg.eu\/fi\/wp-json\/wp\/v2\/product_tag?post=44729"}],"curies":[{"name":"wp","href":"https:\/\/api.w.org\/{rel}","templated":true}]}}